{"id":182,"date":"2025-01-15T19:01:25","date_gmt":"2025-01-15T18:01:25","guid":{"rendered":"https:\/\/www.jobinformatique.org\/?page_id=182"},"modified":"2025-02-14T16:49:39","modified_gmt":"2025-02-14T15:49:39","slug":"smartphones","status":"publish","type":"page","link":"https:\/\/www.jobinformatique.org\/?page_id=182","title":{"rendered":"SMARTPHONES"},"content":{"rendered":"\t\t<div data-elementor-type=\"wp-page\" data-elementor-id=\"182\" class=\"elementor elementor-182\">\n\t\t\t\t<div class=\"elementor-element elementor-element-43fd60a9 e-flex e-con-boxed e-con e-parent\" data-id=\"43fd60a9\" data-element_type=\"container\">\n\t\t\t\t\t<div class=\"e-con-inner\">\n\t\t\t\t<div class=\"elementor-element elementor-element-77fdaef3 elementor-widget elementor-widget-text-editor\" data-id=\"77fdaef3\" data-element_type=\"widget\" data-widget_type=\"text-editor.default\">\n\t\t\t\t<div class=\"elementor-widget-container\">\n\t\t\t\t\t\t\t\t\t\n<figure class=\"wp-block-image size-full\"><img fetchpriority=\"high\" decoding=\"async\" width=\"1000\" height=\"288\" src=\"https:\/\/www.jobinformatique.org\/wp-content\/uploads\/2024\/05\/index15.jpg\" alt=\"\" class=\"wp-image-26\" srcset=\"https:\/\/www.jobinformatique.org\/wp-content\/uploads\/2024\/05\/index15.jpg 1000w, https:\/\/www.jobinformatique.org\/wp-content\/uploads\/2024\/05\/index15-300x86.jpg 300w, https:\/\/www.jobinformatique.org\/wp-content\/uploads\/2024\/05\/index15-768x221.jpg 768w, https:\/\/www.jobinformatique.org\/wp-content\/uploads\/2024\/05\/index15-500x144.jpg 500w\" sizes=\"(max-width: 1000px) 100vw, 1000px\" \/><\/figure>\n\t\t\t\t\t\t\t\t<\/div>\n\t\t\t\t<\/div>\n\t\t\t\t\t<\/div>\n\t\t\t\t<\/div>\n\t\t<div class=\"elementor-element elementor-element-f3f5067 e-flex e-con-boxed e-con e-parent\" data-id=\"f3f5067\" data-element_type=\"container\">\n\t\t\t\t\t<div class=\"e-con-inner\">\n\t\t\t\t<div class=\"elementor-element elementor-element-ed47fef elementor-widget elementor-widget-heading\" data-id=\"ed47fef\" data-element_type=\"widget\" data-widget_type=\"heading.default\">\n\t\t\t\t<div class=\"elementor-widget-container\">\n\t\t\t\t\t<h1 class=\"elementor-heading-title elementor-size-default\">D\u00e9pannage et r\u00e9paration de votre smartphone depuis votre domicile<\/h1>\t\t\t\t<\/div>\n\t\t\t\t<\/div>\n\t\t\t\t\t<\/div>\n\t\t\t\t<\/div>\n\t\t<div class=\"elementor-element elementor-element-2f4fa0e e-flex e-con-boxed e-con e-parent\" data-id=\"2f4fa0e\" data-element_type=\"container\">\n\t\t\t\t\t<div class=\"e-con-inner\">\n\t\t\t\t<div class=\"elementor-element elementor-element-c7f2f13 elementor-widget elementor-widget-image\" data-id=\"c7f2f13\" data-element_type=\"widget\" data-widget_type=\"image.default\">\n\t\t\t\t<div class=\"elementor-widget-container\">\n\t\t\t\t\t\t\t\t\t\t\t\t\t\t\t<img decoding=\"async\" width=\"974\" height=\"332\" src=\"https:\/\/www.jobinformatique.org\/wp-content\/uploads\/2025\/01\/Capture-decran-2025-01-15-215631.png\" class=\"attachment-large size-large wp-image-289\" alt=\"\" srcset=\"https:\/\/www.jobinformatique.org\/wp-content\/uploads\/2025\/01\/Capture-decran-2025-01-15-215631.png 974w, https:\/\/www.jobinformatique.org\/wp-content\/uploads\/2025\/01\/Capture-decran-2025-01-15-215631-300x102.png 300w, https:\/\/www.jobinformatique.org\/wp-content\/uploads\/2025\/01\/Capture-decran-2025-01-15-215631-768x262.png 768w\" sizes=\"(max-width: 974px) 100vw, 974px\" \/>\t\t\t\t\t\t\t\t\t\t\t\t\t\t\t<\/div>\n\t\t\t\t<\/div>\n\t\t\t\t\t<\/div>\n\t\t\t\t<\/div>\n\t\t<div class=\"elementor-element elementor-element-2310583 e-flex e-con-boxed e-con e-parent\" data-id=\"2310583\" data-element_type=\"container\">\n\t\t\t\t\t<div class=\"e-con-inner\">\n\t\t\t\t<div class=\"elementor-element elementor-element-8b37958 elementor-widget elementor-widget-text-editor\" data-id=\"8b37958\" data-element_type=\"widget\" data-widget_type=\"text-editor.default\">\n\t\t\t\t<div class=\"elementor-widget-container\">\n\t\t\t\t\t\t\t\t\t<p>En 2021, 84%* de la population de plus de 12 ans poss\u00e8de un smartphone. En effet, il existe de nombreuses marques parmi lesquelles vous avez certainement trouv\u00e9 votre bonheur : IPhone, Samsung, Huawei, Wiko, Sony, LG, HTC, Nokia ou encore Xiaomi. Chacune dispose d\u2019avantages et d\u2019une certaine qualit\u00e9, mais il suffit parfois d\u2019un rien pour y perdre la t\u00eate.\u00a0<\/p>\n<p><em>*D\u2019apr\u00e8s l\u2019\u00e9dition 2021 du \u201d Barom\u00e8tre du num\u00e9rique \u201c.\u00a0<\/em><\/p>\t\t\t\t\t\t\t\t<\/div>\n\t\t\t\t<\/div>\n\t\t\t\t\t<\/div>\n\t\t\t\t<\/div>\n\t\t<div class=\"elementor-element elementor-element-8a0bc43 e-flex e-con-boxed e-con e-parent\" data-id=\"8a0bc43\" data-element_type=\"container\">\n\t\t\t\t\t<div class=\"e-con-inner\">\n\t\t\t\t<div class=\"elementor-element elementor-element-d4c0a87 elementor-widget elementor-widget-spacer\" data-id=\"d4c0a87\" data-element_type=\"widget\" data-widget_type=\"spacer.default\">\n\t\t\t\t<div class=\"elementor-widget-container\">\n\t\t\t\t\t\t\t<div class=\"elementor-spacer\">\n\t\t\t<div class=\"elementor-spacer-inner\"><\/div>\n\t\t<\/div>\n\t\t\t\t\t\t<\/div>\n\t\t\t\t<\/div>\n\t\t\t\t\t<\/div>\n\t\t\t\t<\/div>\n\t\t<div class=\"elementor-element elementor-element-b5dc3b9 e-flex e-con-boxed e-con e-parent\" data-id=\"b5dc3b9\" data-element_type=\"container\">\n\t\t\t\t\t<div class=\"e-con-inner\">\n\t\t\t\t<div class=\"elementor-element elementor-element-423a8eb elementor-widget elementor-widget-heading\" data-id=\"423a8eb\" data-element_type=\"widget\" data-widget_type=\"heading.default\">\n\t\t\t\t<div class=\"elementor-widget-container\">\n\t\t\t\t\t<h2 class=\"elementor-heading-title elementor-size-default\">Quels sont les signes indiquant que votre smartphone a besoin d\u2019\u00eatre r\u00e9par\u00e9 ?  <\/h2>\t\t\t\t<\/div>\n\t\t\t\t<\/div>\n\t\t\t\t\t<\/div>\n\t\t\t\t<\/div>\n\t\t<div class=\"elementor-element elementor-element-171c8bd e-flex e-con-boxed e-con e-parent\" data-id=\"171c8bd\" data-element_type=\"container\">\n\t\t\t\t\t<div class=\"e-con-inner\">\n\t\t\t\t<div class=\"elementor-element elementor-element-345bb71 elementor-widget elementor-widget-text-editor\" data-id=\"345bb71\" data-element_type=\"widget\" data-widget_type=\"text-editor.default\">\n\t\t\t\t<div class=\"elementor-widget-container\">\n\t\t\t\t\t\t\t\t\t<p>Comme la majorit\u00e9 des smartphones, ils sont utilis\u00e9s au quotidien mais il suffit parfois d\u2019une maladresse ou tout simplement d\u2019une fausse manipulation et cela devient un d\u00e9sordre :\u00a0\u00a0<\/p>\n<ul class=\"wp-block-list\">\n<li>Un t\u00e9l\u00e9phone non fonctionnel ;\u00a0<\/li>\n<li>Un \u00e9cran cass\u00e9 ou fissur\u00e9 ;\u00a0<\/li>\n<li>Une batterie HS ;\u00a0\u00a0<\/li>\n<li>Des accessoires d\u00e9fectueux (chargeur, \u00e9couteurs, etc.) ;\u00a0<\/li>\n<li>Etc.\u00a0<\/li>\n<\/ul>\n<p>Peu importe la marque (Apple, Samsung, etc.) ou encore le mod\u00e8le (IPhone Pro Max, IPhone XR, Samsung Galaxy S Pro, etc.), il est important d\u2019avoir un diagnostic complet pour trouver la solution de r\u00e9paration. A ce propos, \u00e0 qui faire appel ?\u00a0\u00a0<\/p>\t\t\t\t\t\t\t\t<\/div>\n\t\t\t\t<\/div>\n\t\t\t\t\t<\/div>\n\t\t\t\t<\/div>\n\t\t<div class=\"elementor-element elementor-element-ceb4eb2 e-flex e-con-boxed e-con e-parent\" data-id=\"ceb4eb2\" data-element_type=\"container\">\n\t\t\t\t\t<div class=\"e-con-inner\">\n\t\t\t\t<div class=\"elementor-element elementor-element-0744c37 elementor-widget elementor-widget-heading\" data-id=\"0744c37\" data-element_type=\"widget\" data-widget_type=\"heading.default\">\n\t\t\t\t<div class=\"elementor-widget-container\">\n\t\t\t\t\t<h2 class=\"elementor-heading-title elementor-size-default\">Comment faire r\u00e9parer votre smartphone ?<\/h2>\t\t\t\t<\/div>\n\t\t\t\t<\/div>\n\t\t\t\t\t<\/div>\n\t\t\t\t<\/div>\n\t\t<div class=\"elementor-element elementor-element-b697082 e-flex e-con-boxed e-con e-parent\" data-id=\"b697082\" data-element_type=\"container\">\n\t\t\t\t\t<div class=\"e-con-inner\">\n\t\t\t\t<div class=\"elementor-element elementor-element-2a12e8d elementor-widget elementor-widget-text-editor\" data-id=\"2a12e8d\" data-element_type=\"widget\" data-widget_type=\"text-editor.default\">\n\t\t\t\t<div class=\"elementor-widget-container\">\n\t\t\t\t\t\t\t\t\t<p>Pour toutes r\u00e9parations de smartphones (r\u00e9paration Samsung, IPhone, etc.), il est important de faire appel \u00e0 un technicien professionnel comp\u00e9tent. En effet, chaque appareil est diff\u00e9rent et l\u2019approche pour le r\u00e9parer ne sera pas exactement la m\u00eame. C\u2019est pourquoi, en tant que client particulier, vous pouvez faire une demande de devis afin que notre technicien puisse vous confirmer qu&rsquo;il pourra intervenir pour r\u00e9parer votre smartphone.<\/p>\t\t\t\t\t\t\t\t<\/div>\n\t\t\t\t<\/div>\n\t\t\t\t\t<\/div>\n\t\t\t\t<\/div>\n\t\t<div class=\"elementor-element elementor-element-fbc6271 e-flex e-con-boxed e-con e-parent\" data-id=\"fbc6271\" data-element_type=\"container\">\n\t\t\t\t\t<div class=\"e-con-inner\">\n\t\t\t\t<div class=\"elementor-element elementor-element-bc19b3e elementor-widget elementor-widget-spacer\" data-id=\"bc19b3e\" data-element_type=\"widget\" data-widget_type=\"spacer.default\">\n\t\t\t\t<div class=\"elementor-widget-container\">\n\t\t\t\t\t\t\t<div class=\"elementor-spacer\">\n\t\t\t<div class=\"elementor-spacer-inner\"><\/div>\n\t\t<\/div>\n\t\t\t\t\t\t<\/div>\n\t\t\t\t<\/div>\n\t\t\t\t\t<\/div>\n\t\t\t\t<\/div>\n\t\t<div class=\"elementor-element elementor-element-2e77968 e-flex e-con-boxed e-con e-parent\" data-id=\"2e77968\" data-element_type=\"container\">\n\t\t\t\t\t<div class=\"e-con-inner\">\n\t\t\t\t<div class=\"elementor-element elementor-element-75ae140 elementor-widget elementor-widget-heading\" data-id=\"75ae140\" data-element_type=\"widget\" data-widget_type=\"heading.default\">\n\t\t\t\t<div class=\"elementor-widget-container\">\n\t\t\t\t\t<h1 class=\"elementor-heading-title elementor-size-default\">JOBINFORMATIQUE r\u00e9pond \u00e0 toutes vos questions informatiques\u202f!  <\/h1>\t\t\t\t<\/div>\n\t\t\t\t<\/div>\n\t\t\t\t\t<\/div>\n\t\t\t\t<\/div>\n\t\t<div class=\"elementor-element elementor-element-cb710ac e-flex e-con-boxed e-con e-parent\" data-id=\"cb710ac\" data-element_type=\"container\">\n\t\t\t\t\t<div class=\"e-con-inner\">\n\t\t\t\t<div class=\"elementor-element elementor-element-6ab986e elementor-widget elementor-widget-heading\" data-id=\"6ab986e\" data-element_type=\"widget\" data-widget_type=\"heading.default\">\n\t\t\t\t<div class=\"elementor-widget-container\">\n\t\t\t\t\t<h2 class=\"elementor-heading-title elementor-size-default\">Mon smartphone a un souci mais je ne suis pas chez moi, puis-je faire appel \u00e0 vous ?  <\/h2>\t\t\t\t<\/div>\n\t\t\t\t<\/div>\n\t\t\t\t\t<\/div>\n\t\t\t\t<\/div>\n\t\t<div class=\"elementor-element elementor-element-3fa2654 e-flex e-con-boxed e-con e-parent\" data-id=\"3fa2654\" data-element_type=\"container\">\n\t\t\t\t\t<div class=\"e-con-inner\">\n\t\t\t\t<div class=\"elementor-element elementor-element-df68360 elementor-widget elementor-widget-text-editor\" data-id=\"df68360\" data-element_type=\"widget\" data-widget_type=\"text-editor.default\">\n\t\t\t\t<div class=\"elementor-widget-container\">\n\t\t\t\t\t\t\t\t\t<p>Apr\u00e8s avoir rempli votre devis en ligne, JOBINFORMATIQUE vous contact. Notre entreprise est adh\u00e9rente de la coop\u00e9rative de Service A la Personne UNIPROS, ce qui vous permet de b\u00e9n\u00e9ficier d\u2019un cr\u00e9dit d\u2019imp\u00f4t de 50%, \u00e0 hauteur de 3 000\u20ac par an et par foyer fiscal.<\/p>\t\t\t\t\t\t\t\t<\/div>\n\t\t\t\t<\/div>\n\t\t\t\t\t<\/div>\n\t\t\t\t<\/div>\n\t\t<div class=\"elementor-element elementor-element-3f28d52 e-flex e-con-boxed e-con e-parent\" data-id=\"3f28d52\" data-element_type=\"container\">\n\t\t\t\t\t<div class=\"e-con-inner\">\n\t\t\t\t<div class=\"elementor-element elementor-element-5ac58fe elementor-widget elementor-widget-heading\" data-id=\"5ac58fe\" data-element_type=\"widget\" data-widget_type=\"heading.default\">\n\t\t\t\t<div class=\"elementor-widget-container\">\n\t\t\t\t\t<h2 class=\"elementor-heading-title elementor-size-default\">Combien de temps faut-il pr\u00e9voir pour r\u00e9parer un smartphone ?  <\/h2>\t\t\t\t<\/div>\n\t\t\t\t<\/div>\n\t\t\t\t\t<\/div>\n\t\t\t\t<\/div>\n\t\t<div class=\"elementor-element elementor-element-9184ce6 e-flex e-con-boxed e-con e-parent\" data-id=\"9184ce6\" data-element_type=\"container\">\n\t\t\t\t\t<div class=\"e-con-inner\">\n\t\t\t\t<div class=\"elementor-element elementor-element-a8a4312 elementor-widget elementor-widget-text-editor\" data-id=\"a8a4312\" data-element_type=\"widget\" data-widget_type=\"text-editor.default\">\n\t\t\t\t<div class=\"elementor-widget-container\">\n\t\t\t\t\t\t\t\t\t<p>La dur\u00e9e pour r\u00e9parer un smartphone d\u00e9pend de la r\u00e9paration qui est n\u00e9cessaire.<\/p>\t\t\t\t\t\t\t\t<\/div>\n\t\t\t\t<\/div>\n\t\t\t\t\t<\/div>\n\t\t\t\t<\/div>\n\t\t<div class=\"elementor-element elementor-element-241b3d3 e-flex e-con-boxed e-con e-parent\" data-id=\"241b3d3\" data-element_type=\"container\">\n\t\t\t\t\t<div class=\"e-con-inner\">\n\t\t\t\t<div class=\"elementor-element elementor-element-e930b61 elementor-widget elementor-widget-heading\" data-id=\"e930b61\" data-element_type=\"widget\" data-widget_type=\"heading.default\">\n\t\t\t\t<div class=\"elementor-widget-container\">\n\t\t\t\t\t<h2 class=\"elementor-heading-title elementor-size-default\">Comment faire une demande de devis gratuite sur Informaticien \u00e0 domicile ?  <\/h2>\t\t\t\t<\/div>\n\t\t\t\t<\/div>\n\t\t\t\t\t<\/div>\n\t\t\t\t<\/div>\n\t\t<div class=\"elementor-element elementor-element-2e508f0 e-flex e-con-boxed e-con e-parent\" data-id=\"2e508f0\" data-element_type=\"container\">\n\t\t\t\t\t<div class=\"e-con-inner\">\n\t\t\t\t<div class=\"elementor-element elementor-element-97a3fd2 elementor-widget elementor-widget-text-editor\" data-id=\"97a3fd2\" data-element_type=\"widget\" data-widget_type=\"text-editor.default\">\n\t\t\t\t<div class=\"elementor-widget-container\">\n\t\t\t\t\t\t\t\t\t<p>Rien de plus simple ! Remplissez le formulaire de demande de devis afin que nous revenions vers vous pour vous donner une estimation tarifaire.<\/p>\t\t\t\t\t\t\t\t<\/div>\n\t\t\t\t<\/div>\n\t\t\t\t\t<\/div>\n\t\t\t\t<\/div>\n\t\t\t\t<\/div>\n\t\t","protected":false},"excerpt":{"rendered":"<p>D\u00e9pannage et r\u00e9paration de votre smartphone depuis votre domicile En 2021, 84%* de la population de plus de 12 ans poss\u00e8de un smartphone. En effet, il existe de nombreuses marques parmi lesquelles vous avez certainement trouv\u00e9 votre bonheur : IPhone, Samsung, Huawei, Wiko, Sony, LG, HTC, Nokia ou encore Xiaomi. Chacune dispose d\u2019avantages et d\u2019une [&hellip;]<\/p>\n","protected":false},"author":1,"featured_media":0,"parent":33,"menu_order":4,"comment_status":"closed","ping_status":"closed","template":"","meta":{"footnotes":""},"class_list":["post-182","page","type-page","status-publish","hentry","entry"],"_links":{"self":[{"href":"https:\/\/www.jobinformatique.org\/index.php?rest_route=\/wp\/v2\/pages\/182","targetHints":{"allow":["GET"]}}],"collection":[{"href":"https:\/\/www.jobinformatique.org\/index.php?rest_route=\/wp\/v2\/pages"}],"about":[{"href":"https:\/\/www.jobinformatique.org\/index.php?rest_route=\/wp\/v2\/types\/page"}],"author":[{"embeddable":true,"href":"https:\/\/www.jobinformatique.org\/index.php?rest_route=\/wp\/v2\/users\/1"}],"replies":[{"embeddable":true,"href":"https:\/\/www.jobinformatique.org\/index.php?rest_route=%2Fwp%2Fv2%2Fcomments&post=182"}],"version-history":[{"count":17,"href":"https:\/\/www.jobinformatique.org\/index.php?rest_route=\/wp\/v2\/pages\/182\/revisions"}],"predecessor-version":[{"id":591,"href":"https:\/\/www.jobinformatique.org\/index.php?rest_route=\/wp\/v2\/pages\/182\/revisions\/591"}],"up":[{"embeddable":true,"href":"https:\/\/www.jobinformatique.org\/index.php?rest_route=\/wp\/v2\/pages\/33"}],"wp:attachment":[{"href":"https:\/\/www.jobinformatique.org\/index.php?rest_route=%2Fwp%2Fv2%2Fmedia&parent=182"}],"curies":[{"name":"wp","href":"https:\/\/api.w.org\/{rel}","templated":true}]}}