{"id":219,"date":"2025-01-15T20:07:54","date_gmt":"2025-01-15T19:07:54","guid":{"rendered":"https:\/\/www.jobinformatique.org\/?page_id=219"},"modified":"2025-01-15T23:41:02","modified_gmt":"2025-01-15T22:41:02","slug":"depannage-imprimante","status":"publish","type":"page","link":"https:\/\/www.jobinformatique.org\/?page_id=219","title":{"rendered":"IMPRIMANTE"},"content":{"rendered":"\t\t<div data-elementor-type=\"wp-page\" data-elementor-id=\"219\" class=\"elementor elementor-219\">\n\t\t\t\t<div class=\"elementor-element elementor-element-6cadaa0 e-flex e-con-boxed e-con e-parent\" data-id=\"6cadaa0\" data-element_type=\"container\">\n\t\t\t\t\t<div class=\"e-con-inner\">\n\t\t\t\t<div class=\"elementor-element elementor-element-26fc343 elementor-widget elementor-widget-image\" data-id=\"26fc343\" data-element_type=\"widget\" data-widget_type=\"image.default\">\n\t\t\t\t<div class=\"elementor-widget-container\">\n\t\t\t\t\t\t\t\t\t\t\t\t\t\t\t<img fetchpriority=\"high\" decoding=\"async\" width=\"1000\" height=\"288\" src=\"https:\/\/www.jobinformatique.org\/wp-content\/uploads\/2024\/05\/index10.jpg\" class=\"attachment-large size-large wp-image-21\" alt=\"\" srcset=\"https:\/\/www.jobinformatique.org\/wp-content\/uploads\/2024\/05\/index10.jpg 1000w, https:\/\/www.jobinformatique.org\/wp-content\/uploads\/2024\/05\/index10-300x86.jpg 300w, https:\/\/www.jobinformatique.org\/wp-content\/uploads\/2024\/05\/index10-768x221.jpg 768w, https:\/\/www.jobinformatique.org\/wp-content\/uploads\/2024\/05\/index10-500x144.jpg 500w\" sizes=\"(max-width: 1000px) 100vw, 1000px\" \/>\t\t\t\t\t\t\t\t\t\t\t\t\t\t\t<\/div>\n\t\t\t\t<\/div>\n\t\t\t\t<div class=\"elementor-element elementor-element-eb9ebc9 elementor-widget elementor-widget-spacer\" data-id=\"eb9ebc9\" data-element_type=\"widget\" data-widget_type=\"spacer.default\">\n\t\t\t\t<div class=\"elementor-widget-container\">\n\t\t\t\t\t\t\t<div class=\"elementor-spacer\">\n\t\t\t<div class=\"elementor-spacer-inner\"><\/div>\n\t\t<\/div>\n\t\t\t\t\t\t<\/div>\n\t\t\t\t<\/div>\n\t\t\t\t<div class=\"elementor-element elementor-element-b8be02c elementor-widget elementor-widget-heading\" data-id=\"b8be02c\" data-element_type=\"widget\" data-widget_type=\"heading.default\">\n\t\t\t\t<div class=\"elementor-widget-container\">\n\t\t\t\t\t<h1 class=\"elementor-heading-title elementor-size-default\">D\u00e9panner ou r\u00e9parer mon imprimante \u00e0 domicile gr\u00e2ce \u00e0 un professionnel<\/h1>\t\t\t\t<\/div>\n\t\t\t\t<\/div>\n\t\t\t\t\t<\/div>\n\t\t\t\t<\/div>\n\t\t<div class=\"elementor-element elementor-element-4ce9286 e-flex e-con-boxed e-con e-parent\" data-id=\"4ce9286\" data-element_type=\"container\">\n\t\t\t\t\t<div class=\"e-con-inner\">\n\t\t\t\t<div class=\"elementor-element elementor-element-b3ed484 elementor-widget elementor-widget-image\" data-id=\"b3ed484\" data-element_type=\"widget\" data-widget_type=\"image.default\">\n\t\t\t\t<div class=\"elementor-widget-container\">\n\t\t\t\t\t\t\t\t\t\t\t\t\t\t\t<img decoding=\"async\" width=\"976\" height=\"320\" src=\"https:\/\/www.jobinformatique.org\/wp-content\/uploads\/2025\/01\/Capture-decran-2025-01-15-201335.png\" class=\"attachment-large size-large wp-image-224\" alt=\"\" srcset=\"https:\/\/www.jobinformatique.org\/wp-content\/uploads\/2025\/01\/Capture-decran-2025-01-15-201335.png 976w, https:\/\/www.jobinformatique.org\/wp-content\/uploads\/2025\/01\/Capture-decran-2025-01-15-201335-300x98.png 300w, https:\/\/www.jobinformatique.org\/wp-content\/uploads\/2025\/01\/Capture-decran-2025-01-15-201335-768x252.png 768w\" sizes=\"(max-width: 976px) 100vw, 976px\" \/>\t\t\t\t\t\t\t\t\t\t\t\t\t\t\t<\/div>\n\t\t\t\t<\/div>\n\t\t\t\t\t<\/div>\n\t\t\t\t<\/div>\n\t\t<div class=\"elementor-element elementor-element-2b3a46f e-flex e-con-boxed e-con e-parent\" data-id=\"2b3a46f\" data-element_type=\"container\">\n\t\t\t\t\t<div class=\"e-con-inner\">\n\t\t\t\t<div class=\"elementor-element elementor-element-d0ae33c elementor-widget elementor-widget-text-editor\" data-id=\"d0ae33c\" data-element_type=\"widget\" data-widget_type=\"text-editor.default\">\n\t\t\t\t<div class=\"elementor-widget-container\">\n\t\t\t\t\t\t\t\t\t<p>Disposer d\u2019une imprimante \u00e0 domicile fait partie d\u2019un luxe ! C\u2019est pratique et accessible \u00e0 tous mais cela peut vite devenir un casse-t\u00eate d\u00e8s qu\u2019il y a le moindre souci de connexion, de panne ou encore de cartouches. En effet, il existe de nombreuses marques d\u2019imprimantes dont l\u2019utilisation diff\u00e8re de l\u2019une \u00e0 l\u2019autre : panneau de configuration de l\u2019imprimante, connexion de l\u2019imprimante, etc. Ainsi, il est parfois pratique de connaitre certaines astuces ou tout simplement faire appel \u00e0 un professionnel de l\u2019informatique pour trouver la solution !<\/p>\t\t\t\t\t\t\t\t<\/div>\n\t\t\t\t<\/div>\n\t\t\t\t\t<\/div>\n\t\t\t\t<\/div>\n\t\t<div class=\"elementor-element elementor-element-cfa6005 e-flex e-con-boxed e-con e-parent\" data-id=\"cfa6005\" data-element_type=\"container\">\n\t\t\t\t\t<div class=\"e-con-inner\">\n\t\t\t\t<div class=\"elementor-element elementor-element-98bd7aa elementor-widget elementor-widget-heading\" data-id=\"98bd7aa\" data-element_type=\"widget\" data-widget_type=\"heading.default\">\n\t\t\t\t<div class=\"elementor-widget-container\">\n\t\t\t\t\t<h2 class=\"elementor-heading-title elementor-size-default\">Comment \u00eatre s\u00fbr(e) que mon imprimante a un probl\u00e8me ?  <\/h2>\t\t\t\t<\/div>\n\t\t\t\t<\/div>\n\t\t\t\t\t<\/div>\n\t\t\t\t<\/div>\n\t\t<div class=\"elementor-element elementor-element-1c51427 e-flex e-con-boxed e-con e-parent\" data-id=\"1c51427\" data-element_type=\"container\">\n\t\t\t\t\t<div class=\"e-con-inner\">\n\t\t\t\t<div class=\"elementor-element elementor-element-f5a542f elementor-widget elementor-widget-text-editor\" data-id=\"f5a542f\" data-element_type=\"widget\" data-widget_type=\"text-editor.default\">\n\t\t\t\t<div class=\"elementor-widget-container\">\n\t\t\t\t\t\t\t\t\t<p>Vous le saurez bien vite ! En effet, lorsque vous lancerez une impression, celle-ci n\u2019aboutira pas pour plusieurs raisons :\u00a0\u00a0<\/p><ul class=\"wp-block-list\"><li>Plus d\u2019encre dans les cartouches ;\u00a0<\/li><li>D\u00e9connexion de l\u2019imprimante (c\u00e2ble ou Wifi) ;\u00a0<\/li><li>L\u2019imprimante par d\u00e9faut est une autre que la v\u00f4tre ;\u00a0\u00a0<\/li><li>Bourrage de papier ;\u00a0<\/li><li>Manque de papier dans le bac d\u00e9di\u00e9 ;\u00a0<\/li><li>Etc&#8230;<\/li><\/ul><p>D\u2019une imprimante \u00e0 l\u2019autre, la technique peut changer et n\u00e9cessitera ou non l\u2019intervention d\u2019un professionnel r\u00e9parateur.\u00a0\u00a0<\/p>\t\t\t\t\t\t\t\t<\/div>\n\t\t\t\t<\/div>\n\t\t\t\t\t<\/div>\n\t\t\t\t<\/div>\n\t\t<div class=\"elementor-element elementor-element-8581eb5 e-flex e-con-boxed e-con e-parent\" data-id=\"8581eb5\" data-element_type=\"container\">\n\t\t\t\t\t<div class=\"e-con-inner\">\n\t\t\t\t<div class=\"elementor-element elementor-element-1da2ce2 elementor-widget elementor-widget-heading\" data-id=\"1da2ce2\" data-element_type=\"widget\" data-widget_type=\"heading.default\">\n\t\t\t\t<div class=\"elementor-widget-container\">\n\t\t\t\t\t<h2 class=\"elementor-heading-title elementor-size-default\">Comment d\u00e9panner ou r\u00e9parer rapidement mon imprimante ?<\/h2>\t\t\t\t<\/div>\n\t\t\t\t<\/div>\n\t\t\t\t\t<\/div>\n\t\t\t\t<\/div>\n\t\t<div class=\"elementor-element elementor-element-2c19a48 e-flex e-con-boxed e-con e-parent\" data-id=\"2c19a48\" data-element_type=\"container\">\n\t\t\t\t\t<div class=\"e-con-inner\">\n\t\t\t\t<div class=\"elementor-element elementor-element-5d52f09 elementor-widget elementor-widget-text-editor\" data-id=\"5d52f09\" data-element_type=\"widget\" data-widget_type=\"text-editor.default\">\n\t\t\t\t<div class=\"elementor-widget-container\">\n\t\t\t\t\t\t\t\t\t<p>C\u2019est tr\u00e8s simple ! Faites une demande de devis gratuite pour la r\u00e9paration de votre imprimante. De plus, la r\u00e9paration et le d\u00e9pannage d\u2019imprimante \u00e0 domicile \u00e9tant une prestation de services \u00e0 la personne, elle vous permet de b\u00e9n\u00e9ficier d\u2019un cr\u00e9dit d\u2019imp\u00f4t de 50%*, dans la limite de 3 000\u20ac par an et par foyer fiscal. En tant que particulier, vous pouvez b\u00e9n\u00e9ficier de cet abattement fiscal car l&rsquo;entreprise JOBINFORMATIQUE est adh\u00e9rente de la coop\u00e9rative de SAP UNIPROS. Ainsi, choisir un Informaticien professionnel, c\u2019est faire le choix de la qualit\u00e9 de travail, avoir un contact \u00e0 proximit\u00e9 et surtout b\u00e9n\u00e9ficier d\u2019un avantage fiscal.\u00a0<\/p><p>N\u2019h\u00e9sitez plus et faites une demande de devis gratuite afin de r\u00e9parer votre imprimante en rien de temps !\u00a0<\/p><p><em>*Selon l\u2019article 199 sexdecies du code g\u00e9n\u00e9ral des imp\u00f4ts, gr\u00e2ce \u00e0 ces prestations.\u00a0<\/em><\/p>\t\t\t\t\t\t\t\t<\/div>\n\t\t\t\t<\/div>\n\t\t\t\t\t<\/div>\n\t\t\t\t<\/div>\n\t\t\t\t<\/div>\n\t\t","protected":false},"excerpt":{"rendered":"<p>D\u00e9panner ou r\u00e9parer mon imprimante \u00e0 domicile gr\u00e2ce \u00e0 un professionnel Disposer d\u2019une imprimante \u00e0 domicile fait partie d\u2019un luxe ! C\u2019est pratique et accessible \u00e0 tous mais cela peut vite devenir un casse-t\u00eate d\u00e8s qu\u2019il y a le moindre souci de connexion, de panne ou encore de cartouches. En effet, il existe de nombreuses [&hellip;]<\/p>\n","protected":false},"author":1,"featured_media":0,"parent":33,"menu_order":0,"comment_status":"closed","ping_status":"closed","template":"","meta":{"footnotes":""},"class_list":["post-219","page","type-page","status-publish","hentry","entry"],"_links":{"self":[{"href":"https:\/\/www.jobinformatique.org\/index.php?rest_route=\/wp\/v2\/pages\/219","targetHints":{"allow":["GET"]}}],"collection":[{"href":"https:\/\/www.jobinformatique.org\/index.php?rest_route=\/wp\/v2\/pages"}],"about":[{"href":"https:\/\/www.jobinformatique.org\/index.php?rest_route=\/wp\/v2\/types\/page"}],"author":[{"embeddable":true,"href":"https:\/\/www.jobinformatique.org\/index.php?rest_route=\/wp\/v2\/users\/1"}],"replies":[{"embeddable":true,"href":"https:\/\/www.jobinformatique.org\/index.php?rest_route=%2Fwp%2Fv2%2Fcomments&post=219"}],"version-history":[{"count":22,"href":"https:\/\/www.jobinformatique.org\/index.php?rest_route=\/wp\/v2\/pages\/219\/revisions"}],"predecessor-version":[{"id":357,"href":"https:\/\/www.jobinformatique.org\/index.php?rest_route=\/wp\/v2\/pages\/219\/revisions\/357"}],"up":[{"embeddable":true,"href":"https:\/\/www.jobinformatique.org\/index.php?rest_route=\/wp\/v2\/pages\/33"}],"wp:attachment":[{"href":"https:\/\/www.jobinformatique.org\/index.php?rest_route=%2Fwp%2Fv2%2Fmedia&parent=219"}],"curies":[{"name":"wp","href":"https:\/\/api.w.org\/{rel}","templated":true}]}}