{"id":293,"date":"2025-01-15T22:11:12","date_gmt":"2025-01-15T21:11:12","guid":{"rendered":"https:\/\/www.jobinformatique.org\/?page_id=293"},"modified":"2025-01-15T23:00:38","modified_gmt":"2025-01-15T22:00:38","slug":"tablettes","status":"publish","type":"page","link":"https:\/\/www.jobinformatique.org\/?page_id=293","title":{"rendered":"TABLETTES"},"content":{"rendered":"\t\t<div data-elementor-type=\"wp-page\" data-elementor-id=\"293\" class=\"elementor elementor-293\">\n\t\t\t\t<div class=\"elementor-element elementor-element-f809445 e-flex e-con-boxed e-con e-parent\" data-id=\"f809445\" data-element_type=\"container\">\n\t\t\t\t\t<div class=\"e-con-inner\">\n\t\t\t\t<div class=\"elementor-element elementor-element-25ac301 elementor-widget elementor-widget-image\" data-id=\"25ac301\" data-element_type=\"widget\" data-widget_type=\"image.default\">\n\t\t\t\t<div class=\"elementor-widget-container\">\n\t\t\t\t\t\t\t\t\t\t\t\t\t\t\t<img fetchpriority=\"high\" decoding=\"async\" width=\"1000\" height=\"288\" src=\"https:\/\/www.jobinformatique.org\/wp-content\/uploads\/2024\/05\/index13.jpg\" class=\"attachment-large size-large wp-image-24\" alt=\"\" srcset=\"https:\/\/www.jobinformatique.org\/wp-content\/uploads\/2024\/05\/index13.jpg 1000w, https:\/\/www.jobinformatique.org\/wp-content\/uploads\/2024\/05\/index13-300x86.jpg 300w, https:\/\/www.jobinformatique.org\/wp-content\/uploads\/2024\/05\/index13-768x221.jpg 768w, https:\/\/www.jobinformatique.org\/wp-content\/uploads\/2024\/05\/index13-500x144.jpg 500w\" sizes=\"(max-width: 1000px) 100vw, 1000px\" \/>\t\t\t\t\t\t\t\t\t\t\t\t\t\t\t<\/div>\n\t\t\t\t<\/div>\n\t\t\t\t<div class=\"elementor-element elementor-element-ba09492 elementor-widget elementor-widget-spacer\" data-id=\"ba09492\" data-element_type=\"widget\" data-widget_type=\"spacer.default\">\n\t\t\t\t<div class=\"elementor-widget-container\">\n\t\t\t\t\t\t\t<div class=\"elementor-spacer\">\n\t\t\t<div class=\"elementor-spacer-inner\"><\/div>\n\t\t<\/div>\n\t\t\t\t\t\t<\/div>\n\t\t\t\t<\/div>\n\t\t\t\t<div class=\"elementor-element elementor-element-56ad489 elementor-widget elementor-widget-heading\" data-id=\"56ad489\" data-element_type=\"widget\" data-widget_type=\"heading.default\">\n\t\t\t\t<div class=\"elementor-widget-container\">\n\t\t\t\t\t<h1 class=\"elementor-heading-title elementor-size-default\">Comment faire r\u00e9parer ou d\u00e9panner ma tablette \u00e0 domicile ? <\/h1>\t\t\t\t<\/div>\n\t\t\t\t<\/div>\n\t\t\t\t\t<\/div>\n\t\t\t\t<\/div>\n\t\t<div class=\"elementor-element elementor-element-d072728 e-flex e-con-boxed e-con e-parent\" data-id=\"d072728\" data-element_type=\"container\">\n\t\t\t\t\t<div class=\"e-con-inner\">\n\t\t\t\t<div class=\"elementor-element elementor-element-c85e5b3 elementor-widget elementor-widget-image\" data-id=\"c85e5b3\" data-element_type=\"widget\" data-widget_type=\"image.default\">\n\t\t\t\t<div class=\"elementor-widget-container\">\n\t\t\t\t\t\t\t\t\t\t\t\t\t\t\t<img decoding=\"async\" width=\"981\" height=\"309\" src=\"https:\/\/www.jobinformatique.org\/wp-content\/uploads\/2025\/01\/Capture-decran-2025-01-15-221252.png\" class=\"attachment-large size-large wp-image-298\" alt=\"\" srcset=\"https:\/\/www.jobinformatique.org\/wp-content\/uploads\/2025\/01\/Capture-decran-2025-01-15-221252.png 981w, https:\/\/www.jobinformatique.org\/wp-content\/uploads\/2025\/01\/Capture-decran-2025-01-15-221252-300x94.png 300w, https:\/\/www.jobinformatique.org\/wp-content\/uploads\/2025\/01\/Capture-decran-2025-01-15-221252-768x242.png 768w\" sizes=\"(max-width: 981px) 100vw, 981px\" \/>\t\t\t\t\t\t\t\t\t\t\t\t\t\t\t<\/div>\n\t\t\t\t<\/div>\n\t\t\t\t\t<\/div>\n\t\t\t\t<\/div>\n\t\t<div class=\"elementor-element elementor-element-ad3af38 e-flex e-con-boxed e-con e-parent\" data-id=\"ad3af38\" data-element_type=\"container\">\n\t\t\t\t\t<div class=\"e-con-inner\">\n\t\t\t\t<div class=\"elementor-element elementor-element-9b817ab elementor-widget elementor-widget-text-editor\" data-id=\"9b817ab\" data-element_type=\"widget\" data-widget_type=\"text-editor.default\">\n\t\t\t\t<div class=\"elementor-widget-container\">\n\t\t\t\t\t\t\t\t\t<p>En France en 2021, 48,9% des Fran\u00e7ais disposaient d\u2019une tablette \u00e0 \u00e9cran tactile. Un nombre qui n\u2019a pas cess\u00e9 d\u2019augmenter et qui se ressent au quotidien car les biens num\u00e9riques ont une place de plus en plus importante. Que ce soit pour votre propre utilisation, celle des plus \u00e2g\u00e9s ou encore celle des plus jeunes, il suffit parfois d\u2019une mauvaise manipulation ou d\u2019une maladresse pour arriver au drame.<\/p><p>Dans ce cas-l\u00e0, d\u00e9couvrez ce qu\u2019il faut faire !<\/p>\t\t\t\t\t\t\t\t<\/div>\n\t\t\t\t<\/div>\n\t\t\t\t\t<\/div>\n\t\t\t\t<\/div>\n\t\t<div class=\"elementor-element elementor-element-e513823 e-flex e-con-boxed e-con e-parent\" data-id=\"e513823\" data-element_type=\"container\">\n\t\t\t\t\t<div class=\"e-con-inner\">\n\t\t\t\t<div class=\"elementor-element elementor-element-edba578 elementor-widget elementor-widget-spacer\" data-id=\"edba578\" data-element_type=\"widget\" data-widget_type=\"spacer.default\">\n\t\t\t\t<div class=\"elementor-widget-container\">\n\t\t\t\t\t\t\t<div class=\"elementor-spacer\">\n\t\t\t<div class=\"elementor-spacer-inner\"><\/div>\n\t\t<\/div>\n\t\t\t\t\t\t<\/div>\n\t\t\t\t<\/div>\n\t\t\t\t\t<\/div>\n\t\t\t\t<\/div>\n\t\t<div class=\"elementor-element elementor-element-e8fce95 e-flex e-con-boxed e-con e-parent\" data-id=\"e8fce95\" data-element_type=\"container\">\n\t\t\t\t\t<div class=\"e-con-inner\">\n\t\t\t\t<div class=\"elementor-element elementor-element-093f8b1 elementor-widget elementor-widget-heading\" data-id=\"093f8b1\" data-element_type=\"widget\" data-widget_type=\"heading.default\">\n\t\t\t\t<div class=\"elementor-widget-container\">\n\t\t\t\t\t<h2 class=\"elementor-heading-title elementor-size-default\">Quelles peuvent \u00eatre les raisons d\u2019un dysfonctionnement d\u2019une tablette ?  <\/h2>\t\t\t\t<\/div>\n\t\t\t\t<\/div>\n\t\t\t\t\t<\/div>\n\t\t\t\t<\/div>\n\t\t<div class=\"elementor-element elementor-element-d2f32a4 e-flex e-con-boxed e-con e-parent\" data-id=\"d2f32a4\" data-element_type=\"container\">\n\t\t\t\t\t<div class=\"e-con-inner\">\n\t\t\t\t<div class=\"elementor-element elementor-element-d876db0 elementor-widget elementor-widget-text-editor\" data-id=\"d876db0\" data-element_type=\"widget\" data-widget_type=\"text-editor.default\">\n\t\t\t\t<div class=\"elementor-widget-container\">\n\t\t\t\t\t\t\t\t\t<p>Les biens num\u00e9riques, tels que les tablettes (Apple, Samsung, Sony ou Asus), smartphones et t\u00e9l\u00e9phone mobile ou ordinateur portable n\u00e9cessitent une attention particuli\u00e8re car ce sont des produits fragiles. En effet, votre IPad Air ou votre Galaxy Tab ont besoin de r\u00e9parations pour les raisons suivantes :\u00a0\u00a0<\/p><ul class=\"wp-block-list\"><li>Vitre cass\u00e9e ;\u00a0<\/li><li>Ecran tactile non fonctionnel ;\u00a0<\/li><li>Batterie usag\u00e9e ;\u00a0<\/li><li>Tomb\u00e9 \u00e0 l\u2019eau ;\u00a0<\/li><li>Pas de connexion internet ;\u00a0<\/li><li>Etc.\u00a0<\/li><\/ul><p>Quelle que soit la raison de r\u00e9paration (r\u00e9paration IPad, Galaxy Tab, etc.) si vous souhaitez faire r\u00e9parer votre tablette, il faut parfois agir et surtout trouver le professionnel qui aura toutes les clefs en main pour r\u00e9parer votre appareil.\u00a0<\/p>\t\t\t\t\t\t\t\t<\/div>\n\t\t\t\t<\/div>\n\t\t\t\t\t<\/div>\n\t\t\t\t<\/div>\n\t\t<div class=\"elementor-element elementor-element-a73d00e e-flex e-con-boxed e-con e-parent\" data-id=\"a73d00e\" data-element_type=\"container\">\n\t\t\t\t\t<div class=\"e-con-inner\">\n\t\t\t\t<div class=\"elementor-element elementor-element-4b43b94 elementor-widget elementor-widget-heading\" data-id=\"4b43b94\" data-element_type=\"widget\" data-widget_type=\"heading.default\">\n\t\t\t\t<div class=\"elementor-widget-container\">\n\t\t\t\t\t<h2 class=\"elementor-heading-title elementor-size-default\">R\u00e9paration &amp; d\u00e9pannage de tablettes et les services \u00e0 la personne  <\/h2>\t\t\t\t<\/div>\n\t\t\t\t<\/div>\n\t\t\t\t\t<\/div>\n\t\t\t\t<\/div>\n\t\t<div class=\"elementor-element elementor-element-101755d e-flex e-con-boxed e-con e-parent\" data-id=\"101755d\" data-element_type=\"container\">\n\t\t\t\t\t<div class=\"e-con-inner\">\n\t\t\t\t<div class=\"elementor-element elementor-element-e73e097 elementor-widget elementor-widget-text-editor\" data-id=\"e73e097\" data-element_type=\"widget\" data-widget_type=\"text-editor.default\">\n\t\t\t\t<div class=\"elementor-widget-container\">\n\t\t\t\t\t\t\t\t\t<p>Pour la r\u00e9paration ou le d\u00e9pannage de tablette, vous pouvez b\u00e9n\u00e9ficier d\u2019un cr\u00e9dit d\u2019imp\u00f4t de 50%, \u00e0 hauteur de 3 000\u20ac par an et par foyer fiscal. En effet, cette prestation entre dans le cadre des services \u00e0 la personne.<\/p>\t\t\t\t\t\t\t\t<\/div>\n\t\t\t\t<\/div>\n\t\t\t\t\t<\/div>\n\t\t\t\t<\/div>\n\t\t<div class=\"elementor-element elementor-element-f751d5f e-flex e-con-boxed e-con e-parent\" data-id=\"f751d5f\" data-element_type=\"container\">\n\t\t\t\t\t<div class=\"e-con-inner\">\n\t\t\t\t<div class=\"elementor-element elementor-element-477eaa3 elementor-widget elementor-widget-spacer\" data-id=\"477eaa3\" data-element_type=\"widget\" data-widget_type=\"spacer.default\">\n\t\t\t\t<div class=\"elementor-widget-container\">\n\t\t\t\t\t\t\t<div class=\"elementor-spacer\">\n\t\t\t<div class=\"elementor-spacer-inner\"><\/div>\n\t\t<\/div>\n\t\t\t\t\t\t<\/div>\n\t\t\t\t<\/div>\n\t\t\t\t\t<\/div>\n\t\t\t\t<\/div>\n\t\t<div class=\"elementor-element elementor-element-540b26a e-flex e-con-boxed e-con e-parent\" data-id=\"540b26a\" data-element_type=\"container\">\n\t\t\t\t\t<div class=\"e-con-inner\">\n\t\t\t\t<div class=\"elementor-element elementor-element-66a9987 elementor-widget elementor-widget-heading\" data-id=\"66a9987\" data-element_type=\"widget\" data-widget_type=\"heading.default\">\n\t\t\t\t<div class=\"elementor-widget-container\">\n\t\t\t\t\t<h1 class=\"elementor-heading-title elementor-size-default\">JOBINFORMATIQUE vous dit tout\u202f!  <\/h1>\t\t\t\t<\/div>\n\t\t\t\t<\/div>\n\t\t\t\t\t<\/div>\n\t\t\t\t<\/div>\n\t\t<div class=\"elementor-element elementor-element-6eaae65 e-flex e-con-boxed e-con e-parent\" data-id=\"6eaae65\" data-element_type=\"container\">\n\t\t\t\t\t<div class=\"e-con-inner\">\n\t\t\t\t<div class=\"elementor-element elementor-element-c7d7e18 elementor-widget elementor-widget-heading\" data-id=\"c7d7e18\" data-element_type=\"widget\" data-widget_type=\"heading.default\">\n\t\t\t\t<div class=\"elementor-widget-container\">\n\t\t\t\t\t<h2 class=\"elementor-heading-title elementor-size-default\">Puis-je faire appel \u00e0 un professionnel pour r\u00e9parer une tablette si je me trouve dans ma r\u00e9sidence secondaire ?  <\/h2>\t\t\t\t<\/div>\n\t\t\t\t<\/div>\n\t\t\t\t\t<\/div>\n\t\t\t\t<\/div>\n\t\t<div class=\"elementor-element elementor-element-7c723c4 e-flex e-con-boxed e-con e-parent\" data-id=\"7c723c4\" data-element_type=\"container\">\n\t\t\t\t\t<div class=\"e-con-inner\">\n\t\t\t\t<div class=\"elementor-element elementor-element-eba80f9 elementor-widget elementor-widget-text-editor\" data-id=\"eba80f9\" data-element_type=\"widget\" data-widget_type=\"text-editor.default\">\n\t\t\t\t<div class=\"elementor-widget-container\">\n\t\t\t\t\t\t\t\t\t<p>Bien s\u00fbr ! Pour b\u00e9n\u00e9ficier du cr\u00e9dit d\u2019imp\u00f4t sur la r\u00e9paration ou le d\u00e9pannage de tablette, il faut que la prestation soit factur\u00e9e au domicile de votre r\u00e9sidence principale ou secondaire.<\/p>\t\t\t\t\t\t\t\t<\/div>\n\t\t\t\t<\/div>\n\t\t\t\t\t<\/div>\n\t\t\t\t<\/div>\n\t\t<div class=\"elementor-element elementor-element-87c81f0 e-flex e-con-boxed e-con e-parent\" data-id=\"87c81f0\" data-element_type=\"container\">\n\t\t\t\t\t<div class=\"e-con-inner\">\n\t\t\t\t<div class=\"elementor-element elementor-element-dd7a123 elementor-widget elementor-widget-heading\" data-id=\"dd7a123\" data-element_type=\"widget\" data-widget_type=\"heading.default\">\n\t\t\t\t<div class=\"elementor-widget-container\">\n\t\t\t\t\t<h2 class=\"elementor-heading-title elementor-size-default\">Quels sont les prix pratiqu\u00e9s pour une r\u00e9paration ou un d\u00e9pannage de tablette ?  <\/h2>\t\t\t\t<\/div>\n\t\t\t\t<\/div>\n\t\t\t\t\t<\/div>\n\t\t\t\t<\/div>\n\t\t<div class=\"elementor-element elementor-element-d122147 e-flex e-con-boxed e-con e-parent\" data-id=\"d122147\" data-element_type=\"container\">\n\t\t\t\t\t<div class=\"e-con-inner\">\n\t\t\t\t<div class=\"elementor-element elementor-element-920505e elementor-widget elementor-widget-text-editor\" data-id=\"920505e\" data-element_type=\"widget\" data-widget_type=\"text-editor.default\">\n\t\t\t\t<div class=\"elementor-widget-container\">\n\t\t\t\t\t\t\t\t\t<p>Les prix pratiqu\u00e9s pour ces prestations sont fix\u00e9s par les professionnels eux-m\u00eames. Ainsi, ils peuvent \u00e9galement vari\u00e9s d\u2019une personne \u00e0 l\u2019autre, d\u2019une r\u00e9gion \u00e0 l\u2019autre, etc&#8230;<\/p>\t\t\t\t\t\t\t\t<\/div>\n\t\t\t\t<\/div>\n\t\t\t\t\t<\/div>\n\t\t\t\t<\/div>\n\t\t<div class=\"elementor-element elementor-element-ff7966f e-flex e-con-boxed e-con e-parent\" data-id=\"ff7966f\" data-element_type=\"container\">\n\t\t\t\t\t<div class=\"e-con-inner\">\n\t\t\t\t<div class=\"elementor-element elementor-element-74f3543 elementor-widget elementor-widget-heading\" data-id=\"74f3543\" data-element_type=\"widget\" data-widget_type=\"heading.default\">\n\t\t\t\t<div class=\"elementor-widget-container\">\n\t\t\t\t\t<h2 class=\"elementor-heading-title elementor-size-default\">Comment faire une demande de devis gratuite ?  <\/h2>\t\t\t\t<\/div>\n\t\t\t\t<\/div>\n\t\t\t\t\t<\/div>\n\t\t\t\t<\/div>\n\t\t<div class=\"elementor-element elementor-element-fc5e065 e-flex e-con-boxed e-con e-parent\" data-id=\"fc5e065\" data-element_type=\"container\">\n\t\t\t\t\t<div class=\"e-con-inner\">\n\t\t\t\t<div class=\"elementor-element elementor-element-a421b5f elementor-widget elementor-widget-text-editor\" data-id=\"a421b5f\" data-element_type=\"widget\" data-widget_type=\"text-editor.default\">\n\t\t\t\t<div class=\"elementor-widget-container\">\n\t\t\t\t\t\t\t\t\t<p>Remplissez simplement le formulaire de demande de devis afin que nous vous contactions et nous vous transmettrons une estimation tarifaire pour votre besoin.<\/p>\t\t\t\t\t\t\t\t<\/div>\n\t\t\t\t<\/div>\n\t\t\t\t\t<\/div>\n\t\t\t\t<\/div>\n\t\t\t\t<\/div>\n\t\t","protected":false},"excerpt":{"rendered":"<p>Comment faire r\u00e9parer ou d\u00e9panner ma tablette \u00e0 domicile ? En France en 2021, 48,9% des Fran\u00e7ais disposaient d\u2019une tablette \u00e0 \u00e9cran tactile. Un nombre qui n\u2019a pas cess\u00e9 d\u2019augmenter et qui se ressent au quotidien car les biens num\u00e9riques ont une place de plus en plus importante. Que ce soit pour votre propre utilisation, [&hellip;]<\/p>\n","protected":false},"author":1,"featured_media":0,"parent":33,"menu_order":5,"comment_status":"closed","ping_status":"closed","template":"","meta":{"footnotes":""},"class_list":["post-293","page","type-page","status-publish","hentry","entry"],"_links":{"self":[{"href":"https:\/\/www.jobinformatique.org\/index.php?rest_route=\/wp\/v2\/pages\/293","targetHints":{"allow":["GET"]}}],"collection":[{"href":"https:\/\/www.jobinformatique.org\/index.php?rest_route=\/wp\/v2\/pages"}],"about":[{"href":"https:\/\/www.jobinformatique.org\/index.php?rest_route=\/wp\/v2\/types\/page"}],"author":[{"embeddable":true,"href":"https:\/\/www.jobinformatique.org\/index.php?rest_route=\/wp\/v2\/users\/1"}],"replies":[{"embeddable":true,"href":"https:\/\/www.jobinformatique.org\/index.php?rest_route=%2Fwp%2Fv2%2Fcomments&post=293"}],"version-history":[{"count":7,"href":"https:\/\/www.jobinformatique.org\/index.php?rest_route=\/wp\/v2\/pages\/293\/revisions"}],"predecessor-version":[{"id":301,"href":"https:\/\/www.jobinformatique.org\/index.php?rest_route=\/wp\/v2\/pages\/293\/revisions\/301"}],"up":[{"embeddable":true,"href":"https:\/\/www.jobinformatique.org\/index.php?rest_route=\/wp\/v2\/pages\/33"}],"wp:attachment":[{"href":"https:\/\/www.jobinformatique.org\/index.php?rest_route=%2Fwp%2Fv2%2Fmedia&parent=293"}],"curies":[{"name":"wp","href":"https:\/\/api.w.org\/{rel}","templated":true}]}}