{"id":33,"date":"2024-05-20T18:24:32","date_gmt":"2024-05-20T16:24:32","guid":{"rendered":"https:\/\/www.jobinformatique.org\/?page_id=33"},"modified":"2025-01-15T21:52:59","modified_gmt":"2025-01-15T20:52:59","slug":"devis","status":"publish","type":"page","link":"https:\/\/www.jobinformatique.org\/?page_id=33","title":{"rendered":"D\u00e9pannage et assistance informatique \u00e0 domicile"},"content":{"rendered":"\t\t<div data-elementor-type=\"wp-page\" data-elementor-id=\"33\" class=\"elementor elementor-33\">\n\t\t\t\t<div class=\"elementor-element elementor-element-527ac7f e-grid e-con-boxed e-con e-parent\" data-id=\"527ac7f\" data-element_type=\"container\">\n\t\t\t\t\t<div class=\"e-con-inner\">\n\t\t\t\t<div class=\"elementor-element elementor-element-db066ba elementor-align-justify elementor-widget elementor-widget-button\" data-id=\"db066ba\" data-element_type=\"widget\" data-widget_type=\"button.default\">\n\t\t\t\t<div class=\"elementor-widget-container\">\n\t\t\t\t\t\t\t\t\t<div class=\"elementor-button-wrapper\">\n\t\t\t\t\t<a class=\"elementor-button elementor-button-link elementor-size-sm\" href=\"https:\/\/www.jobinformatique.org\/?page_id=219\">\n\t\t\t\t\t\t<span class=\"elementor-button-content-wrapper\">\n\t\t\t\t\t\t\t\t\t<span class=\"elementor-button-text\">D\u00e9pannage imprimante<\/span>\n\t\t\t\t\t<\/span>\n\t\t\t\t\t<\/a>\n\t\t\t\t<\/div>\n\t\t\t\t\t\t\t\t<\/div>\n\t\t\t\t<\/div>\n\t\t\t\t<div class=\"elementor-element elementor-element-68808c0 elementor-align-justify elementor-widget elementor-widget-button\" data-id=\"68808c0\" data-element_type=\"widget\" data-widget_type=\"button.default\">\n\t\t\t\t<div class=\"elementor-widget-container\">\n\t\t\t\t\t\t\t\t\t<div class=\"elementor-button-wrapper\">\n\t\t\t\t\t<a class=\"elementor-button elementor-button-link elementor-size-sm\" href=\"https:\/\/www.jobinformatique.org\/?page_id=63\">\n\t\t\t\t\t\t<span class=\"elementor-button-content-wrapper\">\n\t\t\t\t\t\t\t\t\t<span class=\"elementor-button-text\">D\u00e9pannage internet & r\u00e9seau<\/span>\n\t\t\t\t\t<\/span>\n\t\t\t\t\t<\/a>\n\t\t\t\t<\/div>\n\t\t\t\t\t\t\t\t<\/div>\n\t\t\t\t<\/div>\n\t\t\t\t<div class=\"elementor-element elementor-element-03cbedb elementor-align-justify elementor-widget elementor-widget-button\" data-id=\"03cbedb\" data-element_type=\"widget\" data-widget_type=\"button.default\">\n\t\t\t\t<div class=\"elementor-widget-container\">\n\t\t\t\t\t\t\t\t\t<div class=\"elementor-button-wrapper\">\n\t\t\t\t\t<a class=\"elementor-button elementor-button-link elementor-size-sm\" href=\"https:\/\/www.jobinformatique.org\/?page_id=67\">\n\t\t\t\t\t\t<span class=\"elementor-button-content-wrapper\">\n\t\t\t\t\t\t\t\t\t<span class=\"elementor-button-text\">R\u00e9paration ordinateur<\/span>\n\t\t\t\t\t<\/span>\n\t\t\t\t\t<\/a>\n\t\t\t\t<\/div>\n\t\t\t\t\t\t\t\t<\/div>\n\t\t\t\t<\/div>\n\t\t\t\t\t<\/div>\n\t\t\t\t<\/div>\n\t\t<div class=\"elementor-element elementor-element-55d6184 e-con-full e-flex e-con e-parent\" data-id=\"55d6184\" data-element_type=\"container\">\n\t\t<div class=\"elementor-element elementor-element-64df314 e-grid e-con-full e-con e-child\" data-id=\"64df314\" data-element_type=\"container\">\n\t\t\t\t<div class=\"elementor-element elementor-element-66cb695 elementor-widget elementor-widget-button\" data-id=\"66cb695\" data-element_type=\"widget\" data-widget_type=\"button.default\">\n\t\t\t\t<div class=\"elementor-widget-container\">\n\t\t\t\t\t\t\t\t\t<div class=\"elementor-button-wrapper\">\n\t\t\t\t\t<a class=\"elementor-button elementor-button-link elementor-size-sm\" href=\"#\">\n\t\t\t\t\t\t<span class=\"elementor-button-content-wrapper\">\n\t\t\t\t\t\t\t\t\t<span class=\"elementor-button-text\">D\u00e9pannage & r\u00e9paration smartphone<\/span>\n\t\t\t\t\t<\/span>\n\t\t\t\t\t<\/a>\n\t\t\t\t<\/div>\n\t\t\t\t\t\t\t\t<\/div>\n\t\t\t\t<\/div>\n\t\t\t\t<div class=\"elementor-element elementor-element-e82d3e3 elementor-align-justify elementor-widget elementor-widget-button\" data-id=\"e82d3e3\" data-element_type=\"widget\" data-widget_type=\"button.default\">\n\t\t\t\t<div class=\"elementor-widget-container\">\n\t\t\t\t\t\t\t\t\t<div class=\"elementor-button-wrapper\">\n\t\t\t\t\t<a class=\"elementor-button elementor-button-link elementor-size-sm\" href=\"#\">\n\t\t\t\t\t\t<span class=\"elementor-button-content-wrapper\">\n\t\t\t\t\t\t\t\t\t<span class=\"elementor-button-text\">D\u00e9pannage & r\u00e9paration tablette<\/span>\n\t\t\t\t\t<\/span>\n\t\t\t\t\t<\/a>\n\t\t\t\t<\/div>\n\t\t\t\t\t\t\t\t<\/div>\n\t\t\t\t<\/div>\n\t\t\t\t<\/div>\n\t\t\t\t<div class=\"elementor-element elementor-element-82501b4 elementor-widget-divider--view-line elementor-widget elementor-widget-divider\" data-id=\"82501b4\" data-element_type=\"widget\" data-widget_type=\"divider.default\">\n\t\t\t\t<div class=\"elementor-widget-container\">\n\t\t\t\t\t\t\t<div class=\"elementor-divider\">\n\t\t\t<span class=\"elementor-divider-separator\">\n\t\t\t\t\t\t<\/span>\n\t\t<\/div>\n\t\t\t\t\t\t<\/div>\n\t\t\t\t<\/div>\n\t\t\t\t<div class=\"elementor-element elementor-element-0be003d elementor-widget elementor-widget-text-editor\" data-id=\"0be003d\" data-element_type=\"widget\" data-widget_type=\"text-editor.default\">\n\t\t\t\t<div class=\"elementor-widget-container\">\n\t\t\t\t\t\t\t\t\t<p><span data-contrast=\"auto\">L\u2019informatique et les mat\u00e9riels associ\u00e9s sont plus que pr\u00e9sents dans notre quotidien et ce, pour notre plus grand bonheur ! Cependant, encore faut-il que tout fonctionne correctement\u2026 En effet, d\u00e8s le moindre disfonctionnement, r\u00e9parer ou d\u00e9panner votre mat\u00e9riel devient un vrai casse-t\u00eate !<\/span><span data-ccp-props=\"{&quot;201341983&quot;:0,&quot;335559739&quot;:160,&quot;335559740&quot;:259}\">\u00a0<\/span><\/p><p><span data-contrast=\"auto\">C\u2019est pourquoi un d\u00e9pannage rapide ou une assistance \u00e0 domicile sera plus que bienvenue ! Vous pourrez ainsi faire appel \u00e0 la soci\u00e9t\u00e9 JOBINFORMATIQUE pour les prestations suivantes : <\/span><span data-ccp-props=\"{&quot;201341983&quot;:0,&quot;335559739&quot;:160,&quot;335559740&quot;:259}\">\u00a0<\/span><\/p><ul><li><span data-contrast=\"auto\">D\u00e9pannage ordinateur et PC portable ;<\/span><span data-ccp-props=\"{&quot;201341983&quot;:0,&quot;335559739&quot;:160,&quot;335559740&quot;:259}\">\u00a0<\/span><\/li><li><span data-contrast=\"auto\">R\u00e9paration smartphone et tablette ;<\/span><span data-ccp-props=\"{&quot;201341983&quot;:0,&quot;335559739&quot;:160,&quot;335559740&quot;:259}\">\u00a0<\/span><\/li><li><span data-contrast=\"auto\">D\u00e9pannage internet et r\u00e9seau ;<\/span><span data-ccp-props=\"{&quot;201341983&quot;:0,&quot;335551550&quot;:1,&quot;335551620&quot;:1,&quot;335559685&quot;:720,&quot;335559737&quot;:0,&quot;335559739&quot;:160,&quot;335559740&quot;:259,&quot;335559991&quot;:360}\">\u00a0<\/span><\/li><li><span data-contrast=\"auto\">R\u00e9paration imprimante ;<\/span><span data-ccp-props=\"{&quot;201341983&quot;:0,&quot;335551550&quot;:1,&quot;335551620&quot;:1,&quot;335559685&quot;:720,&quot;335559737&quot;:0,&quot;335559739&quot;:160,&quot;335559740&quot;:259,&quot;335559991&quot;:360}\">\u00a0<\/span><\/li><li><span data-contrast=\"auto\">D\u00e9pannage ou maintenance de logiciels informatiques.<\/span><span data-ccp-props=\"{&quot;201341983&quot;:0,&quot;335559739&quot;:160,&quot;335559740&quot;:259}\">\u00a0<\/span><\/li><\/ul><p><span data-contrast=\"auto\">Chacune des prestations de r\u00e9paration, d\u00e9pannage et assistance du mat\u00e9riel cit\u00e9e plus haut, doit \u00eatre effectu\u00e9e au domicile des particuliers.\u00a0<\/span><\/p>\t\t\t\t\t\t\t\t<\/div>\n\t\t\t\t<\/div>\n\t\t\t\t<\/div>\n\t\t<div class=\"elementor-element elementor-element-29db50b e-flex e-con-boxed e-con e-parent\" data-id=\"29db50b\" data-element_type=\"container\">\n\t\t\t\t\t<div class=\"e-con-inner\">\n\t\t\t\t<div class=\"elementor-element elementor-element-d9d84ef elementor-widget elementor-widget-heading\" data-id=\"d9d84ef\" data-element_type=\"widget\" data-widget_type=\"heading.default\">\n\t\t\t\t<div class=\"elementor-widget-container\">\n\t\t\t\t\t<h2 class=\"elementor-heading-title elementor-size-default\">Comment se faire d\u00e9panner \u00e0 domicile pour un probl\u00e8me informatique ?<\/h2>\t\t\t\t<\/div>\n\t\t\t\t<\/div>\n\t\t\t\t\t<\/div>\n\t\t\t\t<\/div>\n\t\t<div class=\"elementor-element elementor-element-086c604 e-flex e-con-boxed e-con e-parent\" data-id=\"086c604\" data-element_type=\"container\">\n\t\t\t\t\t<div class=\"e-con-inner\">\n\t\t\t\t<div class=\"elementor-element elementor-element-c207b54 elementor-widget elementor-widget-text-editor\" data-id=\"c207b54\" data-element_type=\"widget\" data-widget_type=\"text-editor.default\">\n\t\t\t\t<div class=\"elementor-widget-container\">\n\t\t\t\t\t\t\t\t\t<p><span data-contrast=\"auto\">Qu\u2019il s\u2019agisse d\u2019une maladresse, votre smartphone ou tablette est tomb\u00e9(e) dans l\u2019eau, l\u2019\u00e9cran tactile est fissur\u00e9 ou alors votre objectif d\u00e9nature la qualit\u00e9 de vos photographies ? Pas de panique ! la soci\u00e9t\u00e9 JOBINFORMATIQUE saura vous aider. <\/span><span data-ccp-props=\"{&quot;201341983&quot;:0,&quot;335551550&quot;:1,&quot;335551620&quot;:1,&quot;335559739&quot;:160,&quot;335559740&quot;:259}\">\u00a0<\/span><\/p><p><span data-contrast=\"auto\">Il se peut \u00e9galement que vos appareils informatiques, tels que votre imprimante mais aussi votre connexion internet ou votre r\u00e9seau wifi ne soient plus fonctionnels et n\u00e9cessitent une maintenance informatique, sans aucune raison apparente. Ne vous inqui\u00e9tez pas et faites appel \u00e0 la soci\u00e9t\u00e9 JOBINFORMATIQUE afin de r\u00e9soudre votre probl\u00e8me ! En effet, peu importe la marque et le type de mat\u00e9riels, nous saurons r\u00e9pondre \u00e0 toutes vos questions et surtout trouver la solution pour vous d\u00e9panner rapidement.<\/span><span data-ccp-props=\"{&quot;201341983&quot;:0,&quot;335551550&quot;:1,&quot;335551620&quot;:1,&quot;335559739&quot;:160,&quot;335559740&quot;:259}\">\u00a0<\/span><\/p>\t\t\t\t\t\t\t\t<\/div>\n\t\t\t\t<\/div>\n\t\t\t\t\t<\/div>\n\t\t\t\t<\/div>\n\t\t<div class=\"elementor-element elementor-element-6fc04d2 e-flex e-con-boxed e-con e-parent\" data-id=\"6fc04d2\" data-element_type=\"container\">\n\t\t\t\t\t<div class=\"e-con-inner\">\n\t\t\t\t<div class=\"elementor-element elementor-element-78559c0 elementor-widget elementor-widget-heading\" data-id=\"78559c0\" data-element_type=\"widget\" data-widget_type=\"heading.default\">\n\t\t\t\t<div class=\"elementor-widget-container\">\n\t\t\t\t\t<h2 class=\"elementor-heading-title elementor-size-default\">Quels sont les tarifs de d\u00e9pannage informatique \u00e0 domicile dans le cadre des services \u00e0 la personne ?<\/h2>\t\t\t\t<\/div>\n\t\t\t\t<\/div>\n\t\t\t\t\t<\/div>\n\t\t\t\t<\/div>\n\t\t<div class=\"elementor-element elementor-element-7f6007a e-flex e-con-boxed e-con e-parent\" data-id=\"7f6007a\" data-element_type=\"container\">\n\t\t\t\t\t<div class=\"e-con-inner\">\n\t\t\t\t<div class=\"elementor-element elementor-element-0647a2e elementor-widget elementor-widget-text-editor\" data-id=\"0647a2e\" data-element_type=\"widget\" data-widget_type=\"text-editor.default\">\n\t\t\t\t<div class=\"elementor-widget-container\">\n\t\t\t\t\t\t\t\t\t<p><span data-contrast=\"auto\">Le tarif moyen d\u2019un d\u00e9pannage informatique \u00e0 domicile d\u2019une heure avec les frais de d\u00e9placement compris varie entre 85 euros et 95 euros. En effet, le tarif varie en fonction de la maintenance ou du d\u00e9pannage ou d\u2019une installation\/mise en service d\u2019un r\u00e9seau \u00e0 effectuer et notamment des heures que cela demande \u00e0 l\u2019informaticien. Avant de commencer son travail, il devra \u00e9valuer le probl\u00e8me et faire un diagnostic afin de vous donner une estimation horaire et tarifaire.\u00a0<\/span><span data-ccp-props=\"{&quot;201341983&quot;:0,&quot;335559739&quot;:160,&quot;335559740&quot;:259}\">\u00a0<\/span><\/p><p><span data-contrast=\"auto\">Par ailleurs, presque toutes les prestations de d\u00e9pannage et assistance informatique \u00e0 domicile entrent dans le cadre des services \u00e0 la personne et permettent aux particuliers de b\u00e9n\u00e9ficier d\u2019un cr\u00e9dit d\u2019imp\u00f4t \u00e0 hauteur de 50% dont le plafond s\u2019\u00e9l\u00e8ve \u00e0 3 000\u20ac par an et par foyer fiscal, s<\/span><span data-contrast=\"none\">elon l\u2019article 199 sexdecies du code g\u00e9n\u00e9ral des imp\u00f4ts<\/span><span data-contrast=\"auto\">. L&rsquo;entreprise JOBINFORMATIQUE est adh\u00e9rente \u00e0 la coop\u00e9rative UNIPROS et a un savoir faire de qualit\u00e9, vous garantissant la s\u00e9curit\u00e9 et vous permettant d\u2019en b\u00e9n\u00e9ficier tout en profitant d\u2019un avantage fiscal.<\/span><span data-ccp-props=\"{&quot;201341983&quot;:0,&quot;335551550&quot;:1,&quot;335551620&quot;:1,&quot;335559739&quot;:160,&quot;335559740&quot;:259}\">\u00a0<\/span><\/p>\t\t\t\t\t\t\t\t<\/div>\n\t\t\t\t<\/div>\n\t\t\t\t\t<\/div>\n\t\t\t\t<\/div>\n\t\t\t\t<\/div>\n\t\t","protected":false},"excerpt":{"rendered":"<p>D\u00e9pannage imprimante D\u00e9pannage internet &#038; r\u00e9seau R\u00e9paration ordinateur D\u00e9pannage &#038; r\u00e9paration smartphone D\u00e9pannage &#038; r\u00e9paration tablette L\u2019informatique et les mat\u00e9riels associ\u00e9s sont plus que pr\u00e9sents dans notre quotidien et ce, pour notre plus grand bonheur ! Cependant, encore faut-il que tout fonctionne correctement\u2026 En effet, d\u00e8s le moindre disfonctionnement, r\u00e9parer ou d\u00e9panner votre mat\u00e9riel devient [&hellip;]<\/p>\n","protected":false},"author":1,"featured_media":0,"parent":0,"menu_order":0,"comment_status":"closed","ping_status":"closed","template":"","meta":{"footnotes":""},"class_list":["post-33","page","type-page","status-publish","hentry","entry"],"_links":{"self":[{"href":"https:\/\/www.jobinformatique.org\/index.php?rest_route=\/wp\/v2\/pages\/33","targetHints":{"allow":["GET"]}}],"collection":[{"href":"https:\/\/www.jobinformatique.org\/index.php?rest_route=\/wp\/v2\/pages"}],"about":[{"href":"https:\/\/www.jobinformatique.org\/index.php?rest_route=\/wp\/v2\/types\/page"}],"author":[{"embeddable":true,"href":"https:\/\/www.jobinformatique.org\/index.php?rest_route=\/wp\/v2\/users\/1"}],"replies":[{"embeddable":true,"href":"https:\/\/www.jobinformatique.org\/index.php?rest_route=%2Fwp%2Fv2%2Fcomments&post=33"}],"version-history":[{"count":45,"href":"https:\/\/www.jobinformatique.org\/index.php?rest_route=\/wp\/v2\/pages\/33\/revisions"}],"predecessor-version":[{"id":288,"href":"https:\/\/www.jobinformatique.org\/index.php?rest_route=\/wp\/v2\/pages\/33\/revisions\/288"}],"wp:attachment":[{"href":"https:\/\/www.jobinformatique.org\/index.php?rest_route=%2Fwp%2Fv2%2Fmedia&parent=33"}],"curies":[{"name":"wp","href":"https:\/\/api.w.org\/{rel}","templated":true}]}}