{"id":364,"date":"2025-01-15T23:49:17","date_gmt":"2025-01-15T22:49:17","guid":{"rendered":"https:\/\/www.jobinformatique.org\/?page_id=364"},"modified":"2025-01-16T16:19:27","modified_gmt":"2025-01-16T15:19:27","slug":"numerisation-et-impression-sur-imprimante-formation","status":"publish","type":"page","link":"https:\/\/www.jobinformatique.org\/?page_id=364","title":{"rendered":"FORMATION IMPRIMANTE"},"content":{"rendered":"\t\t<div data-elementor-type=\"wp-page\" data-elementor-id=\"364\" class=\"elementor elementor-364\">\n\t\t\t\t<div class=\"elementor-element elementor-element-2393d56 e-con-full e-flex e-con e-parent\" data-id=\"2393d56\" data-element_type=\"container\">\n\t\t\t\t<div class=\"elementor-element elementor-element-021b465 elementor-widget elementor-widget-image\" data-id=\"021b465\" data-element_type=\"widget\" data-widget_type=\"image.default\">\n\t\t\t\t<div class=\"elementor-widget-container\">\n\t\t\t\t\t\t\t\t\t\t\t\t\t\t\t<img fetchpriority=\"high\" decoding=\"async\" width=\"1000\" height=\"288\" src=\"https:\/\/www.jobinformatique.org\/wp-content\/uploads\/2024\/05\/index05.jpg\" class=\"attachment-large size-large wp-image-16\" alt=\"\" srcset=\"https:\/\/www.jobinformatique.org\/wp-content\/uploads\/2024\/05\/index05.jpg 1000w, https:\/\/www.jobinformatique.org\/wp-content\/uploads\/2024\/05\/index05-300x86.jpg 300w, https:\/\/www.jobinformatique.org\/wp-content\/uploads\/2024\/05\/index05-768x221.jpg 768w, https:\/\/www.jobinformatique.org\/wp-content\/uploads\/2024\/05\/index05-500x144.jpg 500w\" sizes=\"(max-width: 1000px) 100vw, 1000px\" \/>\t\t\t\t\t\t\t\t\t\t\t\t\t\t\t<\/div>\n\t\t\t\t<\/div>\n\t\t\t\t<div class=\"elementor-element elementor-element-40bd851 elementor-widget elementor-widget-spacer\" data-id=\"40bd851\" data-element_type=\"widget\" data-widget_type=\"spacer.default\">\n\t\t\t\t<div class=\"elementor-widget-container\">\n\t\t\t\t\t\t\t<div class=\"elementor-spacer\">\n\t\t\t<div class=\"elementor-spacer-inner\"><\/div>\n\t\t<\/div>\n\t\t\t\t\t\t<\/div>\n\t\t\t\t<\/div>\n\t\t\t\t<\/div>\n\t\t<div class=\"elementor-element elementor-element-77b96f1 e-flex e-con-boxed e-con e-parent\" data-id=\"77b96f1\" data-element_type=\"container\">\n\t\t\t\t\t<div class=\"e-con-inner\">\n\t\t\t\t<div class=\"elementor-element elementor-element-c2a50d2 elementor-widget elementor-widget-heading\" data-id=\"c2a50d2\" data-element_type=\"widget\" data-widget_type=\"heading.default\">\n\t\t\t\t<div class=\"elementor-widget-container\">\n\t\t\t\t\t<h1 class=\"elementor-heading-title elementor-size-default\">Num\u00e9risation et impression sur imprimante : formation <\/h1>\t\t\t\t<\/div>\n\t\t\t\t<\/div>\n\t\t\t\t\t<\/div>\n\t\t\t\t<\/div>\n\t\t<div class=\"elementor-element elementor-element-717e8dea e-flex e-con-boxed e-con e-parent\" data-id=\"717e8dea\" data-element_type=\"container\">\n\t\t\t\t\t<div class=\"e-con-inner\">\n\t\t\t\t<div class=\"elementor-element elementor-element-e4aed47 elementor-widget elementor-widget-text-editor\" data-id=\"e4aed47\" data-element_type=\"widget\" data-widget_type=\"text-editor.default\">\n\t\t\t\t<div class=\"elementor-widget-container\">\n\t\t\t\t\t\t\t\t\t\n<figure class=\"wp-block-gallery has-nested-images columns-default is-cropped wp-block-gallery-2 is-layout-flex wp-block-gallery-is-layout-flex\">\n<figure class=\"wp-block-image size-large\"><img decoding=\"async\" width=\"976\" height=\"320\" data-id=\"224\" src=\"https:\/\/www.jobinformatique.org\/wp-content\/uploads\/2025\/01\/Capture-decran-2025-01-15-201335.png\" alt=\"\" class=\"wp-image-224\" srcset=\"https:\/\/www.jobinformatique.org\/wp-content\/uploads\/2025\/01\/Capture-decran-2025-01-15-201335.png 976w, https:\/\/www.jobinformatique.org\/wp-content\/uploads\/2025\/01\/Capture-decran-2025-01-15-201335-300x98.png 300w, https:\/\/www.jobinformatique.org\/wp-content\/uploads\/2025\/01\/Capture-decran-2025-01-15-201335-768x252.png 768w\" sizes=\"(max-width: 976px) 100vw, 976px\" \/><\/figure>\n<\/figure>\n\n\n\n<p><\/p>\n\t\t\t\t\t\t\t\t<\/div>\n\t\t\t\t<\/div>\n\t\t\t\t\t<\/div>\n\t\t\t\t<\/div>\n\t\t<div class=\"elementor-element elementor-element-f678a4a e-flex e-con-boxed e-con e-parent\" data-id=\"f678a4a\" data-element_type=\"container\">\n\t\t\t\t\t<div class=\"e-con-inner\">\n\t\t\t\t<div class=\"elementor-element elementor-element-924da4d elementor-widget elementor-widget-text-editor\" data-id=\"924da4d\" data-element_type=\"widget\" data-widget_type=\"text-editor.default\">\n\t\t\t\t<div class=\"elementor-widget-container\">\n\t\t\t\t\t\t\t\t\t<p>De plus en plus, les imprimantes ont pris une place importante dans les foyers des Fran\u00e7ais. Ces nouvelles technologies n\u00e9cessitent parfois des formations pour s\u2019initier \u00e0 leur utilisation\u202f: installation via des logiciels, connexion filaire ou WIFI \u00e0 un ordinateur, impression en couleur ou noir et blanc, impression en recto ou en recto\/verso, changement de l\u2019encre en fonction du niveau d\u00e9tect\u00e9 et bien plus encore en fonction du type d\u2019imprimante dont vous disposez.<\/p>\t\t\t\t\t\t\t\t<\/div>\n\t\t\t\t<\/div>\n\t\t\t\t<div class=\"elementor-element elementor-element-42d4583 elementor-widget elementor-widget-heading\" data-id=\"42d4583\" data-element_type=\"widget\" data-widget_type=\"heading.default\">\n\t\t\t\t<div class=\"elementor-widget-container\">\n\t\t\t\t\t<h2 class=\"elementor-heading-title elementor-size-default\">Apprendre \u00e0 utiliser une imprimante\u2026 \u00e0 domicile\u202f!<\/h2>\t\t\t\t<\/div>\n\t\t\t\t<\/div>\n\t\t\t\t\t<\/div>\n\t\t\t\t<\/div>\n\t\t<div class=\"elementor-element elementor-element-4c67aa2 e-flex e-con-boxed e-con e-parent\" data-id=\"4c67aa2\" data-element_type=\"container\">\n\t\t\t\t\t<div class=\"e-con-inner\">\n\t\t\t\t<div class=\"elementor-element elementor-element-5fb14c2 elementor-widget elementor-widget-text-editor\" data-id=\"5fb14c2\" data-element_type=\"widget\" data-widget_type=\"text-editor.default\">\n\t\t\t\t<div class=\"elementor-widget-container\">\n\t\t\t\t\t\t\t\t\t<p>D\u00e9couvrir toutes les fonctionnalit\u00e9s d\u2019une imprimante est primordiale pour apprendre \u00e0 bien s\u2019en servir. Une formation \u00e0 domicile peut vous permettre d\u2019apprendre\u202fet de comprendre :\u00a0\u00a0<\/p>\n<ul class=\"wp-block-list\">\n<li>Les diff\u00e9rentes possibilit\u00e9s de l\u2019installation d\u2019une imprimante et de la connexion avec un ordinateur\u202f: via l\u2019installation d\u2019un logiciel sur l\u2019ordinateur ou la cr\u00e9ation d\u2019un compte, une connexion filaire, un syst\u00e8me en r\u00e9seau\u2026\u202f;\u00a0<\/li>\n<li>Les diff\u00e9rentes techniques d\u2019impression\u202f: choisir le fichier, le type d\u2019impression\u202f: recto\/verso, recto uniquement, couleurs, N&amp;B\u2026\u202f;\u00a0<\/li>\n<li>Les bonnes pratiques pour ma\u00eetriser et savoir quand, mais \u00e9galement, comment changer une cartouche d\u2019encre\u202f;\u00a0<\/li>\n<li>La technique pour num\u00e9riser un document\u202f;\u00a0<\/li>\n<li>La navigation au sein du menu de l\u2019imprimante\u202f;\u00a0<\/li>\n<li>Etc.\u00a0<\/li>\n<\/ul>\n<p>La dur\u00e9e de la formation varie en fonction de votre niveau de base\u202f: un informaticien professionnel qui poss\u00e8de une exp\u00e9rience solide, saura vous conseiller le bon forfait de formation pour que vous deveniez un chef de l\u2019impression et de la num\u00e9risation de documents\u202f!\u00a0<\/p>\t\t\t\t\t\t\t\t<\/div>\n\t\t\t\t<\/div>\n\t\t\t\t<div class=\"elementor-element elementor-element-409a663 elementor-widget elementor-widget-heading\" data-id=\"409a663\" data-element_type=\"widget\" data-widget_type=\"heading.default\">\n\t\t\t\t<div class=\"elementor-widget-container\">\n\t\t\t\t\t<h2 class=\"elementor-heading-title elementor-size-default\">Num\u00e9riser et imprimer\u202f: formation \u00e0 domicile et services \u00e0 la personne <\/h2>\t\t\t\t<\/div>\n\t\t\t\t<\/div>\n\t\t\t\t<div class=\"elementor-element elementor-element-a364b7b elementor-widget elementor-widget-text-editor\" data-id=\"a364b7b\" data-element_type=\"widget\" data-widget_type=\"text-editor.default\">\n\t\t\t\t<div class=\"elementor-widget-container\">\n\t\t\t\t\t\t\t\t\t<p>Saviez-vous que la formation \u00e0 l\u2019utilisation d\u2019une imprimante est inscrite dans l\u2019assistance informatique \u00e0 domicile qui entre dans le cadre des services \u00e0 la personne\u202f? En faisant appel \u00e0 l&rsquo;informaticien \u00e0 domicile agr\u00e9\u00e9 services \u00e0 la personne de la soci\u00e9t\u00e9 JOBINFORMATIQUE, vous avez la possibilit\u00e9 de b\u00e9n\u00e9ficier d\u2019un cr\u00e9dit d\u2019imp\u00f4t de 50% sur le montant des d\u00e9penses en formation dans la limite de 3\u202f000\u20ac par an et par foyer fiscal (article 199 sexdecies du code g\u00e9n\u00e9ral des imp\u00f4ts).<\/p>\n<p>Si vous \u00eates d\u00e9butant et que vous avez pour projet de vous former, ou si vous avez un niveau plus avanc\u00e9 et que vous souhaitez d\u00e9velopper vos comp\u00e9tences, vous \u00eates au bon endroit\u202f! l&rsquo;informaticien \u00e0 domicile de la soci\u00e9t\u00e9 JOBINFORMATIQUE n\u2019a jamais \u00e9t\u00e9 aussi facile\u202f: l&rsquo;Entreprise JOBINFORMATIQUE vous propose un informaticien professionnel aptes \u00e0 vous proposer le cr\u00e9dit d\u2019imp\u00f4t sur les prestations de formations du fait de l&rsquo;adh\u00e9sion de sa soci\u00e9t\u00e9 \u00e0 la Coop\u00e9rative de services \u00e0 la personne UNIPROS.<\/p>\n<p>Gr\u00e2ce au site JOBINFORMATIQUE.ORG, vous avez la possibilit\u00e9 de faire une demande de devis gratuite en remplissant le formulaire de <strong><a href=\"https:\/\/www.jobinformatique.org\/?page_id=550\" target=\"_blank\" rel=\"noopener\">Devis en ligne<\/a><\/strong> et de recevoir l&rsquo;offre de notre informaticien dans un d\u00e9lai de 72h. Ainsi, vous n\u2019aurez plus qu\u2019\u00e0 faire votre choix\u202f!<\/p>\t\t\t\t\t\t\t\t<\/div>\n\t\t\t\t<\/div>\n\t\t\t\t\t<\/div>\n\t\t\t\t<\/div>\n\t\t<div class=\"elementor-element elementor-element-4e681a6 e-flex e-con-boxed e-con e-parent\" data-id=\"4e681a6\" data-element_type=\"container\">\n\t\t\t\t\t<div class=\"e-con-inner\">\n\t\t\t\t<div class=\"elementor-element elementor-element-ecb2917 elementor-widget elementor-widget-heading\" data-id=\"ecb2917\" data-element_type=\"widget\" data-widget_type=\"heading.default\">\n\t\t\t\t<div class=\"elementor-widget-container\">\n\t\t\t\t\t<h1 class=\"elementor-heading-title elementor-size-default\">JOBINFORMATIQUE r\u00e9pond sur vos diff\u00e9rents projets !<\/h1>\t\t\t\t<\/div>\n\t\t\t\t<\/div>\n\t\t\t\t\t<\/div>\n\t\t\t\t<\/div>\n\t\t<div class=\"elementor-element elementor-element-a7fa599 e-flex e-con-boxed e-con e-parent\" data-id=\"a7fa599\" data-element_type=\"container\">\n\t\t\t\t\t<div class=\"e-con-inner\">\n\t\t\t\t<div class=\"elementor-element elementor-element-ce3b9bf elementor-widget elementor-widget-heading\" data-id=\"ce3b9bf\" data-element_type=\"widget\" data-widget_type=\"heading.default\">\n\t\t\t\t<div class=\"elementor-widget-container\">\n\t\t\t\t\t<h2 class=\"elementor-heading-title elementor-size-default\">La formation \u00e0 l\u2019utilisation d\u2019une imprimante 3D est-elle incluse dans le cadre des services \u00e0 la personne\u202f? <\/h2>\t\t\t\t<\/div>\n\t\t\t\t<\/div>\n\t\t\t\t\t<\/div>\n\t\t\t\t<\/div>\n\t\t<div class=\"elementor-element elementor-element-4bc72ee e-flex e-con-boxed e-con e-parent\" data-id=\"4bc72ee\" data-element_type=\"container\">\n\t\t\t\t\t<div class=\"e-con-inner\">\n\t\t\t\t<div class=\"elementor-element elementor-element-5c51a05 elementor-widget elementor-widget-text-editor\" data-id=\"5c51a05\" data-element_type=\"widget\" data-widget_type=\"text-editor.default\">\n\t\t\t\t<div class=\"elementor-widget-container\">\n\t\t\t\t\t\t\t\t\t<p>La formation entre dans le cadre des services \u00e0 la personne uniquement dans un cadre non professionnel pour permettre l\u2019utilisation courante au quotidien. Apprendre \u00e0 utiliser une imprimante 3D FDM permettant la conception, la mod\u00e9lisation, la fusion de mat\u00e9riaux, la production et fabrication additive d\u2019objets en 3 dimensions requiert une formation professionnelle \u00e0 l\u2019impression et n\u2019entre donc pas dans le cadre des services \u00e0 la personne.<\/p>\t\t\t\t\t\t\t\t<\/div>\n\t\t\t\t<\/div>\n\t\t\t\t\t<\/div>\n\t\t\t\t<\/div>\n\t\t<div class=\"elementor-element elementor-element-326a35f e-flex e-con-boxed e-con e-parent\" data-id=\"326a35f\" data-element_type=\"container\">\n\t\t\t\t\t<div class=\"e-con-inner\">\n\t\t\t\t<div class=\"elementor-element elementor-element-ac0f8c5 elementor-widget elementor-widget-heading\" data-id=\"ac0f8c5\" data-element_type=\"widget\" data-widget_type=\"heading.default\">\n\t\t\t\t<div class=\"elementor-widget-container\">\n\t\t\t\t\t<h2 class=\"elementor-heading-title elementor-size-default\">Que permet la formation impression et num\u00e9risation sur imprimante\u202f?  <\/h2>\t\t\t\t<\/div>\n\t\t\t\t<\/div>\n\t\t\t\t\t<\/div>\n\t\t\t\t<\/div>\n\t\t<div class=\"elementor-element elementor-element-72bb5e4 e-flex e-con-boxed e-con e-parent\" data-id=\"72bb5e4\" data-element_type=\"container\">\n\t\t\t\t\t<div class=\"e-con-inner\">\n\t\t\t\t<div class=\"elementor-element elementor-element-7bb163b elementor-widget elementor-widget-text-editor\" data-id=\"7bb163b\" data-element_type=\"widget\" data-widget_type=\"text-editor.default\">\n\t\t\t\t<div class=\"elementor-widget-container\">\n\t\t\t\t\t\t\t\t\t<p>La formation impression et num\u00e9risation sur imprimante \u00e0 domicile permet, entre autres, aux personnes d\u00e9butantes d\u2019apprendre \u00e0 utiliser une imprimante\u202f: la connecter \u00e0 un ordinateur, lancer une impression classique, une impression en recto\/verso, scanner un document\u2026<\/p>\t\t\t\t\t\t\t\t<\/div>\n\t\t\t\t<\/div>\n\t\t\t\t\t<\/div>\n\t\t\t\t<\/div>\n\t\t<div class=\"elementor-element elementor-element-e9f4a18 e-flex e-con-boxed e-con e-parent\" data-id=\"e9f4a18\" data-element_type=\"container\">\n\t\t\t\t\t<div class=\"e-con-inner\">\n\t\t\t\t<div class=\"elementor-element elementor-element-76274d9 elementor-widget elementor-widget-heading\" data-id=\"76274d9\" data-element_type=\"widget\" data-widget_type=\"heading.default\">\n\t\t\t\t<div class=\"elementor-widget-container\">\n\t\t\t\t\t<h2 class=\"elementor-heading-title elementor-size-default\">La formation \u00e0 l\u2019utilisation d\u2019une imprimante est-elle incluse dans les services \u00e0 la personne\u202f?  <\/h2>\t\t\t\t<\/div>\n\t\t\t\t<\/div>\n\t\t\t\t\t<\/div>\n\t\t\t\t<\/div>\n\t\t<div class=\"elementor-element elementor-element-d0d7b59 e-flex e-con-boxed e-con e-parent\" data-id=\"d0d7b59\" data-element_type=\"container\">\n\t\t\t\t\t<div class=\"e-con-inner\">\n\t\t\t\t<div class=\"elementor-element elementor-element-2f6b081 elementor-widget elementor-widget-text-editor\" data-id=\"2f6b081\" data-element_type=\"widget\" data-widget_type=\"text-editor.default\">\n\t\t\t\t<div class=\"elementor-widget-container\">\n\t\t\t\t\t\t\t\t\t<p>Oui, la formation \u00e0 l\u2019utilisation d\u2019une imprimante est incluse dans les services \u00e0 la personne et permet de b\u00e9n\u00e9ficier d\u2019un cr\u00e9dit d\u2019imp\u00f4t de 50% (selon l\u2019article 199 sexdecies du code g\u00e9n\u00e9ral des imp\u00f4ts). Un sacr\u00e9 coup de pouce dans le financement de votre projet de formation \u00e0 domicile\u202f!<\/p>\t\t\t\t\t\t\t\t<\/div>\n\t\t\t\t<\/div>\n\t\t\t\t\t<\/div>\n\t\t\t\t<\/div>\n\t\t\t\t<\/div>\n\t\t","protected":false},"excerpt":{"rendered":"<p>Num\u00e9risation et impression sur imprimante : formation De plus en plus, les imprimantes ont pris une place importante dans les foyers des Fran\u00e7ais. Ces nouvelles technologies n\u00e9cessitent parfois des formations pour s\u2019initier \u00e0 leur utilisation\u202f: installation via des logiciels, connexion filaire ou WIFI \u00e0 un ordinateur, impression en couleur ou noir et blanc, impression en [&hellip;]<\/p>\n","protected":false},"author":1,"featured_media":0,"parent":0,"menu_order":0,"comment_status":"closed","ping_status":"closed","template":"","meta":{"footnotes":""},"class_list":["post-364","page","type-page","status-publish","hentry","entry"],"_links":{"self":[{"href":"https:\/\/www.jobinformatique.org\/index.php?rest_route=\/wp\/v2\/pages\/364","targetHints":{"allow":["GET"]}}],"collection":[{"href":"https:\/\/www.jobinformatique.org\/index.php?rest_route=\/wp\/v2\/pages"}],"about":[{"href":"https:\/\/www.jobinformatique.org\/index.php?rest_route=\/wp\/v2\/types\/page"}],"author":[{"embeddable":true,"href":"https:\/\/www.jobinformatique.org\/index.php?rest_route=\/wp\/v2\/users\/1"}],"replies":[{"embeddable":true,"href":"https:\/\/www.jobinformatique.org\/index.php?rest_route=%2Fwp%2Fv2%2Fcomments&post=364"}],"version-history":[{"count":20,"href":"https:\/\/www.jobinformatique.org\/index.php?rest_route=\/wp\/v2\/pages\/364\/revisions"}],"predecessor-version":[{"id":571,"href":"https:\/\/www.jobinformatique.org\/index.php?rest_route=\/wp\/v2\/pages\/364\/revisions\/571"}],"wp:attachment":[{"href":"https:\/\/www.jobinformatique.org\/index.php?rest_route=%2Fwp%2Fv2%2Fmedia&parent=364"}],"curies":[{"name":"wp","href":"https:\/\/api.w.org\/{rel}","templated":true}]}}