{"id":406,"date":"2025-01-16T00:59:17","date_gmt":"2025-01-15T23:59:17","guid":{"rendered":"https:\/\/www.jobinformatique.org\/?page_id=406"},"modified":"2025-02-14T16:52:31","modified_gmt":"2025-02-14T15:52:31","slug":"cours-informatique-sur-la-prise-en-main-dune-tablette","status":"publish","type":"page","link":"https:\/\/www.jobinformatique.org\/?page_id=406","title":{"rendered":"FORMATION TABLETTE"},"content":{"rendered":"\t\t<div data-elementor-type=\"wp-page\" data-elementor-id=\"406\" class=\"elementor elementor-406\">\n\t\t\t\t<div class=\"elementor-element elementor-element-3ce0a68 e-flex e-con-boxed e-con e-parent\" data-id=\"3ce0a68\" data-element_type=\"container\">\n\t\t\t\t\t<div class=\"e-con-inner\">\n\t\t\t\t<div class=\"elementor-element elementor-element-e381f84 elementor-widget elementor-widget-image\" data-id=\"e381f84\" data-element_type=\"widget\" data-widget_type=\"image.default\">\n\t\t\t\t<div class=\"elementor-widget-container\">\n\t\t\t\t\t\t\t\t\t\t\t\t\t\t\t<img fetchpriority=\"high\" decoding=\"async\" width=\"1000\" height=\"288\" src=\"https:\/\/www.jobinformatique.org\/wp-content\/uploads\/2024\/05\/index05.jpg\" class=\"attachment-large size-large wp-image-16\" alt=\"\" srcset=\"https:\/\/www.jobinformatique.org\/wp-content\/uploads\/2024\/05\/index05.jpg 1000w, https:\/\/www.jobinformatique.org\/wp-content\/uploads\/2024\/05\/index05-300x86.jpg 300w, https:\/\/www.jobinformatique.org\/wp-content\/uploads\/2024\/05\/index05-768x221.jpg 768w, https:\/\/www.jobinformatique.org\/wp-content\/uploads\/2024\/05\/index05-500x144.jpg 500w\" sizes=\"(max-width: 1000px) 100vw, 1000px\" \/>\t\t\t\t\t\t\t\t\t\t\t\t\t\t\t<\/div>\n\t\t\t\t<\/div>\n\t\t\t\t<div class=\"elementor-element elementor-element-d93231b elementor-widget elementor-widget-spacer\" data-id=\"d93231b\" data-element_type=\"widget\" data-widget_type=\"spacer.default\">\n\t\t\t\t<div class=\"elementor-widget-container\">\n\t\t\t\t\t\t\t<div class=\"elementor-spacer\">\n\t\t\t<div class=\"elementor-spacer-inner\"><\/div>\n\t\t<\/div>\n\t\t\t\t\t\t<\/div>\n\t\t\t\t<\/div>\n\t\t\t\t<div class=\"elementor-element elementor-element-2426842 elementor-widget elementor-widget-heading\" data-id=\"2426842\" data-element_type=\"widget\" data-widget_type=\"heading.default\">\n\t\t\t\t<div class=\"elementor-widget-container\">\n\t\t\t\t\t<h1 class=\"elementor-heading-title elementor-size-default\">Cours informatique sur la prise en main d\u2019une tablette <\/h1>\t\t\t\t<\/div>\n\t\t\t\t<\/div>\n\t\t\t\t\t<\/div>\n\t\t\t\t<\/div>\n\t\t<div class=\"elementor-element elementor-element-29569a2 e-grid e-con-boxed e-con e-parent\" data-id=\"29569a2\" data-element_type=\"container\">\n\t\t\t\t\t<div class=\"e-con-inner\">\n\t\t\t\t<div class=\"elementor-element elementor-element-d0ccdf6 elementor-widget elementor-widget-image\" data-id=\"d0ccdf6\" data-element_type=\"widget\" data-widget_type=\"image.default\">\n\t\t\t\t<div class=\"elementor-widget-container\">\n\t\t\t\t\t\t\t\t\t\t\t\t\t\t\t<img decoding=\"async\" width=\"370\" height=\"248\" src=\"https:\/\/www.jobinformatique.org\/wp-content\/uploads\/2025\/01\/Capture-decran-2025-01-16-010407.png\" class=\"attachment-large size-large wp-image-411\" alt=\"\" srcset=\"https:\/\/www.jobinformatique.org\/wp-content\/uploads\/2025\/01\/Capture-decran-2025-01-16-010407.png 370w, https:\/\/www.jobinformatique.org\/wp-content\/uploads\/2025\/01\/Capture-decran-2025-01-16-010407-300x201.png 300w\" sizes=\"(max-width: 370px) 100vw, 370px\" \/>\t\t\t\t\t\t\t\t\t\t\t\t\t\t\t<\/div>\n\t\t\t\t<\/div>\n\t\t\t\t<div class=\"elementor-element elementor-element-93476df elementor-widget elementor-widget-text-editor\" data-id=\"93476df\" data-element_type=\"widget\" data-widget_type=\"text-editor.default\">\n\t\t\t\t<div class=\"elementor-widget-container\">\n\t\t\t\t\t\t\t\t\t<div class=\"text-box fadeInUp\"><p><span data-contrast=\"none\">Les nouvelles technologies sont plus en plus nombreuses et peuvent \u00eatre complexes \u00e0 appr\u00e9hender. En effet, le fonctionnement d\u2019un ordinateur, d\u2019un smartphone (t\u00e9l\u00e9phone portable nouvelle g\u00e9n\u00e9ration) ou bien de leur version \u00ab\u202fhybride\u202f\u00bb, la tablette, peut para\u00eetre complexe pour certaines personnes et ce, quel que soit le syst\u00e8me d\u2019exploitation (Android ou iOS) et la marque (Samsung, Apple, Lenovo, HP\u2026). <\/span><span data-ccp-props=\"{&quot;201341983&quot;:0,&quot;335559739&quot;:160,&quot;335559740&quot;:259}\">\u00a0<\/span><\/p><p><span data-contrast=\"none\">La tablette est un outil informatique portable qui a la m\u00eame praticit\u00e9 qu\u2019un ordinateur notamment du fait de sa taille (naviguer sur un site internet, r\u00e9diger des courriers, voir toutes les actualit\u00e9s\u2026) ainsi que les m\u00eames fonctionnalit\u00e9s qu\u2019un smartphone (prendre une photo, regarder une vid\u00e9o\u2026). Pratique et \u00e9conomique, il convient \u00e0 tout type de population, bien qu\u2019une formation puisse \u00eatre indispensable pour bien l\u2019utiliser au quotidien.<\/span><span data-ccp-props=\"{&quot;201341983&quot;:0,&quot;335559739&quot;:160,&quot;335559740&quot;:259}\">\u00a0<\/span><\/p><\/div>\t\t\t\t\t\t\t\t<\/div>\n\t\t\t\t<\/div>\n\t\t\t\t\t<\/div>\n\t\t\t\t<\/div>\n\t\t<div class=\"elementor-element elementor-element-7fd5f08 e-flex e-con-boxed e-con e-parent\" data-id=\"7fd5f08\" data-element_type=\"container\">\n\t\t\t\t\t<div class=\"e-con-inner\">\n\t\t\t\t<div class=\"elementor-element elementor-element-32dd133 elementor-widget elementor-widget-spacer\" data-id=\"32dd133\" data-element_type=\"widget\" data-widget_type=\"spacer.default\">\n\t\t\t\t<div class=\"elementor-widget-container\">\n\t\t\t\t\t\t\t<div class=\"elementor-spacer\">\n\t\t\t<div class=\"elementor-spacer-inner\"><\/div>\n\t\t<\/div>\n\t\t\t\t\t\t<\/div>\n\t\t\t\t<\/div>\n\t\t\t\t\t<\/div>\n\t\t\t\t<\/div>\n\t\t<div class=\"elementor-element elementor-element-722cd99 e-flex e-con-boxed e-con e-parent\" data-id=\"722cd99\" data-element_type=\"container\">\n\t\t\t\t\t<div class=\"e-con-inner\">\n\t\t\t\t<div class=\"elementor-element elementor-element-c843750 elementor-widget elementor-widget-heading\" data-id=\"c843750\" data-element_type=\"widget\" data-widget_type=\"heading.default\">\n\t\t\t\t<div class=\"elementor-widget-container\">\n\t\t\t\t\t<h2 class=\"elementor-heading-title elementor-size-default\">Apprendre \u00e0 utiliser une tablette Samsung, Apple, Lenovo\u2026 \u00e0 domicile\u202f! <\/h2>\t\t\t\t<\/div>\n\t\t\t\t<\/div>\n\t\t\t\t\t<\/div>\n\t\t\t\t<\/div>\n\t\t<div class=\"elementor-element elementor-element-6fbad3a e-flex e-con-boxed e-con e-parent\" data-id=\"6fbad3a\" data-element_type=\"container\">\n\t\t\t\t\t<div class=\"e-con-inner\">\n\t\t\t\t<div class=\"elementor-element elementor-element-ffccab6 elementor-widget elementor-widget-text-editor\" data-id=\"ffccab6\" data-element_type=\"widget\" data-widget_type=\"text-editor.default\">\n\t\t\t\t<div class=\"elementor-widget-container\">\n\t\t\t\t\t\t\t\t\t<p>Le march\u00e9 regorge de diverses marques de tablette, toutes diff\u00e9rentes les unes des autres\u202f:\u00a0<\/p><ul class=\"wp-block-list\"><li>Samsung\u202f;\u00a0<\/li><li>Lenovo\u202f;\u00a0<\/li><li>Xiaomi\u202f;\u00a0<\/li><li>Huawei\u202f;\u00a0<\/li><li>Apple\u202f;\u00a0<\/li><li>Etc&#8230;<\/li><\/ul><p>D\u2019une tablette \u00e0 l\u2019autre, le fonctionnement peut \u00eatre diff\u00e9rent surtout entre les diff\u00e9rents syst\u00e8mes d\u2019exploitation que sont Android et iOS (l\u2019\u00e9quivalent de Windows pour les PC et iOS pour MAC).\u00a0\u00a0<\/p><p>Pour appr\u00e9hender votre tablette, que vous soyez d\u00e9butant ou que vous cherchiez \u00e0 d\u00e9velopper vos comp\u00e9tences et vos connaissances pour parfaitement ma\u00eetriser votre tablette, une initiation, une formation ou un cours particulier peut \u00eatre de mise. En effet, ce type de cours d\u2019informatique r\u00e9alis\u00e9 \u00e0 domicile peut vous permettre d\u2019apprendre \u00e0 r\u00e9aliser de nombreuses t\u00e2ches depuis votre tablette, \u00e0 savoir\u202f:\u00a0\u00a0<\/p><ul class=\"wp-block-list\"><li>Vous rendre sur les r\u00e9seaux sociaux\u202f;\u00a0<\/li><li>Consulter votre bo\u00eete mail\u202f;\u00a0<\/li><li>Rechercher des informations sur internet\u202f;\u00a0<\/li><li>Cr\u00e9er et r\u00e9diger des documents\u202f;\u00a0<\/li><li>Prendre des photos ou des vid\u00e9os\u202f;\u00a0<\/li><li>Personnaliser votre bureau (l\u2019accueil de votre tablette)\u202f;\u00a0<\/li><li>Consulter des sites web\u202f;\u00a0<\/li><li>T\u00e9l\u00e9charger des applications et des outils bureautiques\u202f;\u00a0<\/li><li>Etc&#8230;<\/li><\/ul><p>Si vous \u00eates \u00e0 la recherche d\u2019un informaticien professionnel, vous \u00eates au bon endroit\u202f! Trouvez gratuitement l\u2019entreprise d\u2019informaticiens qui vous viendra en aide \u00e0 domicile.\u00a0<\/p>\t\t\t\t\t\t\t\t<\/div>\n\t\t\t\t<\/div>\n\t\t\t\t\t<\/div>\n\t\t\t\t<\/div>\n\t\t<div class=\"elementor-element elementor-element-bc655ee e-flex e-con-boxed e-con e-parent\" data-id=\"bc655ee\" data-element_type=\"container\">\n\t\t\t\t\t<div class=\"e-con-inner\">\n\t\t\t\t<div class=\"elementor-element elementor-element-930de99 elementor-widget elementor-widget-heading\" data-id=\"930de99\" data-element_type=\"widget\" data-widget_type=\"heading.default\">\n\t\t\t\t<div class=\"elementor-widget-container\">\n\t\t\t\t\t<h2 class=\"elementor-heading-title elementor-size-default\">Cours informatique pour prendre en main une tablette et services \u00e0 la personne  <\/h2>\t\t\t\t<\/div>\n\t\t\t\t<\/div>\n\t\t\t\t\t<\/div>\n\t\t\t\t<\/div>\n\t\t<div class=\"elementor-element elementor-element-46cd419 e-flex e-con-boxed e-con e-parent\" data-id=\"46cd419\" data-element_type=\"container\">\n\t\t\t\t\t<div class=\"e-con-inner\">\n\t\t\t\t<div class=\"elementor-element elementor-element-6512a7a elementor-widget elementor-widget-text-editor\" data-id=\"6512a7a\" data-element_type=\"widget\" data-widget_type=\"text-editor.default\">\n\t\t\t\t<div class=\"elementor-widget-container\">\n\t\t\t\t\t\t\t\t\t<p>Saviez-vous que les cours informatiques \u00e0 domicile pour apprendre \u00e0 vous servir de votre tablette ou pour d\u00e9velopper vos connaissances \u00e0 ce sujet sont des prestations qui entrent dans le cadre des services \u00e0 la personne\u202f? Selon l\u2019article 199 sexdecies du code g\u00e9n\u00e9ral des imp\u00f4ts, gr\u00e2ce \u00e0 ces prestations, les particuliers peuvent profiter d\u2019un cr\u00e9dit d\u2019imp\u00f4t de 50% dans la limite de 3\u202f000\u20ac de d\u00e9penses par an et par foyer fiscal. Le professionnel de l&rsquo;entreprise JOBINFORMATIQUE est r\u00e9f\u00e9renc\u00e9s sur\u00a0 le SAP UNIPROS en qualit\u00e9 d&rsquo;informaticien \u00e0 Domicile\u00a0 habilit\u00e9s \u00e0 vous faire profiter d&rsquo;un cr\u00e9dit d\u2019imp\u00f4t car ils est adh\u00e9rents de la coop\u00e9rative de SAP UNIPROS d\u00e9clar\u00e9e services \u00e0 la personne. Pour rappel, le cr\u00e9dit d\u2019imp\u00f4t s\u2019applique uniquement si le cours ou la formation \u00e0 l\u2019utilisation et \u00e0 l\u2019initiation de la tablette est pris \u00e0 domicile. S\u2019il s\u2019agit d\u2019une formation \u00e0 distance, alors la prestation ne fait pas partie des services \u00e0 la personne.<\/p><p>Faites une demande de devis gratuite pour prendre contact avec <a href=\"https:\/\/jobinformatique.org\">JOBINFORMATIQUE<\/a> un informaticien \u00e0 domicile viendra vous dispenser des formations dans le but de vous apprendre \u00e0 ma\u00eetriser votre tablette\u202f!<\/p>\t\t\t\t\t\t\t\t<\/div>\n\t\t\t\t<\/div>\n\t\t\t\t\t<\/div>\n\t\t\t\t<\/div>\n\t\t<div class=\"elementor-element elementor-element-d29c5c8 e-flex e-con-boxed e-con e-parent\" data-id=\"d29c5c8\" data-element_type=\"container\">\n\t\t\t\t\t<div class=\"e-con-inner\">\n\t\t\t\t<div class=\"elementor-element elementor-element-c44aeba elementor-widget elementor-widget-heading\" data-id=\"c44aeba\" data-element_type=\"widget\" data-widget_type=\"heading.default\">\n\t\t\t\t<div class=\"elementor-widget-container\">\n\t\t\t\t\t<h1 class=\"elementor-heading-title elementor-size-default\">JOBINFORMATIQUE  vous dit tout\u202f!  <\/h1>\t\t\t\t<\/div>\n\t\t\t\t<\/div>\n\t\t\t\t\t<\/div>\n\t\t\t\t<\/div>\n\t\t<div class=\"elementor-element elementor-element-7dafef2 e-flex e-con-boxed e-con e-parent\" data-id=\"7dafef2\" data-element_type=\"container\">\n\t\t\t\t\t<div class=\"e-con-inner\">\n\t\t\t\t<div class=\"elementor-element elementor-element-55c3824 elementor-widget elementor-widget-heading\" data-id=\"55c3824\" data-element_type=\"widget\" data-widget_type=\"heading.default\">\n\t\t\t\t<div class=\"elementor-widget-container\">\n\t\t\t\t\t<h2 class=\"elementor-heading-title elementor-size-default\">Cours informatique \u00e0 distance et cr\u00e9dit d\u2019imp\u00f4t\u202f: est-ce compatible\u202f? <\/h2>\t\t\t\t<\/div>\n\t\t\t\t<\/div>\n\t\t\t\t<div class=\"elementor-element elementor-element-2c25942 elementor-widget elementor-widget-text-editor\" data-id=\"2c25942\" data-element_type=\"widget\" data-widget_type=\"text-editor.default\">\n\t\t\t\t<div class=\"elementor-widget-container\">\n\t\t\t\t\t\t\t\t\t<p>Non, pour \u00eatre consid\u00e9r\u00e9e comme une prestation de service \u00e0 la personne, la formation doit \u00eatre dispens\u00e9e \u00e0 domicile.<\/p>\t\t\t\t\t\t\t\t<\/div>\n\t\t\t\t<\/div>\n\t\t\t\t\t<\/div>\n\t\t\t\t<\/div>\n\t\t<div class=\"elementor-element elementor-element-d41cb80 e-flex e-con-boxed e-con e-parent\" data-id=\"d41cb80\" data-element_type=\"container\">\n\t\t\t\t\t<div class=\"e-con-inner\">\n\t\t\t\t<div class=\"elementor-element elementor-element-fbb12d1 elementor-widget elementor-widget-heading\" data-id=\"fbb12d1\" data-element_type=\"widget\" data-widget_type=\"heading.default\">\n\t\t\t\t<div class=\"elementor-widget-container\">\n\t\t\t\t\t<h2 class=\"elementor-heading-title elementor-size-default\">Combien de temps pr\u00e9voir pour une formation tablette\u202f? <\/h2>\t\t\t\t<\/div>\n\t\t\t\t<\/div>\n\t\t\t\t\t<\/div>\n\t\t\t\t<\/div>\n\t\t<div class=\"elementor-element elementor-element-3a23b90 e-flex e-con-boxed e-con e-parent\" data-id=\"3a23b90\" data-element_type=\"container\">\n\t\t\t\t\t<div class=\"e-con-inner\">\n\t\t\t\t<div class=\"elementor-element elementor-element-0aa0cfb elementor-widget elementor-widget-text-editor\" data-id=\"0aa0cfb\" data-element_type=\"widget\" data-widget_type=\"text-editor.default\">\n\t\t\t\t<div class=\"elementor-widget-container\">\n\t\t\t\t\t\t\t\t\t<p>Le temps de formation d\u00e9pend de votre niveau de base et du niveau que vous souhaitez atteindre. Une \u00e9valuation r\u00e9alis\u00e9e par l\u2019informaticien professionnel\u202fvous permettra de vous situer et d\u2019avoir une estimation du temps et du budget \u00e0 pr\u00e9voir pour atteindre vos objectifs.<\/p>\t\t\t\t\t\t\t\t<\/div>\n\t\t\t\t<\/div>\n\t\t\t\t\t<\/div>\n\t\t\t\t<\/div>\n\t\t<div class=\"elementor-element elementor-element-5e61be5 e-flex e-con-boxed e-con e-parent\" data-id=\"5e61be5\" data-element_type=\"container\">\n\t\t\t\t\t<div class=\"e-con-inner\">\n\t\t\t\t<div class=\"elementor-element elementor-element-b625d6a elementor-widget elementor-widget-heading\" data-id=\"b625d6a\" data-element_type=\"widget\" data-widget_type=\"heading.default\">\n\t\t\t\t<div class=\"elementor-widget-container\">\n\t\t\t\t\t<h2 class=\"elementor-heading-title elementor-size-default\">Comment faire une demande de devis sur JOBINFORMATIQUE.ORG \n?  <\/h2>\t\t\t\t<\/div>\n\t\t\t\t<\/div>\n\t\t\t\t\t<\/div>\n\t\t\t\t<\/div>\n\t\t<div class=\"elementor-element elementor-element-8975686 e-flex e-con-boxed e-con e-parent\" data-id=\"8975686\" data-element_type=\"container\">\n\t\t\t\t\t<div class=\"e-con-inner\">\n\t\t\t\t<div class=\"elementor-element elementor-element-301f61b elementor-widget elementor-widget-text-editor\" data-id=\"301f61b\" data-element_type=\"widget\" data-widget_type=\"text-editor.default\">\n\t\t\t\t<div class=\"elementor-widget-container\">\n\t\t\t\t\t\t\t\t\t<p>Rien de plus simple, il vous suffit de remplir le formulaire de demande de devis en y renseignant un maximum de d\u00e9tails possibles afin que l&rsquo;informaticien puisse faire une estimation tarifaire pr\u00e9cise de votre projet.<\/p>\t\t\t\t\t\t\t\t<\/div>\n\t\t\t\t<\/div>\n\t\t\t\t\t<\/div>\n\t\t\t\t<\/div>\n\t\t\t\t<\/div>\n\t\t","protected":false},"excerpt":{"rendered":"<p>Cours informatique sur la prise en main d\u2019une tablette Les nouvelles technologies sont plus en plus nombreuses et peuvent \u00eatre complexes \u00e0 appr\u00e9hender. En effet, le fonctionnement d\u2019un ordinateur, d\u2019un smartphone (t\u00e9l\u00e9phone portable nouvelle g\u00e9n\u00e9ration) ou bien de leur version \u00ab\u202fhybride\u202f\u00bb, la tablette, peut para\u00eetre complexe pour certaines personnes et ce, quel que soit le [&hellip;]<\/p>\n","protected":false},"author":1,"featured_media":0,"parent":0,"menu_order":0,"comment_status":"closed","ping_status":"closed","template":"","meta":{"footnotes":""},"class_list":["post-406","page","type-page","status-publish","hentry","entry"],"_links":{"self":[{"href":"https:\/\/www.jobinformatique.org\/index.php?rest_route=\/wp\/v2\/pages\/406","targetHints":{"allow":["GET"]}}],"collection":[{"href":"https:\/\/www.jobinformatique.org\/index.php?rest_route=\/wp\/v2\/pages"}],"about":[{"href":"https:\/\/www.jobinformatique.org\/index.php?rest_route=\/wp\/v2\/types\/page"}],"author":[{"embeddable":true,"href":"https:\/\/www.jobinformatique.org\/index.php?rest_route=\/wp\/v2\/users\/1"}],"replies":[{"embeddable":true,"href":"https:\/\/www.jobinformatique.org\/index.php?rest_route=%2Fwp%2Fv2%2Fcomments&post=406"}],"version-history":[{"count":26,"href":"https:\/\/www.jobinformatique.org\/index.php?rest_route=\/wp\/v2\/pages\/406\/revisions"}],"predecessor-version":[{"id":597,"href":"https:\/\/www.jobinformatique.org\/index.php?rest_route=\/wp\/v2\/pages\/406\/revisions\/597"}],"wp:attachment":[{"href":"https:\/\/www.jobinformatique.org\/index.php?rest_route=%2Fwp%2Fv2%2Fmedia&parent=406"}],"curies":[{"name":"wp","href":"https:\/\/api.w.org\/{rel}","templated":true}]}}