{"id":430,"date":"2025-01-16T09:27:33","date_gmt":"2025-01-16T08:27:33","guid":{"rendered":"https:\/\/www.jobinformatique.org\/?page_id=430"},"modified":"2025-01-16T09:42:53","modified_gmt":"2025-01-16T08:42:53","slug":"ordinateurs","status":"publish","type":"page","link":"https:\/\/www.jobinformatique.org\/?page_id=430","title":{"rendered":"ORDINATEURS"},"content":{"rendered":"\t\t<div data-elementor-type=\"wp-page\" data-elementor-id=\"430\" class=\"elementor elementor-430\">\n\t\t\t\t<div class=\"elementor-element elementor-element-3c0c7cf e-flex e-con-boxed e-con e-parent\" data-id=\"3c0c7cf\" data-element_type=\"container\">\n\t\t\t\t\t<div class=\"e-con-inner\">\n\t\t\t\t<div class=\"elementor-element elementor-element-85b30a6 elementor-widget elementor-widget-heading\" data-id=\"85b30a6\" data-element_type=\"widget\" data-widget_type=\"heading.default\">\n\t\t\t\t<div class=\"elementor-widget-container\">\n\t\t\t\t\t<h1 class=\"elementor-heading-title elementor-size-default\">Formation sur la prise en main des ordinateurs <\/h1>\t\t\t\t<\/div>\n\t\t\t\t<\/div>\n\t\t\t\t\t<\/div>\n\t\t\t\t<\/div>\n\t\t<div class=\"elementor-element elementor-element-c8c52f5 e-flex e-con-boxed e-con e-parent\" data-id=\"c8c52f5\" data-element_type=\"container\">\n\t\t\t\t\t<div class=\"e-con-inner\">\n\t\t\t\t<div class=\"elementor-element elementor-element-d920847 elementor-widget elementor-widget-image\" data-id=\"d920847\" data-element_type=\"widget\" data-widget_type=\"image.default\">\n\t\t\t\t<div class=\"elementor-widget-container\">\n\t\t\t\t\t\t\t\t\t\t\t\t\t\t\t<img fetchpriority=\"high\" decoding=\"async\" width=\"1000\" height=\"288\" src=\"https:\/\/www.jobinformatique.org\/wp-content\/uploads\/2024\/05\/index09.jpg\" class=\"attachment-large size-large wp-image-20\" alt=\"\" srcset=\"https:\/\/www.jobinformatique.org\/wp-content\/uploads\/2024\/05\/index09.jpg 1000w, https:\/\/www.jobinformatique.org\/wp-content\/uploads\/2024\/05\/index09-300x86.jpg 300w, https:\/\/www.jobinformatique.org\/wp-content\/uploads\/2024\/05\/index09-768x221.jpg 768w, https:\/\/www.jobinformatique.org\/wp-content\/uploads\/2024\/05\/index09-500x144.jpg 500w\" sizes=\"(max-width: 1000px) 100vw, 1000px\" \/>\t\t\t\t\t\t\t\t\t\t\t\t\t\t\t<\/div>\n\t\t\t\t<\/div>\n\t\t\t\t\t<\/div>\n\t\t\t\t<\/div>\n\t\t<div class=\"elementor-element elementor-element-7bf5922 e-flex e-con-boxed e-con e-parent\" data-id=\"7bf5922\" data-element_type=\"container\">\n\t\t\t\t\t<div class=\"e-con-inner\">\n\t\t\t\t<div class=\"elementor-element elementor-element-3180355 elementor-widget elementor-widget-spacer\" data-id=\"3180355\" data-element_type=\"widget\" data-widget_type=\"spacer.default\">\n\t\t\t\t<div class=\"elementor-widget-container\">\n\t\t\t\t\t\t\t<div class=\"elementor-spacer\">\n\t\t\t<div class=\"elementor-spacer-inner\"><\/div>\n\t\t<\/div>\n\t\t\t\t\t\t<\/div>\n\t\t\t\t<\/div>\n\t\t\t\t\t<\/div>\n\t\t\t\t<\/div>\n\t\t<div class=\"elementor-element elementor-element-26ab7c6 e-grid e-con-boxed e-con e-parent\" data-id=\"26ab7c6\" data-element_type=\"container\">\n\t\t\t\t\t<div class=\"e-con-inner\">\n\t\t\t\t<div class=\"elementor-element elementor-element-d812868 elementor-widget elementor-widget-image\" data-id=\"d812868\" data-element_type=\"widget\" data-widget_type=\"image.default\">\n\t\t\t\t<div class=\"elementor-widget-container\">\n\t\t\t\t\t\t\t\t\t\t\t\t\t\t\t<img decoding=\"async\" width=\"376\" height=\"251\" src=\"https:\/\/www.jobinformatique.org\/wp-content\/uploads\/2025\/01\/Capture-decran-2025-01-16-092824.png\" class=\"attachment-large size-large wp-image-432\" alt=\"\" srcset=\"https:\/\/www.jobinformatique.org\/wp-content\/uploads\/2025\/01\/Capture-decran-2025-01-16-092824.png 376w, https:\/\/www.jobinformatique.org\/wp-content\/uploads\/2025\/01\/Capture-decran-2025-01-16-092824-300x200.png 300w\" sizes=\"(max-width: 376px) 100vw, 376px\" \/>\t\t\t\t\t\t\t\t\t\t\t\t\t\t\t<\/div>\n\t\t\t\t<\/div>\n\t\t\t\t<div class=\"elementor-element elementor-element-cda357e elementor-widget elementor-widget-text-editor\" data-id=\"cda357e\" data-element_type=\"widget\" data-widget_type=\"text-editor.default\">\n\t\t\t\t<div class=\"elementor-widget-container\">\n\t\t\t\t\t\t\t\t\t<div class=\"text-box fadeInUp\"><p><span class=\"TextRun Highlight SCXW38488019 BCX0\" lang=\"FR-FR\" xml:lang=\"FR-FR\" data-contrast=\"none\"><span class=\"NormalTextRun SCXW38488019 BCX0\">Vous souhaitez apprendre \u00e0 utiliser votre ordinateur\u202f<\/span><span class=\"NormalTextRun SCXW38488019 BCX0\">et vous \u00eates \u00e0 la recherche d\u2019un formateur professionnel <\/span><span class=\"NormalTextRun SCXW38488019 BCX0\">? Quel que <\/span><span class=\"NormalTextRun SCXW38488019 BCX0\">soit le mod\u00e8le que vous poss\u00e9dez et son syst\u00e8me d\u2019exploitation, <\/span><span class=\"NormalTextRun SCXW38488019 BCX0\">PC sous Windows ou MAC sous Apple, <\/span><span class=\"NormalTextRun SCXW38488019 BCX0\">son utilisation peut \u00eatre complexe<\/span><span class=\"NormalTextRun SCXW38488019 BCX0\">. V<\/span><span class=\"NormalTextRun SCXW38488019 BCX0\">ous pouvez profiter<\/span><span class=\"NormalTextRun SCXW38488019 BCX0\"> alors<\/span><span class=\"NormalTextRun SCXW38488019 BCX0\"> d\u2019un cours d\u2019initiation ou de formation \u00e0 domicile avec un informaticien professionnel qui vous fera b\u00e9n\u00e9ficier de son exp\u00e9rience et de son expertise <\/span><span class=\"NormalTextRun SCXW38488019 BCX0\">en vous d\u00e9livrant tous les trucs et astuces utiles pour prendre en main votre ordinateur.<\/span><\/span><span class=\"EOP SCXW38488019 BCX0\" data-ccp-props=\"{&quot;201341983&quot;:0,&quot;335559739&quot;:160,&quot;335559740&quot;:259}\">\u00a0<\/span><\/p><\/div>\t\t\t\t\t\t\t\t<\/div>\n\t\t\t\t<\/div>\n\t\t\t\t\t<\/div>\n\t\t\t\t<\/div>\n\t\t<div class=\"elementor-element elementor-element-26fb121 e-flex e-con-boxed e-con e-parent\" data-id=\"26fb121\" data-element_type=\"container\">\n\t\t\t\t\t<div class=\"e-con-inner\">\n\t\t\t\t<div class=\"elementor-element elementor-element-54011bf elementor-widget elementor-widget-heading\" data-id=\"54011bf\" data-element_type=\"widget\" data-widget_type=\"heading.default\">\n\t\t\t\t<div class=\"elementor-widget-container\">\n\t\t\t\t\t<h2 class=\"elementor-heading-title elementor-size-default\">Comment apprendre la base de l\u2019informatique\u202f? <\/h2>\t\t\t\t<\/div>\n\t\t\t\t<\/div>\n\t\t\t\t\t<\/div>\n\t\t\t\t<\/div>\n\t\t<div class=\"elementor-element elementor-element-e37c386 e-flex e-con-boxed e-con e-parent\" data-id=\"e37c386\" data-element_type=\"container\">\n\t\t\t\t\t<div class=\"e-con-inner\">\n\t\t\t\t<div class=\"elementor-element elementor-element-9373cf4 elementor-widget elementor-widget-text-editor\" data-id=\"9373cf4\" data-element_type=\"widget\" data-widget_type=\"text-editor.default\">\n\t\t\t\t<div class=\"elementor-widget-container\">\n\t\t\t\t\t\t\t\t\t<p>La base de l\u2019informatique peut para\u00eetre inn\u00e9e pour certains et plus complexe pour d\u2019autres. Des formations d\u2019initiation peuvent \u00eatre dispens\u00e9es \u00e0 domicile pour apprendre, en toute simplicit\u00e9, \u00e0 utiliser un ordinateur\u202fet notamment :\u00a0<\/p><ul class=\"wp-block-list\"><li>Installer et utiliser des logiciels\u202f;\u00a0<\/li><li>Effectuer des recherches sur internet et naviguer sur diff\u00e9rents sites web\u202f;\u00a0<\/li><li>Cr\u00e9er un compte sur les r\u00e9seaux sociaux\u202f;\u00a0<\/li><li>Communiquer \u00e0 distance en toute s\u00e9curit\u00e9\u202f;\u00a0<\/li><li>Jouer \u00e0 des jeux en ligne\u202f;\u00a0<\/li><li>Savoir utiliser des outils informatiques de bureautique : traitement de texte (Word, Libre Office, Page\u2026)\u202f;\u00a0<\/li><li>Et bien plus encore.\u00a0<\/li><\/ul><p>Quel que soit votre niveau, un informaticien professionnel saura l\u2019\u00e9valuer et vous former pour atteindre les comp\u00e9tences souhait\u00e9es. Il pourra alors estimer la quantit\u00e9 de travail n\u00e9cessaire \u00e0 votre formation et \u00e9tablir un programme de formation pour vous faire d\u00e9couvrir toutes les techniques d\u2019utilisation de votre ordinateur et vous donner toutes les informations utiles pour ma\u00eetriser et g\u00e9rer les fonctionnalit\u00e9s de ce dernier.\u00a0\u00a0<\/p>\t\t\t\t\t\t\t\t<\/div>\n\t\t\t\t<\/div>\n\t\t\t\t\t<\/div>\n\t\t\t\t<\/div>\n\t\t<div class=\"elementor-element elementor-element-fd36569 e-flex e-con-boxed e-con e-parent\" data-id=\"fd36569\" data-element_type=\"container\">\n\t\t\t\t\t<div class=\"e-con-inner\">\n\t\t\t\t<div class=\"elementor-element elementor-element-c870f75 elementor-widget elementor-widget-heading\" data-id=\"c870f75\" data-element_type=\"widget\" data-widget_type=\"heading.default\">\n\t\t\t\t<div class=\"elementor-widget-container\">\n\t\t\t\t\t<h2 class=\"elementor-heading-title elementor-size-default\">Initiation \u00e0 l\u2019ordinateur\u202fdans le cadre des services \u00e0 la personne  <\/h2>\t\t\t\t<\/div>\n\t\t\t\t<\/div>\n\t\t\t\t\t<\/div>\n\t\t\t\t<\/div>\n\t\t<div class=\"elementor-element elementor-element-ef3eb0f e-flex e-con-boxed e-con e-parent\" data-id=\"ef3eb0f\" data-element_type=\"container\">\n\t\t\t\t\t<div class=\"e-con-inner\">\n\t\t\t\t<div class=\"elementor-element elementor-element-9fb2efe elementor-widget elementor-widget-text-editor\" data-id=\"9fb2efe\" data-element_type=\"widget\" data-widget_type=\"text-editor.default\">\n\t\t\t\t<div class=\"elementor-widget-container\">\n\t\t\t\t\t\t\t\t\t<p>B\u00e9n\u00e9ficiez d\u2019un cours particulier \u00e0 domicile, loin d\u2019un centre de formation, pour que l\u2019informaticien professionnel soit d\u00e9di\u00e9 \u00e0 votre formation\u202f: vous pouvez avancer \u00e0 votre rythme\u202f! La formation informatique \u00e0 domicile entre dans le cadre des services \u00e0 la personne et vous permet de profiter, en tant que particulier, d\u2019un cr\u00e9dit d\u2019imp\u00f4t de 50% sur le montant des d\u00e9penses dans la limite de 3\u202f000\u20ac par an et par foyer fiscal.<\/p><p>Faites gratuitement une demande de devis en ligne.<\/p>\t\t\t\t\t\t\t\t<\/div>\n\t\t\t\t<\/div>\n\t\t\t\t\t<\/div>\n\t\t\t\t<\/div>\n\t\t<div class=\"elementor-element elementor-element-381d9b6 e-flex e-con-boxed e-con e-parent\" data-id=\"381d9b6\" data-element_type=\"container\">\n\t\t\t\t\t<div class=\"e-con-inner\">\n\t\t\t\t<div class=\"elementor-element elementor-element-882648d elementor-widget elementor-widget-text-editor\" data-id=\"882648d\" data-element_type=\"widget\" data-widget_type=\"text-editor.default\">\n\t\t\t\t<div class=\"elementor-widget-container\">\n\t\t\t\t\t\t\t\t\t<p>Pour rappel, la formation informatique \u00e0 usage professionnel n\u2019est pas comprise dans les services \u00e0 la personne et n\u2019ouvre pas droit au cr\u00e9dit d\u2019imp\u00f4t.<\/p>\t\t\t\t\t\t\t\t<\/div>\n\t\t\t\t<\/div>\n\t\t\t\t\t<\/div>\n\t\t\t\t<\/div>\n\t\t<div class=\"elementor-element elementor-element-9de8646 e-flex e-con-boxed e-con e-parent\" data-id=\"9de8646\" data-element_type=\"container\">\n\t\t\t\t\t<div class=\"e-con-inner\">\n\t\t\t\t<div class=\"elementor-element elementor-element-a839bc9 elementor-widget elementor-widget-heading\" data-id=\"a839bc9\" data-element_type=\"widget\" data-widget_type=\"heading.default\">\n\t\t\t\t<div class=\"elementor-widget-container\">\n\t\t\t\t\t<h1 class=\"elementor-heading-title elementor-size-default\">JOBINFORMATIQUE vous dit tout sur la formation informatique\u202f! <\/h1>\t\t\t\t<\/div>\n\t\t\t\t<\/div>\n\t\t\t\t\t<\/div>\n\t\t\t\t<\/div>\n\t\t<div class=\"elementor-element elementor-element-463f792 e-flex e-con-boxed e-con e-parent\" data-id=\"463f792\" data-element_type=\"container\">\n\t\t\t\t\t<div class=\"e-con-inner\">\n\t\t\t\t<div class=\"elementor-element elementor-element-cac5c8c elementor-widget elementor-widget-heading\" data-id=\"cac5c8c\" data-element_type=\"widget\" data-widget_type=\"heading.default\">\n\t\t\t\t<div class=\"elementor-widget-container\">\n\t\t\t\t\t<h2 class=\"elementor-heading-title elementor-size-default\">Proposez-vous des cours d\u2019informatique aux seniors\u202f? <\/h2>\t\t\t\t<\/div>\n\t\t\t\t<\/div>\n\t\t\t\t\t<\/div>\n\t\t\t\t<\/div>\n\t\t<div class=\"elementor-element elementor-element-e20beb2 e-flex e-con-boxed e-con e-parent\" data-id=\"e20beb2\" data-element_type=\"container\">\n\t\t\t\t\t<div class=\"e-con-inner\">\n\t\t\t\t<div class=\"elementor-element elementor-element-f453d66 elementor-widget elementor-widget-text-editor\" data-id=\"f453d66\" data-element_type=\"widget\" data-widget_type=\"text-editor.default\">\n\t\t\t\t<div class=\"elementor-widget-container\">\n\t\t\t\t\t\t\t\t\t<p>Oui, l&rsquo;informaticien professionnel met son exp\u00e9rience au service de toutes les personnes souhaitant apprendre les bases de l\u2019informatique.<\/p>\t\t\t\t\t\t\t\t<\/div>\n\t\t\t\t<\/div>\n\t\t\t\t\t<\/div>\n\t\t\t\t<\/div>\n\t\t<div class=\"elementor-element elementor-element-7923a23 e-flex e-con-boxed e-con e-parent\" data-id=\"7923a23\" data-element_type=\"container\">\n\t\t\t\t\t<div class=\"e-con-inner\">\n\t\t\t\t<div class=\"elementor-element elementor-element-42aeeb6 elementor-widget elementor-widget-heading\" data-id=\"42aeeb6\" data-element_type=\"widget\" data-widget_type=\"heading.default\">\n\t\t\t\t<div class=\"elementor-widget-container\">\n\t\t\t\t\t<h2 class=\"elementor-heading-title elementor-size-default\">Comment comprendre son ordinateur\u202f?  <\/h2>\t\t\t\t<\/div>\n\t\t\t\t<\/div>\n\t\t\t\t\t<\/div>\n\t\t\t\t<\/div>\n\t\t<div class=\"elementor-element elementor-element-2c79253 e-flex e-con-boxed e-con e-parent\" data-id=\"2c79253\" data-element_type=\"container\">\n\t\t\t\t\t<div class=\"e-con-inner\">\n\t\t\t\t<div class=\"elementor-element elementor-element-20736eb elementor-widget elementor-widget-text-editor\" data-id=\"20736eb\" data-element_type=\"widget\" data-widget_type=\"text-editor.default\">\n\t\t\t\t<div class=\"elementor-widget-container\">\n\t\t\t\t\t\t\t\t\t<p>Les nouvelles technologies dont font partie les ordinateurs, aussi bien PC que MAC comportent de nombreuses fonctionnalit\u00e9s qui ne sont pas \u00e9videntes \u00e0 comprendre. Pour essayer d\u2019y voir plus clair et ma\u00eetriser son ordinateur quelle que soit sa marque, vous pouvez opter pour un cours d\u2019initiation ou de formation \u00e0 domicile avec un informaticien \u00e0 domicile. Faites une demande de devis gratuite.<\/p>\t\t\t\t\t\t\t\t<\/div>\n\t\t\t\t<\/div>\n\t\t\t\t\t<\/div>\n\t\t\t\t<\/div>\n\t\t<div class=\"elementor-element elementor-element-9b83759 e-flex e-con-boxed e-con e-parent\" data-id=\"9b83759\" data-element_type=\"container\">\n\t\t\t\t\t<div class=\"e-con-inner\">\n\t\t\t\t<div class=\"elementor-element elementor-element-656ada8 elementor-widget elementor-widget-heading\" data-id=\"656ada8\" data-element_type=\"widget\" data-widget_type=\"heading.default\">\n\t\t\t\t<div class=\"elementor-widget-container\">\n\t\t\t\t\t<h2 class=\"elementor-heading-title elementor-size-default\">Les formations d\u2019informatique \u00e0 domicile ouvrent-elles droit \u00e0 un cr\u00e9dit d\u2019imp\u00f4t\u202f? <\/h2>\t\t\t\t<\/div>\n\t\t\t\t<\/div>\n\t\t\t\t\t<\/div>\n\t\t\t\t<\/div>\n\t\t<div class=\"elementor-element elementor-element-91699d9 e-flex e-con-boxed e-con e-parent\" data-id=\"91699d9\" data-element_type=\"container\">\n\t\t\t\t\t<div class=\"e-con-inner\">\n\t\t\t\t<div class=\"elementor-element elementor-element-e1de011 elementor-widget elementor-widget-text-editor\" data-id=\"e1de011\" data-element_type=\"widget\" data-widget_type=\"text-editor.default\">\n\t\t\t\t<div class=\"elementor-widget-container\">\n\t\t\t\t\t\t\t\t\t<p>Les formations d\u2019informatique \u00e0 domicile dans le cadre d\u2019un usage personnel sont des prestations incluses dans le cadre des services \u00e0 la personne et ouvrent droit \u00e0 un cr\u00e9dit d\u2019imp\u00f4t de 50% du montant d\u00e9pens\u00e9 dans la limite de 3\u202f000\u20ac par an et par foyer fiscal selon l\u2019article 199 sexdecies du code g\u00e9n\u00e9ral des imp\u00f4ts. L&rsquo;entreprise JOBINFORMATIQUE est agr\u00e9\u00e9e aupr\u00e8s de la coop\u00e9rative de SAP UNIPROS qui ouvre droit au cr\u00e9dit d&rsquo;imp\u00f4t.<\/p>\t\t\t\t\t\t\t\t<\/div>\n\t\t\t\t<\/div>\n\t\t\t\t\t<\/div>\n\t\t\t\t<\/div>\n\t\t<div class=\"elementor-element elementor-element-bdc04b1 e-flex e-con-boxed e-con e-parent\" data-id=\"bdc04b1\" data-element_type=\"container\">\n\t\t\t\t\t<div class=\"e-con-inner\">\n\t\t\t\t<div class=\"elementor-element elementor-element-4ab014b elementor-widget elementor-widget-heading\" data-id=\"4ab014b\" data-element_type=\"widget\" data-widget_type=\"heading.default\">\n\t\t\t\t<div class=\"elementor-widget-container\">\n\t\t\t\t\t<h2 class=\"elementor-heading-title elementor-size-default\">Cr\u00e9dit d\u2019imp\u00f4t et CPF (compte personnel de formation)\u202f: quelle diff\u00e9rence\u202f? <\/h2>\t\t\t\t<\/div>\n\t\t\t\t<\/div>\n\t\t\t\t\t<\/div>\n\t\t\t\t<\/div>\n\t\t<div class=\"elementor-element elementor-element-068b274 e-flex e-con-boxed e-con e-parent\" data-id=\"068b274\" data-element_type=\"container\">\n\t\t\t\t\t<div class=\"e-con-inner\">\n\t\t\t\t<div class=\"elementor-element elementor-element-5b44a4a elementor-widget elementor-widget-text-editor\" data-id=\"5b44a4a\" data-element_type=\"widget\" data-widget_type=\"text-editor.default\">\n\t\t\t\t<div class=\"elementor-widget-container\">\n\t\t\t\t\t\t\t\t\t<p>Le compte personnel de formation concerne les formations professionnelles et peuvent \u00eatre r\u00e9alis\u00e9es en pr\u00e9sentiel en centre de formation et en distanciel. Les formations informatiques \u00e0 usage personnel r\u00e9alis\u00e9es \u00e0 domicile sont, quant \u00e0 elles, \u00e9ligibles au cr\u00e9dit d\u2019imp\u00f4t.<\/p>\t\t\t\t\t\t\t\t<\/div>\n\t\t\t\t<\/div>\n\t\t\t\t\t<\/div>\n\t\t\t\t<\/div>\n\t\t\t\t<\/div>\n\t\t","protected":false},"excerpt":{"rendered":"<p>Formation sur la prise en main des ordinateurs Vous souhaitez apprendre \u00e0 utiliser votre ordinateur\u202fet vous \u00eates \u00e0 la recherche d\u2019un formateur professionnel ? Quel que soit le mod\u00e8le que vous poss\u00e9dez et son syst\u00e8me d\u2019exploitation, PC sous Windows ou MAC sous Apple, son utilisation peut \u00eatre complexe. Vous pouvez profiter alors d\u2019un cours d\u2019initiation [&hellip;]<\/p>\n","protected":false},"author":1,"featured_media":0,"parent":0,"menu_order":0,"comment_status":"closed","ping_status":"closed","template":"","meta":{"footnotes":""},"class_list":["post-430","page","type-page","status-publish","hentry","entry"],"_links":{"self":[{"href":"https:\/\/www.jobinformatique.org\/index.php?rest_route=\/wp\/v2\/pages\/430","targetHints":{"allow":["GET"]}}],"collection":[{"href":"https:\/\/www.jobinformatique.org\/index.php?rest_route=\/wp\/v2\/pages"}],"about":[{"href":"https:\/\/www.jobinformatique.org\/index.php?rest_route=\/wp\/v2\/types\/page"}],"author":[{"embeddable":true,"href":"https:\/\/www.jobinformatique.org\/index.php?rest_route=\/wp\/v2\/users\/1"}],"replies":[{"embeddable":true,"href":"https:\/\/www.jobinformatique.org\/index.php?rest_route=%2Fwp%2Fv2%2Fcomments&post=430"}],"version-history":[{"count":4,"href":"https:\/\/www.jobinformatique.org\/index.php?rest_route=\/wp\/v2\/pages\/430\/revisions"}],"predecessor-version":[{"id":435,"href":"https:\/\/www.jobinformatique.org\/index.php?rest_route=\/wp\/v2\/pages\/430\/revisions\/435"}],"wp:attachment":[{"href":"https:\/\/www.jobinformatique.org\/index.php?rest_route=%2Fwp%2Fv2%2Fmedia&parent=430"}],"curies":[{"name":"wp","href":"https:\/\/api.w.org\/{rel}","templated":true}]}}