{"id":493,"date":"2025-01-16T13:58:55","date_gmt":"2025-01-16T12:58:55","guid":{"rendered":"https:\/\/www.jobinformatique.org\/?page_id=493"},"modified":"2025-01-16T14:20:33","modified_gmt":"2025-01-16T13:20:33","slug":"prix-devis-formation","status":"publish","type":"page","link":"https:\/\/www.jobinformatique.org\/?page_id=493","title":{"rendered":"Prix &amp; Devis formation"},"content":{"rendered":"\t\t<div data-elementor-type=\"wp-page\" data-elementor-id=\"493\" class=\"elementor elementor-493\">\n\t\t\t\t<div class=\"elementor-element elementor-element-2cc0605 e-flex e-con-boxed e-con e-parent\" data-id=\"2cc0605\" data-element_type=\"container\">\n\t\t\t\t\t<div class=\"e-con-inner\">\n\t\t\t\t<div class=\"elementor-element elementor-element-262cf1f elementor-widget elementor-widget-image\" data-id=\"262cf1f\" data-element_type=\"widget\" data-widget_type=\"image.default\">\n\t\t\t\t<div class=\"elementor-widget-container\">\n\t\t\t\t\t\t\t\t\t\t\t\t\t\t\t<img fetchpriority=\"high\" decoding=\"async\" width=\"1000\" height=\"288\" src=\"https:\/\/www.jobinformatique.org\/wp-content\/uploads\/2024\/05\/index11.jpg\" class=\"attachment-large size-large wp-image-22\" alt=\"\" srcset=\"https:\/\/www.jobinformatique.org\/wp-content\/uploads\/2024\/05\/index11.jpg 1000w, https:\/\/www.jobinformatique.org\/wp-content\/uploads\/2024\/05\/index11-300x86.jpg 300w, https:\/\/www.jobinformatique.org\/wp-content\/uploads\/2024\/05\/index11-768x221.jpg 768w, https:\/\/www.jobinformatique.org\/wp-content\/uploads\/2024\/05\/index11-500x144.jpg 500w\" sizes=\"(max-width: 1000px) 100vw, 1000px\" \/>\t\t\t\t\t\t\t\t\t\t\t\t\t\t\t<\/div>\n\t\t\t\t<\/div>\n\t\t\t\t<div class=\"elementor-element elementor-element-0367cac elementor-widget elementor-widget-spacer\" data-id=\"0367cac\" data-element_type=\"widget\" data-widget_type=\"spacer.default\">\n\t\t\t\t<div class=\"elementor-widget-container\">\n\t\t\t\t\t\t\t<div class=\"elementor-spacer\">\n\t\t\t<div class=\"elementor-spacer-inner\"><\/div>\n\t\t<\/div>\n\t\t\t\t\t\t<\/div>\n\t\t\t\t<\/div>\n\t\t\t\t<div class=\"elementor-element elementor-element-36b9524 elementor-widget elementor-widget-heading\" data-id=\"36b9524\" data-element_type=\"widget\" data-widget_type=\"heading.default\">\n\t\t\t\t<div class=\"elementor-widget-container\">\n\t\t\t\t\t<h1 class=\"elementor-heading-title elementor-size-default\">Prix et devis pour une formation informatique \u00e0 domicile<\/h1>\t\t\t\t<\/div>\n\t\t\t\t<\/div>\n\t\t\t\t<div class=\"elementor-element elementor-element-9b1c37a elementor-widget elementor-widget-image\" data-id=\"9b1c37a\" data-element_type=\"widget\" data-widget_type=\"image.default\">\n\t\t\t\t<div class=\"elementor-widget-container\">\n\t\t\t\t\t\t\t\t\t\t\t\t\t\t\t<img decoding=\"async\" width=\"974\" height=\"321\" src=\"https:\/\/www.jobinformatique.org\/wp-content\/uploads\/2025\/01\/Capture-decran-2025-01-16-140005.png\" class=\"attachment-large size-large wp-image-495\" alt=\"\" srcset=\"https:\/\/www.jobinformatique.org\/wp-content\/uploads\/2025\/01\/Capture-decran-2025-01-16-140005.png 974w, https:\/\/www.jobinformatique.org\/wp-content\/uploads\/2025\/01\/Capture-decran-2025-01-16-140005-300x99.png 300w, https:\/\/www.jobinformatique.org\/wp-content\/uploads\/2025\/01\/Capture-decran-2025-01-16-140005-768x253.png 768w\" sizes=\"(max-width: 974px) 100vw, 974px\" \/>\t\t\t\t\t\t\t\t\t\t\t\t\t\t\t<\/div>\n\t\t\t\t<\/div>\n\t\t\t\t\t<\/div>\n\t\t\t\t<\/div>\n\t\t<div class=\"elementor-element elementor-element-20db645 e-flex e-con-boxed e-con e-parent\" data-id=\"20db645\" data-element_type=\"container\">\n\t\t\t\t\t<div class=\"e-con-inner\">\n\t\t\t\t<div class=\"elementor-element elementor-element-73a40d8 elementor-widget elementor-widget-text-editor\" data-id=\"73a40d8\" data-element_type=\"widget\" data-widget_type=\"text-editor.default\">\n\t\t\t\t<div class=\"elementor-widget-container\">\n\t\t\t\t\t\t\t\t\t<p>Vous \u00eates \u00e0 la recherche d\u2019une entreprise avec un informaticien professionnel pour vous former \u00e0 l\u2019informatique, \u00e0 l\u2019utilisation des outils bureautiques tels que Word, Excel, Pages\u2026 ou tout simplement \u00e0 la navigation sur le web\u202fmais vous ne connaissez pas les tarifs en vigueur\u202f?<\/p><p>JOBINFORMATIQUE vous \u00e9claire sur les tarifs moyens pratiqu\u00e9s par les professionnels de l\u2019informatique concernant les prestations d\u2019initiation, de formation et de cours informatiques \u00e0 domicile\u202f!<\/p>\t\t\t\t\t\t\t\t<\/div>\n\t\t\t\t<\/div>\n\t\t\t\t\t<\/div>\n\t\t\t\t<\/div>\n\t\t<div class=\"elementor-element elementor-element-00003ec e-flex e-con-boxed e-con e-parent\" data-id=\"00003ec\" data-element_type=\"container\">\n\t\t\t\t\t<div class=\"e-con-inner\">\n\t\t\t\t<div class=\"elementor-element elementor-element-c192eed elementor-widget elementor-widget-heading\" data-id=\"c192eed\" data-element_type=\"widget\" data-widget_type=\"heading.default\">\n\t\t\t\t<div class=\"elementor-widget-container\">\n\t\t\t\t\t<h2 class=\"elementor-heading-title elementor-size-default\">Quel est le tarif moyen d\u2019un cours informatique \u00e0 domicile*\u202f?  <\/h2>\t\t\t\t<\/div>\n\t\t\t\t<\/div>\n\t\t\t\t\t<\/div>\n\t\t\t\t<\/div>\n\t\t<div class=\"elementor-element elementor-element-5763f49 e-flex e-con-boxed e-con e-parent\" data-id=\"5763f49\" data-element_type=\"container\">\n\t\t\t\t\t<div class=\"e-con-inner\">\n\t\t\t\t<div class=\"elementor-element elementor-element-fc20df7 elementor-widget elementor-widget-text-editor\" data-id=\"fc20df7\" data-element_type=\"widget\" data-widget_type=\"text-editor.default\">\n\t\t\t\t<div class=\"elementor-widget-container\">\n\t\t\t\t\t\t\t\t\t<p>De mani\u00e8re g\u00e9n\u00e9rale, il est difficile d\u2019\u00e9tablir des prix moyens. En effet, ces derniers peuvent varier notamment en fonction de :<\/p><ul class=\"wp-block-list\"><li>votre situation g\u00e9ographique en France : Les prix pratiqu\u00e9s par les informaticiens professionnels \u00e0 Paris sont plus \u00e9lev\u00e9s que ceux pratiqu\u00e9s par les informaticiens en province par exemple ;<\/li><li>des forfaits propos\u00e9s par les professionnels.\u00a0\u00a0<\/li><\/ul>\t\t\t\t\t\t\t\t<\/div>\n\t\t\t\t<\/div>\n\t\t\t\t\t<\/div>\n\t\t\t\t<\/div>\n\t\t<div class=\"elementor-element elementor-element-599a63e e-flex e-con-boxed e-con e-parent\" data-id=\"599a63e\" data-element_type=\"container\">\n\t\t\t\t\t<div class=\"e-con-inner\">\n\t\t\t\t<div class=\"elementor-element elementor-element-9c20ee7 elementor-widget elementor-widget-image\" data-id=\"9c20ee7\" data-element_type=\"widget\" data-widget_type=\"image.default\">\n\t\t\t\t<div class=\"elementor-widget-container\">\n\t\t\t\t\t\t\t\t\t\t\t\t\t\t\t<img decoding=\"async\" width=\"976\" height=\"296\" src=\"https:\/\/www.jobinformatique.org\/wp-content\/uploads\/2025\/01\/Capture-decran-2025-01-16-140419.png\" class=\"attachment-large size-large wp-image-496\" alt=\"\" srcset=\"https:\/\/www.jobinformatique.org\/wp-content\/uploads\/2025\/01\/Capture-decran-2025-01-16-140419.png 976w, https:\/\/www.jobinformatique.org\/wp-content\/uploads\/2025\/01\/Capture-decran-2025-01-16-140419-300x91.png 300w, https:\/\/www.jobinformatique.org\/wp-content\/uploads\/2025\/01\/Capture-decran-2025-01-16-140419-768x233.png 768w\" sizes=\"(max-width: 976px) 100vw, 976px\" \/>\t\t\t\t\t\t\t\t\t\t\t\t\t\t\t<\/div>\n\t\t\t\t<\/div>\n\t\t\t\t\t<\/div>\n\t\t\t\t<\/div>\n\t\t<div class=\"elementor-element elementor-element-0705617 e-flex e-con-boxed e-con e-parent\" data-id=\"0705617\" data-element_type=\"container\">\n\t\t\t\t\t<div class=\"e-con-inner\">\n\t\t\t\t<div class=\"elementor-element elementor-element-e5745ae elementor-widget elementor-widget-text-editor\" data-id=\"e5745ae\" data-element_type=\"widget\" data-widget_type=\"text-editor.default\">\n\t\t\t\t<div class=\"elementor-widget-container\">\n\t\t\t\t\t\t\t\t\t<p>*<em>Prix constat\u00e9s sur le march\u00e9\u00a0<\/em><\/p>\t\t\t\t\t\t\t\t<\/div>\n\t\t\t\t<\/div>\n\t\t\t\t\t<\/div>\n\t\t\t\t<\/div>\n\t\t<div class=\"elementor-element elementor-element-3e23f88 e-flex e-con-boxed e-con e-parent\" data-id=\"3e23f88\" data-element_type=\"container\">\n\t\t\t\t\t<div class=\"e-con-inner\">\n\t\t\t\t<div class=\"elementor-element elementor-element-0d4ff25 elementor-widget elementor-widget-text-editor\" data-id=\"0d4ff25\" data-element_type=\"widget\" data-widget_type=\"text-editor.default\">\n\t\t\t\t<div class=\"elementor-widget-container\">\n\t\t\t\t\t\t\t\t\t<p>Saviez-vous que l&rsquo;entreprise JOBINFORMATIQUE est adh\u00e9rente de <a href=\"https:\/\/unipros.coop\/\" target=\"_blank\" rel=\"noreferrer noopener\">la coop\u00e9rative UNIPROS<\/a> et de ce fait, est agr\u00e9\u00e9e pour vous proposer un cr\u00e9dit d\u2019imp\u00f4t de 50% sur le montant des prestations qui entrent dans le cadre des services \u00e0 la personne, dont la formation informatique fait partie\u202f? Apr\u00e8s une formation r\u00e9alis\u00e9e par un professionnel, la bureautique et l\u2019informatique n\u2019auront plus de secret pour vous\u202f! Concr\u00e9tisez votre projet de formation et faites gratuitement <a href=\"http:\/\/informaticienadomicile.com\">une demande de devis en ligne<\/a>\u202f!\u00a0<\/p>\t\t\t\t\t\t\t\t<\/div>\n\t\t\t\t<\/div>\n\t\t\t\t\t<\/div>\n\t\t\t\t<\/div>\n\t\t<div class=\"elementor-element elementor-element-b8295d6 e-flex e-con-boxed e-con e-parent\" data-id=\"b8295d6\" data-element_type=\"container\">\n\t\t\t\t\t<div class=\"e-con-inner\">\n\t\t\t\t<div class=\"elementor-element elementor-element-d1802ea elementor-widget elementor-widget-heading\" data-id=\"d1802ea\" data-element_type=\"widget\" data-widget_type=\"heading.default\">\n\t\t\t\t<div class=\"elementor-widget-container\">\n\t\t\t\t\t<h2 class=\"elementor-heading-title elementor-size-default\">Comment obtenir un devis pour une formation informatique\u202f\u00e0 domicile ? <\/h2>\t\t\t\t<\/div>\n\t\t\t\t<\/div>\n\t\t\t\t\t<\/div>\n\t\t\t\t<\/div>\n\t\t<div class=\"elementor-element elementor-element-63ef54e e-flex e-con-boxed e-con e-parent\" data-id=\"63ef54e\" data-element_type=\"container\">\n\t\t\t\t\t<div class=\"e-con-inner\">\n\t\t\t\t<div class=\"elementor-element elementor-element-f7c1543 elementor-widget elementor-widget-text-editor\" data-id=\"f7c1543\" data-element_type=\"widget\" data-widget_type=\"text-editor.default\">\n\t\t\t\t<div class=\"elementor-widget-container\">\n\t\t\t\t\t\t\t\t\t<p>Sur le site JOBINFORMATIQUE.ORG vous pouvez remplir gratuitement <a href=\"http:\/\/informaticienadomicile.com\">un formulaire de demande de devis<\/a> en ligne. Simple et rapide, il vous suffit de renseigner\u202f:\u00a0<\/p><ul class=\"wp-block-list\"><li>Votre projet de formation\u202fen le d\u00e9taillant un maximum\u202f: sur quels supports souhaitez-vous \u00eates form\u00e9(e), quels sont les logiciels que vous souhaitez utiliser, etc.\u202f;\u00a0<\/li><li>Vos coordonn\u00e9es afin d\u2019\u00eatre recontact\u00e9(e) par e-mail ou par t\u00e9l\u00e9phone, sous 72h, par notre informaticien.\u00a0<\/li><\/ul><p>N\u2019attendez plus, faites gratuitement une demande de devis sur JOBINFORMATIQUE.ORG\u202f!\u00a0<\/p>\t\t\t\t\t\t\t\t<\/div>\n\t\t\t\t<\/div>\n\t\t\t\t\t<\/div>\n\t\t\t\t<\/div>\n\t\t<div class=\"elementor-element elementor-element-b0751e5 e-flex e-con-boxed e-con e-parent\" data-id=\"b0751e5\" data-element_type=\"container\">\n\t\t\t\t\t<div class=\"e-con-inner\">\n\t\t\t\t<div class=\"elementor-element elementor-element-f44006c elementor-widget elementor-widget-heading\" data-id=\"f44006c\" data-element_type=\"widget\" data-widget_type=\"heading.default\">\n\t\t\t\t<div class=\"elementor-widget-container\">\n\t\t\t\t\t<h1 class=\"elementor-heading-title elementor-size-default\">JOBINFORMATIQUE r\u00e9pond \u00e0 toutes vos questions ! <\/h1>\t\t\t\t<\/div>\n\t\t\t\t<\/div>\n\t\t\t\t\t<\/div>\n\t\t\t\t<\/div>\n\t\t<div class=\"elementor-element elementor-element-154c2c5 e-flex e-con-boxed e-con e-parent\" data-id=\"154c2c5\" data-element_type=\"container\">\n\t\t\t\t\t<div class=\"e-con-inner\">\n\t\t\t\t<div class=\"elementor-element elementor-element-a32310e elementor-widget elementor-widget-heading\" data-id=\"a32310e\" data-element_type=\"widget\" data-widget_type=\"heading.default\">\n\t\t\t\t<div class=\"elementor-widget-container\">\n\t\t\t\t\t<h2 class=\"elementor-heading-title elementor-size-default\">Comment d\u00e9finir la dur\u00e9e de la formation informatique\u202f? <\/h2>\t\t\t\t<\/div>\n\t\t\t\t<\/div>\n\t\t\t\t\t<\/div>\n\t\t\t\t<\/div>\n\t\t<div class=\"elementor-element elementor-element-3dd3ad8 e-flex e-con-boxed e-con e-parent\" data-id=\"3dd3ad8\" data-element_type=\"container\">\n\t\t\t\t\t<div class=\"e-con-inner\">\n\t\t\t\t<div class=\"elementor-element elementor-element-27f995f elementor-widget elementor-widget-text-editor\" data-id=\"27f995f\" data-element_type=\"widget\" data-widget_type=\"text-editor.default\">\n\t\t\t\t<div class=\"elementor-widget-container\">\n\t\t\t\t\t\t\t\t\t<p>Pour d\u00e9finir la dur\u00e9e n\u00e9cessaire de la formation informatique, il faut tout d\u2019abord d\u00e9finir votre niveau de base ainsi que le niveau que vous souhaitez atteindre. En fonction de ces donn\u00e9es, notre informaticien professionnel pourra estimer le forfait d\u2019heures indispensable \u00e0 la cr\u00e9ation d\u2019un plan de formation sur-mesure et \u00e0 la r\u00e9ussite de cette derni\u00e8re.<\/p>\t\t\t\t\t\t\t\t<\/div>\n\t\t\t\t<\/div>\n\t\t\t\t\t<\/div>\n\t\t\t\t<\/div>\n\t\t<div class=\"elementor-element elementor-element-a63859b e-flex e-con-boxed e-con e-parent\" data-id=\"a63859b\" data-element_type=\"container\">\n\t\t\t\t\t<div class=\"e-con-inner\">\n\t\t\t\t<div class=\"elementor-element elementor-element-5763db1 elementor-widget elementor-widget-heading\" data-id=\"5763db1\" data-element_type=\"widget\" data-widget_type=\"heading.default\">\n\t\t\t\t<div class=\"elementor-widget-container\">\n\t\t\t\t\t<h2 class=\"elementor-heading-title elementor-size-default\">La formation informatique \u00e0 domicile est-elle \u00e9ligible au cr\u00e9dit d\u2019imp\u00f4t\u202f? <\/h2>\t\t\t\t<\/div>\n\t\t\t\t<\/div>\n\t\t\t\t\t<\/div>\n\t\t\t\t<\/div>\n\t\t<div class=\"elementor-element elementor-element-8f01b76 e-flex e-con-boxed e-con e-parent\" data-id=\"8f01b76\" data-element_type=\"container\">\n\t\t\t\t\t<div class=\"e-con-inner\">\n\t\t\t\t<div class=\"elementor-element elementor-element-c547c63 elementor-widget elementor-widget-text-editor\" data-id=\"c547c63\" data-element_type=\"widget\" data-widget_type=\"text-editor.default\">\n\t\t\t\t<div class=\"elementor-widget-container\">\n\t\t\t\t\t\t\t\t\t<p>Oui, l\u2019initiation, la formation et les cours informatiques \u00e0 domicile sont incluses dans les prestations d\u2019assistance informatique \u00e0 domicile, secteur qui est compris dans les services \u00e0 la personne selon l\u2019article 199 sexdecies du code g\u00e9n\u00e9ral des imp\u00f4ts. En tant que particulier, gr\u00e2ce aux services \u00e0 la personne, vous pouvez b\u00e9n\u00e9ficier de 50% de cr\u00e9dit d\u2019imp\u00f4t sur le montant des prestations factur\u00e9es dans la limite de 3\u202f000\u20ac par an et par foyer fiscal.<\/p>\t\t\t\t\t\t\t\t<\/div>\n\t\t\t\t<\/div>\n\t\t\t\t\t<\/div>\n\t\t\t\t<\/div>\n\t\t<div class=\"elementor-element elementor-element-710984d e-flex e-con-boxed e-con e-parent\" data-id=\"710984d\" data-element_type=\"container\">\n\t\t\t\t\t<div class=\"e-con-inner\">\n\t\t\t\t<div class=\"elementor-element elementor-element-8b7f538 elementor-widget elementor-widget-heading\" data-id=\"8b7f538\" data-element_type=\"widget\" data-widget_type=\"heading.default\">\n\t\t\t\t<div class=\"elementor-widget-container\">\n\t\t\t\t\t<h2 class=\"elementor-heading-title elementor-size-default\">La formation professionnelle entre-t-elle dans le cadre des services \u00e0 la personne\u202f? <\/h2>\t\t\t\t<\/div>\n\t\t\t\t<\/div>\n\t\t\t\t\t<\/div>\n\t\t\t\t<\/div>\n\t\t<div class=\"elementor-element elementor-element-ac0f4a2 e-flex e-con-boxed e-con e-parent\" data-id=\"ac0f4a2\" data-element_type=\"container\">\n\t\t\t\t\t<div class=\"e-con-inner\">\n\t\t\t\t<div class=\"elementor-element elementor-element-e78d1dd elementor-widget elementor-widget-text-editor\" data-id=\"e78d1dd\" data-element_type=\"widget\" data-widget_type=\"text-editor.default\">\n\t\t\t\t<div class=\"elementor-widget-container\">\n\t\t\t\t\t\t\t\t\t<p>Non, la formation professionnelle n\u2019entre pas dans le cadre des services \u00e0 la personne. Seules les formations \u00e0 des fins personnelles ouvrent droit au cr\u00e9dit d\u2019imp\u00f4t de 50%. En effet, l\u2019objectif de la prestation d\u2019initiation ou de formation informatique \u00e0 domicile est de permettre aux particuliers d\u2019utiliser de mani\u00e8re autonome et quotidienne un outil informatique\u202f: ordinateurs, t\u00e9l\u00e9phones portables, tablettes, logiciel, internet\u2026<\/p>\t\t\t\t\t\t\t\t<\/div>\n\t\t\t\t<\/div>\n\t\t\t\t\t<\/div>\n\t\t\t\t<\/div>\n\t\t\t\t<\/div>\n\t\t","protected":false},"excerpt":{"rendered":"<p>Prix et devis pour une formation informatique \u00e0 domicile Vous \u00eates \u00e0 la recherche d\u2019une entreprise avec un informaticien professionnel pour vous former \u00e0 l\u2019informatique, \u00e0 l\u2019utilisation des outils bureautiques tels que Word, Excel, Pages\u2026 ou tout simplement \u00e0 la navigation sur le web\u202fmais vous ne connaissez pas les tarifs en vigueur\u202f? JOBINFORMATIQUE vous \u00e9claire [&hellip;]<\/p>\n","protected":false},"author":1,"featured_media":0,"parent":0,"menu_order":0,"comment_status":"closed","ping_status":"closed","template":"","meta":{"footnotes":""},"class_list":["post-493","page","type-page","status-publish","hentry","entry"],"_links":{"self":[{"href":"https:\/\/www.jobinformatique.org\/index.php?rest_route=\/wp\/v2\/pages\/493","targetHints":{"allow":["GET"]}}],"collection":[{"href":"https:\/\/www.jobinformatique.org\/index.php?rest_route=\/wp\/v2\/pages"}],"about":[{"href":"https:\/\/www.jobinformatique.org\/index.php?rest_route=\/wp\/v2\/types\/page"}],"author":[{"embeddable":true,"href":"https:\/\/www.jobinformatique.org\/index.php?rest_route=\/wp\/v2\/users\/1"}],"replies":[{"embeddable":true,"href":"https:\/\/www.jobinformatique.org\/index.php?rest_route=%2Fwp%2Fv2%2Fcomments&post=493"}],"version-history":[{"count":10,"href":"https:\/\/www.jobinformatique.org\/index.php?rest_route=\/wp\/v2\/pages\/493\/revisions"}],"predecessor-version":[{"id":506,"href":"https:\/\/www.jobinformatique.org\/index.php?rest_route=\/wp\/v2\/pages\/493\/revisions\/506"}],"wp:attachment":[{"href":"https:\/\/www.jobinformatique.org\/index.php?rest_route=%2Fwp%2Fv2%2Fmedia&parent=493"}],"curies":[{"name":"wp","href":"https:\/\/api.w.org\/{rel}","templated":true}]}}