{"id":511,"date":"2025-01-16T14:30:29","date_gmt":"2025-01-16T13:30:29","guid":{"rendered":"https:\/\/www.jobinformatique.org\/?page_id=511"},"modified":"2025-01-16T14:49:21","modified_gmt":"2025-01-16T13:49:21","slug":"tarifs-assistance","status":"publish","type":"page","link":"https:\/\/www.jobinformatique.org\/?page_id=511","title":{"rendered":"TARIFS ASSISTANCE"},"content":{"rendered":"\t\t<div data-elementor-type=\"wp-page\" data-elementor-id=\"511\" class=\"elementor elementor-511\">\n\t\t\t\t<div class=\"elementor-element elementor-element-5d8560d e-flex e-con-boxed e-con e-parent\" data-id=\"5d8560d\" data-element_type=\"container\">\n\t\t\t\t\t<div class=\"e-con-inner\">\n\t\t\t\t<div class=\"elementor-element elementor-element-11f615f elementor-widget elementor-widget-image\" data-id=\"11f615f\" data-element_type=\"widget\" data-widget_type=\"image.default\">\n\t\t\t\t<div class=\"elementor-widget-container\">\n\t\t\t\t\t\t\t\t\t\t\t\t\t\t\t<img fetchpriority=\"high\" decoding=\"async\" width=\"1000\" height=\"288\" src=\"https:\/\/www.jobinformatique.org\/wp-content\/uploads\/2024\/05\/index04.jpg\" class=\"attachment-large size-large wp-image-15\" alt=\"\" srcset=\"https:\/\/www.jobinformatique.org\/wp-content\/uploads\/2024\/05\/index04.jpg 1000w, https:\/\/www.jobinformatique.org\/wp-content\/uploads\/2024\/05\/index04-300x86.jpg 300w, https:\/\/www.jobinformatique.org\/wp-content\/uploads\/2024\/05\/index04-768x221.jpg 768w, https:\/\/www.jobinformatique.org\/wp-content\/uploads\/2024\/05\/index04-500x144.jpg 500w\" sizes=\"(max-width: 1000px) 100vw, 1000px\" \/>\t\t\t\t\t\t\t\t\t\t\t\t\t\t\t<\/div>\n\t\t\t\t<\/div>\n\t\t\t\t<div class=\"elementor-element elementor-element-868ddb7 elementor-widget elementor-widget-spacer\" data-id=\"868ddb7\" data-element_type=\"widget\" data-widget_type=\"spacer.default\">\n\t\t\t\t<div class=\"elementor-widget-container\">\n\t\t\t\t\t\t\t<div class=\"elementor-spacer\">\n\t\t\t<div class=\"elementor-spacer-inner\"><\/div>\n\t\t<\/div>\n\t\t\t\t\t\t<\/div>\n\t\t\t\t<\/div>\n\t\t\t\t\t<\/div>\n\t\t\t\t<\/div>\n\t\t<div class=\"elementor-element elementor-element-5df6a18 e-flex e-con-boxed e-con e-parent\" data-id=\"5df6a18\" data-element_type=\"container\">\n\t\t\t\t\t<div class=\"e-con-inner\">\n\t\t\t\t<div class=\"elementor-element elementor-element-96e1c23 elementor-widget elementor-widget-heading\" data-id=\"96e1c23\" data-element_type=\"widget\" data-widget_type=\"heading.default\">\n\t\t\t\t<div class=\"elementor-widget-container\">\n\t\t\t\t\t<h1 class=\"elementor-heading-title elementor-size-default\">D\u00e9pannage informatique \u00e0 domicile pour particulier : prix et devis<\/h1>\t\t\t\t<\/div>\n\t\t\t\t<\/div>\n\t\t\t\t\t<\/div>\n\t\t\t\t<\/div>\n\t\t<div class=\"elementor-element elementor-element-75bcf91 e-flex e-con-boxed e-con e-parent\" data-id=\"75bcf91\" data-element_type=\"container\">\n\t\t\t\t\t<div class=\"e-con-inner\">\n\t\t\t\t<div class=\"elementor-element elementor-element-fb5ebe9 elementor-widget elementor-widget-image\" data-id=\"fb5ebe9\" data-element_type=\"widget\" data-widget_type=\"image.default\">\n\t\t\t\t<div class=\"elementor-widget-container\">\n\t\t\t\t\t\t\t\t\t\t\t\t\t\t\t<img decoding=\"async\" width=\"975\" height=\"326\" src=\"https:\/\/www.jobinformatique.org\/wp-content\/uploads\/2025\/01\/Capture-decran-2025-01-16-143208.png\" class=\"attachment-large size-large wp-image-513\" alt=\"\" srcset=\"https:\/\/www.jobinformatique.org\/wp-content\/uploads\/2025\/01\/Capture-decran-2025-01-16-143208.png 975w, https:\/\/www.jobinformatique.org\/wp-content\/uploads\/2025\/01\/Capture-decran-2025-01-16-143208-300x100.png 300w, https:\/\/www.jobinformatique.org\/wp-content\/uploads\/2025\/01\/Capture-decran-2025-01-16-143208-768x257.png 768w\" sizes=\"(max-width: 975px) 100vw, 975px\" \/>\t\t\t\t\t\t\t\t\t\t\t\t\t\t\t<\/div>\n\t\t\t\t<\/div>\n\t\t\t\t\t<\/div>\n\t\t\t\t<\/div>\n\t\t<div class=\"elementor-element elementor-element-2377441 e-flex e-con-boxed e-con e-parent\" data-id=\"2377441\" data-element_type=\"container\">\n\t\t\t\t\t<div class=\"e-con-inner\">\n\t\t\t\t<div class=\"elementor-element elementor-element-e32811a elementor-widget elementor-widget-text-editor\" data-id=\"e32811a\" data-element_type=\"widget\" data-widget_type=\"text-editor.default\">\n\t\t\t\t<div class=\"elementor-widget-container\">\n\t\t\t\t\t\t\t\t\t<p>Un probl\u00e8me avec votre ordinateur, votre t\u00e9l\u00e9phone portable, votre connexion internet ou encore votre imprimante ? JOBINFORMATIQUE a la solution ! Encore faut-il connaitre le prix pour r\u00e9parer l\u2019un de vos mat\u00e9riels informatiques, votre r\u00e9seau ou encore des logiciels.<\/p>\t\t\t\t\t\t\t\t<\/div>\n\t\t\t\t<\/div>\n\t\t\t\t\t<\/div>\n\t\t\t\t<\/div>\n\t\t<div class=\"elementor-element elementor-element-cbd52a3 e-flex e-con-boxed e-con e-parent\" data-id=\"cbd52a3\" data-element_type=\"container\">\n\t\t\t\t\t<div class=\"e-con-inner\">\n\t\t\t\t<div class=\"elementor-element elementor-element-ae2ec6f elementor-widget elementor-widget-heading\" data-id=\"ae2ec6f\" data-element_type=\"widget\" data-widget_type=\"heading.default\">\n\t\t\t\t<div class=\"elementor-widget-container\">\n\t\t\t\t\t<h2 class=\"elementor-heading-title elementor-size-default\">Quel est le tarif moyen d\u2019un d\u00e9pannage informatique \u00e0 domicile ? * <\/h2>\t\t\t\t<\/div>\n\t\t\t\t<\/div>\n\t\t\t\t\t<\/div>\n\t\t\t\t<\/div>\n\t\t<div class=\"elementor-element elementor-element-8195566 e-flex e-con-boxed e-con e-parent\" data-id=\"8195566\" data-element_type=\"container\">\n\t\t\t\t\t<div class=\"e-con-inner\">\n\t\t\t\t<div class=\"elementor-element elementor-element-57ababa elementor-widget elementor-widget-text-editor\" data-id=\"57ababa\" data-element_type=\"widget\" data-widget_type=\"text-editor.default\">\n\t\t\t\t<div class=\"elementor-widget-container\">\n\t\t\t\t\t\t\t\t\t<p>Dans chacune des prestations de d\u00e9pannage et assistance informatique, il est difficile d\u2019avoir un tarif moyen car celui-ci varie selon plusieurs facteurs : le professionnel, la dur\u00e9e de la ou des prestations de d\u00e9pannage, l\u2019endroit o\u00f9 a lieu le d\u00e9pannage (dans de grandes villes ou en province) et donc les frais de d\u00e9placement. Les prestations diff\u00e8rent \u00e9galement d\u2019un point de vue technique mais aussi horaire : le temps d\u2019intervention ne sera pas le m\u00eame pour l\u2019installation ou la r\u00e9installation d\u2019un logiciel, la r\u00e9paration d\u2019un smartphone ou d\u2019une tablette, la sauvegarde sur un disque dur via un ordinateur ou PC portable. Ainsi, le mat\u00e9riel utilis\u00e9 ne sera pas le m\u00eame et engendrera des co\u00fbts \u00e0 prendre en compte \u00e9galement.<\/p>\t\t\t\t\t\t\t\t<\/div>\n\t\t\t\t<\/div>\n\t\t\t\t\t<\/div>\n\t\t\t\t<\/div>\n\t\t<div class=\"elementor-element elementor-element-9bbd1a4 e-flex e-con-boxed e-con e-parent\" data-id=\"9bbd1a4\" data-element_type=\"container\">\n\t\t\t\t\t<div class=\"e-con-inner\">\n\t\t\t\t<div class=\"elementor-element elementor-element-9c87bf2 elementor-widget elementor-widget-image\" data-id=\"9c87bf2\" data-element_type=\"widget\" data-widget_type=\"image.default\">\n\t\t\t\t<div class=\"elementor-widget-container\">\n\t\t\t\t\t\t\t\t\t\t\t\t\t\t\t<img decoding=\"async\" width=\"976\" height=\"361\" src=\"https:\/\/www.jobinformatique.org\/wp-content\/uploads\/2025\/01\/Capture-decran-2025-01-16-143603.png\" class=\"attachment-large size-large wp-image-515\" alt=\"\" srcset=\"https:\/\/www.jobinformatique.org\/wp-content\/uploads\/2025\/01\/Capture-decran-2025-01-16-143603.png 976w, https:\/\/www.jobinformatique.org\/wp-content\/uploads\/2025\/01\/Capture-decran-2025-01-16-143603-300x111.png 300w, https:\/\/www.jobinformatique.org\/wp-content\/uploads\/2025\/01\/Capture-decran-2025-01-16-143603-768x284.png 768w\" sizes=\"(max-width: 976px) 100vw, 976px\" \/>\t\t\t\t\t\t\t\t\t\t\t\t\t\t\t<\/div>\n\t\t\t\t<\/div>\n\t\t\t\t\t<\/div>\n\t\t\t\t<\/div>\n\t\t<div class=\"elementor-element elementor-element-bbb5f07 e-flex e-con-boxed e-con e-parent\" data-id=\"bbb5f07\" data-element_type=\"container\">\n\t\t\t\t\t<div class=\"e-con-inner\">\n\t\t\t\t<div class=\"elementor-element elementor-element-5657958 elementor-widget elementor-widget-text-editor\" data-id=\"5657958\" data-element_type=\"widget\" data-widget_type=\"text-editor.default\">\n\t\t\t\t<div class=\"elementor-widget-container\">\n\t\t\t\t\t\t\t\t\t<p><em>*Prix constat\u00e9s sur le march\u00e9\u00a0<\/em><\/p>\t\t\t\t\t\t\t\t<\/div>\n\t\t\t\t<\/div>\n\t\t\t\t\t<\/div>\n\t\t\t\t<\/div>\n\t\t<div class=\"elementor-element elementor-element-d4df7e7 e-flex e-con-boxed e-con e-parent\" data-id=\"d4df7e7\" data-element_type=\"container\">\n\t\t\t\t\t<div class=\"e-con-inner\">\n\t\t\t\t<div class=\"elementor-element elementor-element-48e92c9 elementor-widget elementor-widget-text-editor\" data-id=\"48e92c9\" data-element_type=\"widget\" data-widget_type=\"text-editor.default\">\n\t\t\t\t<div class=\"elementor-widget-container\">\n\t\t\t\t\t\t\t\t\t<p>En effet, l&rsquo;entreprise JOBINFORMATIQUE est adh\u00e9rente de <a href=\"https:\/\/unipros.coop\/\" target=\"_blank\" rel=\"noreferrer noopener\">la coop\u00e9rative UNIPROS<\/a>, qui est une coop\u00e9rative de services \u00e0 la personne. Ainsi, chaque intervention effectu\u00e9e pour une prestation de d\u00e9pannage ou assistance informatique vous permet, en tant que particuliers, de b\u00e9n\u00e9ficier d\u2019un cr\u00e9dit d\u2019imp\u00f4t de 50%, selon l\u2019article 199 sexdecies du code g\u00e9n\u00e9ral des imp\u00f4ts.\u00a0<\/p>\t\t\t\t\t\t\t\t<\/div>\n\t\t\t\t<\/div>\n\t\t\t\t\t<\/div>\n\t\t\t\t<\/div>\n\t\t<div class=\"elementor-element elementor-element-ab67b16 e-flex e-con-boxed e-con e-parent\" data-id=\"ab67b16\" data-element_type=\"container\">\n\t\t\t\t\t<div class=\"e-con-inner\">\n\t\t\t\t<div class=\"elementor-element elementor-element-acac7bf elementor-widget elementor-widget-heading\" data-id=\"acac7bf\" data-element_type=\"widget\" data-widget_type=\"heading.default\">\n\t\t\t\t<div class=\"elementor-widget-container\">\n\t\t\t\t\t<h2 class=\"elementor-heading-title elementor-size-default\">Comment obtenir gratuitement un devis pour un d\u00e9pannage informatique \u00e0 domicile ?  <\/h2>\t\t\t\t<\/div>\n\t\t\t\t<\/div>\n\t\t\t\t\t<\/div>\n\t\t\t\t<\/div>\n\t\t<div class=\"elementor-element elementor-element-b1f5d9b e-flex e-con-boxed e-con e-parent\" data-id=\"b1f5d9b\" data-element_type=\"container\">\n\t\t\t\t\t<div class=\"e-con-inner\">\n\t\t\t\t<div class=\"elementor-element elementor-element-ef761b3 elementor-widget elementor-widget-text-editor\" data-id=\"ef761b3\" data-element_type=\"widget\" data-widget_type=\"text-editor.default\">\n\t\t\t\t<div class=\"elementor-widget-container\">\n\t\t\t\t\t\t\t\t\t<p>Gr\u00e2ce \u00e0 JOBINFORMATIQUE.ORG, obtenir des devis gratuitement n\u2019aura jamais \u00e9t\u00e9 aussi simple ! Remplissez simplement la demande de devis en ligne afin que notre professionnel de l\u2019informatique vous transmette son offre tarifaire. Ensuite, il vous suffira de faire votre choix.<\/p>\t\t\t\t\t\t\t\t<\/div>\n\t\t\t\t<\/div>\n\t\t\t\t\t<\/div>\n\t\t\t\t<\/div>\n\t\t<div class=\"elementor-element elementor-element-202507d e-flex e-con-boxed e-con e-parent\" data-id=\"202507d\" data-element_type=\"container\">\n\t\t\t\t\t<div class=\"e-con-inner\">\n\t\t\t\t<div class=\"elementor-element elementor-element-cf0e2e4 elementor-widget elementor-widget-heading\" data-id=\"cf0e2e4\" data-element_type=\"widget\" data-widget_type=\"heading.default\">\n\t\t\t\t<div class=\"elementor-widget-container\">\n\t\t\t\t\t<h1 class=\"elementor-heading-title elementor-size-default\">JOBINFORMATIQUE vous dit tout !  <\/h1>\t\t\t\t<\/div>\n\t\t\t\t<\/div>\n\t\t\t\t\t<\/div>\n\t\t\t\t<\/div>\n\t\t<div class=\"elementor-element elementor-element-a0f4bbd e-flex e-con-boxed e-con e-parent\" data-id=\"a0f4bbd\" data-element_type=\"container\">\n\t\t\t\t\t<div class=\"e-con-inner\">\n\t\t\t\t<div class=\"elementor-element elementor-element-eb12d54 elementor-widget elementor-widget-heading\" data-id=\"eb12d54\" data-element_type=\"widget\" data-widget_type=\"heading.default\">\n\t\t\t\t<div class=\"elementor-widget-container\">\n\t\t\t\t\t<h2 class=\"elementor-heading-title elementor-size-default\">Comment d\u00e9finir la dur\u00e9e d\u2019une prestation de d\u00e9pannage ou assistance informatique ?  <\/h2>\t\t\t\t<\/div>\n\t\t\t\t<\/div>\n\t\t\t\t\t<\/div>\n\t\t\t\t<\/div>\n\t\t<div class=\"elementor-element elementor-element-14307b2 e-flex e-con-boxed e-con e-parent\" data-id=\"14307b2\" data-element_type=\"container\">\n\t\t\t\t\t<div class=\"e-con-inner\">\n\t\t\t\t<div class=\"elementor-element elementor-element-cdffe10 elementor-widget elementor-widget-text-editor\" data-id=\"cdffe10\" data-element_type=\"widget\" data-widget_type=\"text-editor.default\">\n\t\t\t\t<div class=\"elementor-widget-container\">\n\t\t\t\t\t\t\t\t\t<p>La dur\u00e9e varie compl\u00e8tement d\u2019une prestation \u00e0 l\u2019autre ! Ainsi, selon votre demande, l&rsquo;informaticien vous indiquera le temps n\u00e9cessaire pour effectuer la prestation dont vous avez besoin.<\/p>\t\t\t\t\t\t\t\t<\/div>\n\t\t\t\t<\/div>\n\t\t\t\t\t<\/div>\n\t\t\t\t<\/div>\n\t\t<div class=\"elementor-element elementor-element-cd3a24b e-flex e-con-boxed e-con e-parent\" data-id=\"cd3a24b\" data-element_type=\"container\">\n\t\t\t\t\t<div class=\"e-con-inner\">\n\t\t\t\t<div class=\"elementor-element elementor-element-0817eb2 elementor-widget elementor-widget-heading\" data-id=\"0817eb2\" data-element_type=\"widget\" data-widget_type=\"heading.default\">\n\t\t\t\t<div class=\"elementor-widget-container\">\n\t\t\t\t\t<h2 class=\"elementor-heading-title elementor-size-default\">Comment b\u00e9n\u00e9ficier du cr\u00e9dit d\u2019imp\u00f4t pour une prestation de d\u00e9pannage informatique ?  <\/h2>\t\t\t\t<\/div>\n\t\t\t\t<\/div>\n\t\t\t\t\t<\/div>\n\t\t\t\t<\/div>\n\t\t<div class=\"elementor-element elementor-element-9d22647 e-flex e-con-boxed e-con e-parent\" data-id=\"9d22647\" data-element_type=\"container\">\n\t\t\t\t\t<div class=\"e-con-inner\">\n\t\t\t\t<div class=\"elementor-element elementor-element-008006b elementor-widget elementor-widget-text-editor\" data-id=\"008006b\" data-element_type=\"widget\" data-widget_type=\"text-editor.default\">\n\t\t\t\t<div class=\"elementor-widget-container\">\n\t\t\t\t\t\t\t\t\t<p>Vous avez dor\u00e9navant deux options : <br \/>\u2013 Premi\u00e8re option : vous payez le montant total de la facture pour la prestation de d\u00e9pannage ou assistance informatique qui a \u00e9t\u00e9 effectu\u00e9e sur l\u2019ann\u00e9e N. Puis en N+1, lorsque vous ferez votre d\u00e9claration d\u2019imp\u00f4t, vous reporterez le montant indiqu\u00e9 sur votre attestation fiscale afin de recevoir un remboursement ou une d\u00e9duction d\u2019imp\u00f4t de 50% du montant indiqu\u00e9 sur l\u2019attestation fiscale. <br \/>\u2013 Deuxi\u00e8me option : vous avez fait le choix de b\u00e9n\u00e9ficier de l\u2019avance imm\u00e9diate pour r\u00e9gler vos factures de services \u00e0 la personne. Ainsi, vous recevrez les factures sur votre compte personnel de l\u2019Urssaf sur lequel vous devrez r\u00e9gler uniquement 50% du montant des factures.<\/p>\t\t\t\t\t\t\t\t<\/div>\n\t\t\t\t<\/div>\n\t\t\t\t\t<\/div>\n\t\t\t\t<\/div>\n\t\t<div class=\"elementor-element elementor-element-1dc1821 e-flex e-con-boxed e-con e-parent\" data-id=\"1dc1821\" data-element_type=\"container\">\n\t\t\t\t\t<div class=\"e-con-inner\">\n\t\t\t\t<div class=\"elementor-element elementor-element-7ad7d35 elementor-widget elementor-widget-heading\" data-id=\"7ad7d35\" data-element_type=\"widget\" data-widget_type=\"heading.default\">\n\t\t\t\t<div class=\"elementor-widget-container\">\n\t\t\t\t\t<h2 class=\"elementor-heading-title elementor-size-default\">Quel est le d\u00e9lai pour recevoir un devis de votre informaticien professionnel ?  <\/h2>\t\t\t\t<\/div>\n\t\t\t\t<\/div>\n\t\t\t\t\t<\/div>\n\t\t\t\t<\/div>\n\t\t<div class=\"elementor-element elementor-element-4bb1f7e e-flex e-con-boxed e-con e-parent\" data-id=\"4bb1f7e\" data-element_type=\"container\">\n\t\t\t\t\t<div class=\"e-con-inner\">\n\t\t\t\t<div class=\"elementor-element elementor-element-7b41714 elementor-widget elementor-widget-text-editor\" data-id=\"7b41714\" data-element_type=\"widget\" data-widget_type=\"text-editor.default\">\n\t\t\t\t<div class=\"elementor-widget-container\">\n\t\t\t\t\t\t\t\t\t<p>Apr\u00e8s avoir fait votre demande de devis en ligne sur JOBINFORMATIQUE.ORG, vous recevrez un devis dans un d\u00e9lai de 72h maximum.<\/p>\t\t\t\t\t\t\t\t<\/div>\n\t\t\t\t<\/div>\n\t\t\t\t\t<\/div>\n\t\t\t\t<\/div>\n\t\t\t\t<\/div>\n\t\t","protected":false},"excerpt":{"rendered":"<p>D\u00e9pannage informatique \u00e0 domicile pour particulier : prix et devis Un probl\u00e8me avec votre ordinateur, votre t\u00e9l\u00e9phone portable, votre connexion internet ou encore votre imprimante ? JOBINFORMATIQUE a la solution ! Encore faut-il connaitre le prix pour r\u00e9parer l\u2019un de vos mat\u00e9riels informatiques, votre r\u00e9seau ou encore des logiciels. Quel est le tarif moyen d\u2019un [&hellip;]<\/p>\n","protected":false},"author":1,"featured_media":0,"parent":0,"menu_order":0,"comment_status":"closed","ping_status":"closed","template":"","meta":{"footnotes":""},"class_list":["post-511","page","type-page","status-publish","hentry","entry"],"_links":{"self":[{"href":"https:\/\/www.jobinformatique.org\/index.php?rest_route=\/wp\/v2\/pages\/511","targetHints":{"allow":["GET"]}}],"collection":[{"href":"https:\/\/www.jobinformatique.org\/index.php?rest_route=\/wp\/v2\/pages"}],"about":[{"href":"https:\/\/www.jobinformatique.org\/index.php?rest_route=\/wp\/v2\/types\/page"}],"author":[{"embeddable":true,"href":"https:\/\/www.jobinformatique.org\/index.php?rest_route=\/wp\/v2\/users\/1"}],"replies":[{"embeddable":true,"href":"https:\/\/www.jobinformatique.org\/index.php?rest_route=%2Fwp%2Fv2%2Fcomments&post=511"}],"version-history":[{"count":7,"href":"https:\/\/www.jobinformatique.org\/index.php?rest_route=\/wp\/v2\/pages\/511\/revisions"}],"predecessor-version":[{"id":521,"href":"https:\/\/www.jobinformatique.org\/index.php?rest_route=\/wp\/v2\/pages\/511\/revisions\/521"}],"wp:attachment":[{"href":"https:\/\/www.jobinformatique.org\/index.php?rest_route=%2Fwp%2Fv2%2Fmedia&parent=511"}],"curies":[{"name":"wp","href":"https:\/\/api.w.org\/{rel}","templated":true}]}}