{"id":528,"date":"2025-01-16T14:57:11","date_gmt":"2025-01-16T13:57:11","guid":{"rendered":"https:\/\/www.jobinformatique.org\/?page_id=528"},"modified":"2025-01-16T15:04:09","modified_gmt":"2025-01-16T14:04:09","slug":"tarifs-creation-de-site-internet","status":"publish","type":"page","link":"https:\/\/www.jobinformatique.org\/?page_id=528","title":{"rendered":"TARIFS CR\u00c9ATION DE SITE INTERNET"},"content":{"rendered":"\t\t<div data-elementor-type=\"wp-page\" data-elementor-id=\"528\" class=\"elementor elementor-528\">\n\t\t\t\t<div class=\"elementor-element elementor-element-eb8e1d3 e-flex e-con-boxed e-con e-parent\" data-id=\"eb8e1d3\" data-element_type=\"container\">\n\t\t\t\t\t<div class=\"e-con-inner\">\n\t\t\t\t<div class=\"elementor-element elementor-element-9cc8b78 elementor-widget elementor-widget-image\" data-id=\"9cc8b78\" data-element_type=\"widget\" data-widget_type=\"image.default\">\n\t\t\t\t<div class=\"elementor-widget-container\">\n\t\t\t\t\t\t\t\t\t\t\t\t\t\t\t<img fetchpriority=\"high\" decoding=\"async\" width=\"1000\" height=\"288\" src=\"https:\/\/www.jobinformatique.org\/wp-content\/uploads\/2024\/05\/index02.jpg\" class=\"attachment-large size-large wp-image-13\" alt=\"\" srcset=\"https:\/\/www.jobinformatique.org\/wp-content\/uploads\/2024\/05\/index02.jpg 1000w, https:\/\/www.jobinformatique.org\/wp-content\/uploads\/2024\/05\/index02-300x86.jpg 300w, https:\/\/www.jobinformatique.org\/wp-content\/uploads\/2024\/05\/index02-768x221.jpg 768w, https:\/\/www.jobinformatique.org\/wp-content\/uploads\/2024\/05\/index02-500x144.jpg 500w\" sizes=\"(max-width: 1000px) 100vw, 1000px\" \/>\t\t\t\t\t\t\t\t\t\t\t\t\t\t\t<\/div>\n\t\t\t\t<\/div>\n\t\t\t\t<div class=\"elementor-element elementor-element-79bb6b7 elementor-widget elementor-widget-spacer\" data-id=\"79bb6b7\" data-element_type=\"widget\" data-widget_type=\"spacer.default\">\n\t\t\t\t<div class=\"elementor-widget-container\">\n\t\t\t\t\t\t\t<div class=\"elementor-spacer\">\n\t\t\t<div class=\"elementor-spacer-inner\"><\/div>\n\t\t<\/div>\n\t\t\t\t\t\t<\/div>\n\t\t\t\t<\/div>\n\t\t\t\t<div class=\"elementor-element elementor-element-c1c90b4 elementor-widget elementor-widget-image\" data-id=\"c1c90b4\" data-element_type=\"widget\" data-widget_type=\"image.default\">\n\t\t\t\t<div class=\"elementor-widget-container\">\n\t\t\t\t\t\t\t\t\t\t\t\t\t\t\t<img decoding=\"async\" width=\"898\" height=\"503\" src=\"https:\/\/www.jobinformatique.org\/wp-content\/uploads\/2025\/01\/Capture-decran-2025-01-15-231132.png\" class=\"attachment-large size-large wp-image-339\" alt=\"\" srcset=\"https:\/\/www.jobinformatique.org\/wp-content\/uploads\/2025\/01\/Capture-decran-2025-01-15-231132.png 898w, https:\/\/www.jobinformatique.org\/wp-content\/uploads\/2025\/01\/Capture-decran-2025-01-15-231132-300x168.png 300w, https:\/\/www.jobinformatique.org\/wp-content\/uploads\/2025\/01\/Capture-decran-2025-01-15-231132-768x430.png 768w\" sizes=\"(max-width: 898px) 100vw, 898px\" \/>\t\t\t\t\t\t\t\t\t\t\t\t\t\t\t<\/div>\n\t\t\t\t<\/div>\n\t\t\t\t<div class=\"elementor-element elementor-element-4c3a6e8 elementor-widget elementor-widget-heading\" data-id=\"4c3a6e8\" data-element_type=\"widget\" data-widget_type=\"heading.default\">\n\t\t\t\t<div class=\"elementor-widget-container\">\n\t\t\t\t\t<h2 class=\"elementor-heading-title elementor-size-default\">Tarifs pour la cr\u00e9ation de site internet vitrine - blog - e-commerce<\/h2>\t\t\t\t<\/div>\n\t\t\t\t<\/div>\n\t\t\t\t<div class=\"elementor-element elementor-element-cf8e831 elementor-widget elementor-widget-text-editor\" data-id=\"cf8e831\" data-element_type=\"widget\" data-widget_type=\"text-editor.default\">\n\t\t\t\t<div class=\"elementor-widget-container\">\n\t\t\t\t\t\t\t\t\t<p>Il est difficile d\u2019indiquer ce que co\u00fbte un site web, dont le co\u00fbt variera selon le nombre de pages, les fonctionnalit\u00e9s,etc. Cependant voici\u00a0<strong>une grille de tarifs r\u00e9alis\u00e9e \u00e0 partir des estimations <\/strong>propos\u00e9es par 2 Activateurs France Num, Nicolas Thomas, directeur de l\u2019agence web MangoLight pour ce type de prestation et Christine Burguin de Burguindigital :<\/p><ul><li>500 \u00e0 2000 euros pour un site d\u2019une carte de visite (une-page)<\/li><li>900 \u00e0 5 000 euros pour un site basique ;<\/li><li>3 000 \u00e0 10 000 euros pour un site e-commerce ;<\/li><li>5 000 \u00e0 10 000 euros pour une plateforme en ligne.<\/li><\/ul><p>A ce co\u00fbt initial, il faut ajouter des frais r\u00e9currents pour l\u2019h\u00e9bergement, le nom de domaine, et la maintenance du site.<\/p>\t\t\t\t\t\t\t\t<\/div>\n\t\t\t\t<\/div>\n\t\t\t\t\t<\/div>\n\t\t\t\t<\/div>\n\t\t\t\t<\/div>\n\t\t","protected":false},"excerpt":{"rendered":"<p>Tarifs pour la cr\u00e9ation de site internet vitrine &#8211; blog &#8211; e-commerce Il est difficile d\u2019indiquer ce que co\u00fbte un site web, dont le co\u00fbt variera selon le nombre de pages, les fonctionnalit\u00e9s,etc. Cependant voici\u00a0une grille de tarifs r\u00e9alis\u00e9e \u00e0 partir des estimations propos\u00e9es par 2 Activateurs France Num, Nicolas Thomas, directeur de l\u2019agence web [&hellip;]<\/p>\n","protected":false},"author":1,"featured_media":0,"parent":0,"menu_order":0,"comment_status":"closed","ping_status":"closed","template":"","meta":{"footnotes":""},"class_list":["post-528","page","type-page","status-publish","hentry","entry"],"_links":{"self":[{"href":"https:\/\/www.jobinformatique.org\/index.php?rest_route=\/wp\/v2\/pages\/528","targetHints":{"allow":["GET"]}}],"collection":[{"href":"https:\/\/www.jobinformatique.org\/index.php?rest_route=\/wp\/v2\/pages"}],"about":[{"href":"https:\/\/www.jobinformatique.org\/index.php?rest_route=\/wp\/v2\/types\/page"}],"author":[{"embeddable":true,"href":"https:\/\/www.jobinformatique.org\/index.php?rest_route=\/wp\/v2\/users\/1"}],"replies":[{"embeddable":true,"href":"https:\/\/www.jobinformatique.org\/index.php?rest_route=%2Fwp%2Fv2%2Fcomments&post=528"}],"version-history":[{"count":4,"href":"https:\/\/www.jobinformatique.org\/index.php?rest_route=\/wp\/v2\/pages\/528\/revisions"}],"predecessor-version":[{"id":535,"href":"https:\/\/www.jobinformatique.org\/index.php?rest_route=\/wp\/v2\/pages\/528\/revisions\/535"}],"wp:attachment":[{"href":"https:\/\/www.jobinformatique.org\/index.php?rest_route=%2Fwp%2Fv2%2Fmedia&parent=528"}],"curies":[{"name":"wp","href":"https:\/\/api.w.org\/{rel}","templated":true}]}}