{"id":550,"date":"2025-01-16T15:46:38","date_gmt":"2025-01-16T14:46:38","guid":{"rendered":"https:\/\/www.jobinformatique.org\/?page_id=550"},"modified":"2025-01-16T15:59:13","modified_gmt":"2025-01-16T14:59:13","slug":"devis-2","status":"publish","type":"page","link":"https:\/\/www.jobinformatique.org\/?page_id=550","title":{"rendered":"DEVIS EN LIGNE"},"content":{"rendered":"<div class=\"wpforms-container wpforms-container-full wpforms-block wpforms-block-b2bf9600-d3f4-44a1-9e9e-fa2d91df9786 wpforms-render-modern\" id=\"wpforms-541\"><form id=\"wpforms-form-541\" class=\"wpforms-validate wpforms-form wpforms-ajax-form\" data-formid=\"541\" method=\"post\" enctype=\"multipart\/form-data\" action=\"\/index.php?rest_route=%2Fwp%2Fv2%2Fpages%2F550\" data-token=\"04b601fe6f40da9c260532a428841aef\" data-token-time=\"1776657859\"><noscript class=\"wpforms-error-noscript\">Veuillez activer JavaScript dans votre navigateur pour remplir ce formulaire.<\/noscript><div class=\"wpforms-hidden\" id=\"wpforms-error-noscript\">Veuillez activer JavaScript dans votre navigateur pour remplir ce formulaire.<\/div><div class=\"wpforms-field-container\"><div id=\"wpforms-541-field_1-container\" class=\"wpforms-field wpforms-field-name\" data-field-id=\"1\"><fieldset><legend class=\"wpforms-field-label\">Nom <span class=\"wpforms-required-label\" aria-hidden=\"true\">*<\/span><\/legend><div class=\"wpforms-field-row wpforms-field-medium\"><div class=\"wpforms-field-row-block wpforms-first wpforms-one-half\"><input type=\"text\" id=\"wpforms-541-field_1\" class=\"wpforms-field-name-first wpforms-field-required\" name=\"wpforms[fields][1][first]\" aria-errormessage=\"wpforms-541-field_1-error\" required><label for=\"wpforms-541-field_1\" class=\"wpforms-field-sublabel after\">Pr\u00e9nom<\/label><\/div><div class=\"wpforms-field-row-block wpforms-one-half\"><input type=\"text\" id=\"wpforms-541-field_1-last\" class=\"wpforms-field-name-last wpforms-field-required\" name=\"wpforms[fields][1][last]\" aria-errormessage=\"wpforms-541-field_1-last-error\" required><label for=\"wpforms-541-field_1-last\" class=\"wpforms-field-sublabel after\">Nom<\/label><\/div><\/div><\/fieldset><\/div><div id=\"wpforms-541-field_5-container\" class=\"wpforms-field wpforms-field-text\" data-field-id=\"5\"><label class=\"wpforms-field-label\" for=\"wpforms-541-field_5\">Adresse <span class=\"wpforms-required-label\" aria-hidden=\"true\">*<\/span><\/label><input type=\"text\" id=\"wpforms-541-field_5\" class=\"wpforms-field-large wpforms-field-required\" name=\"wpforms[fields][5]\" placeholder=\"Entrer votre adresse\" aria-errormessage=\"wpforms-541-field_5-error\" required><\/div><div id=\"wpforms-541-field_6-container\" class=\"wpforms-field wpforms-field-text\" data-field-id=\"6\"><label class=\"wpforms-field-label\" for=\"wpforms-541-field_6\">T\u00e9l\u00e9phone <span class=\"wpforms-required-label\" aria-hidden=\"true\">*<\/span><\/label><input type=\"text\" id=\"wpforms-541-field_6\" class=\"wpforms-field-medium wpforms-field-required wpforms-limit-characters-enabled\" data-form-id=\"541\" data-field-id=\"6\" data-text-limit=\"10\" name=\"wpforms[fields][6]\" placeholder=\"Entrer votre num\u00e9ro de t\u00e9l\u00e9phone\" aria-errormessage=\"wpforms-541-field_6-error\" maxlength=\"10\" required><\/div><div id=\"wpforms-541-field_2-container\" class=\"wpforms-field wpforms-field-email\" data-field-id=\"2\"><label class=\"wpforms-field-label\" for=\"wpforms-541-field_2\">E-mail <span class=\"wpforms-required-label\" aria-hidden=\"true\">*<\/span><\/label><input type=\"email\" id=\"wpforms-541-field_2\" class=\"wpforms-field-medium wpforms-field-required\" name=\"wpforms[fields][2]\" spellcheck=\"false\" aria-errormessage=\"wpforms-541-field_2-error\" required><\/div><div id=\"wpforms-541-field_9-container\" class=\"wpforms-field wpforms-field-checkbox wpforms-list-2-columns\" data-field-id=\"9\"><fieldset><legend class=\"wpforms-field-label\">Les prestations s\u00e9lectionn\u00e9es permettront \u00e0 l&#039;informaticien de r\u00e9pondre au mieux \u00e0 votre demande. <span class=\"wpforms-required-label\" aria-hidden=\"true\">*<\/span><\/legend><ul id=\"wpforms-541-field_9\" class=\"wpforms-field-required\"><li class=\"choice-1 depth-1\"><input type=\"checkbox\" id=\"wpforms-541-field_9_1\" name=\"wpforms[fields][9][]\" value=\"Maintenance\" aria-errormessage=\"wpforms-541-field_9_1-error\" required ><label class=\"wpforms-field-label-inline\" for=\"wpforms-541-field_9_1\">Maintenance<\/label><\/li><li class=\"choice-2 depth-1\"><input type=\"checkbox\" id=\"wpforms-541-field_9_2\" name=\"wpforms[fields][9][]\" value=\"Mise en service\" aria-errormessage=\"wpforms-541-field_9_2-error\" required ><label class=\"wpforms-field-label-inline\" for=\"wpforms-541-field_9_2\">Mise en service<\/label><\/li><li class=\"choice-3 depth-1\"><input type=\"checkbox\" id=\"wpforms-541-field_9_3\" name=\"wpforms[fields][9][]\" value=\"Mise en service et prise en main\" aria-errormessage=\"wpforms-541-field_9_3-error\" required ><label class=\"wpforms-field-label-inline\" for=\"wpforms-541-field_9_3\">Mise en service et prise en main<\/label><\/li><li class=\"choice-4 depth-1\"><input type=\"checkbox\" id=\"wpforms-541-field_9_4\" name=\"wpforms[fields][9][]\" value=\"Installation\" aria-errormessage=\"wpforms-541-field_9_4-error\" required ><label class=\"wpforms-field-label-inline\" for=\"wpforms-541-field_9_4\">Installation<\/label><\/li><li class=\"choice-5 depth-1\"><input type=\"checkbox\" id=\"wpforms-541-field_9_5\" name=\"wpforms[fields][9][]\" value=\"D\u00e9pannage informatique\" aria-errormessage=\"wpforms-541-field_9_5-error\" required ><label class=\"wpforms-field-label-inline\" for=\"wpforms-541-field_9_5\">D\u00e9pannage informatique<\/label><\/li><li class=\"choice-6 depth-1\"><input type=\"checkbox\" id=\"wpforms-541-field_9_6\" name=\"wpforms[fields][9][]\" value=\"Sauvegarde et r\u00e9cup\u00e9ration de donn\u00e9es\" aria-errormessage=\"wpforms-541-field_9_6-error\" required ><label class=\"wpforms-field-label-inline\" for=\"wpforms-541-field_9_6\">Sauvegarde et r\u00e9cup\u00e9ration de donn\u00e9es<\/label><\/li><li class=\"choice-7 depth-1\"><input type=\"checkbox\" id=\"wpforms-541-field_9_7\" name=\"wpforms[fields][9][]\" value=\"Conseils et livraison au domicile de mat\u00e9riels informatiques\" aria-errormessage=\"wpforms-541-field_9_7-error\" required ><label class=\"wpforms-field-label-inline\" for=\"wpforms-541-field_9_7\">Conseils et livraison au domicile de mat\u00e9riels informatiques<\/label><\/li><li class=\"choice-8 depth-1\"><input type=\"checkbox\" id=\"wpforms-541-field_9_8\" name=\"wpforms[fields][9][]\" value=\"Cours informatique \/ initiation \/ formation\" aria-errormessage=\"wpforms-541-field_9_8-error\" required ><label class=\"wpforms-field-label-inline\" for=\"wpforms-541-field_9_8\">Cours informatique \/ initiation \/ formation<\/label><\/li><\/ul><\/fieldset><\/div><div id=\"wpforms-541-field_10-container\" class=\"wpforms-field wpforms-field-checkbox wpforms-list-2-columns\" data-field-id=\"10\"><fieldset><legend class=\"wpforms-field-label\">Pour quel mat\u00e9riel ? <span class=\"wpforms-required-label\" aria-hidden=\"true\">*<\/span><\/legend><ul id=\"wpforms-541-field_10\" class=\"wpforms-field-required\"><li class=\"choice-1 depth-1\"><input type=\"checkbox\" id=\"wpforms-541-field_10_1\" name=\"wpforms[fields][10][]\" value=\"Ordinateur\" aria-errormessage=\"wpforms-541-field_10_1-error\" required ><label class=\"wpforms-field-label-inline\" for=\"wpforms-541-field_10_1\">Ordinateur<\/label><\/li><li class=\"choice-2 depth-1\"><input type=\"checkbox\" id=\"wpforms-541-field_10_2\" name=\"wpforms[fields][10][]\" value=\"Tablette\" aria-errormessage=\"wpforms-541-field_10_2-error\" required ><label class=\"wpforms-field-label-inline\" for=\"wpforms-541-field_10_2\">Tablette<\/label><\/li><li class=\"choice-3 depth-1\"><input type=\"checkbox\" id=\"wpforms-541-field_10_3\" name=\"wpforms[fields][10][]\" value=\"Smartphone\" aria-errormessage=\"wpforms-541-field_10_3-error\" required ><label class=\"wpforms-field-label-inline\" for=\"wpforms-541-field_10_3\">Smartphone<\/label><\/li><li class=\"choice-4 depth-1\"><input type=\"checkbox\" id=\"wpforms-541-field_10_4\" name=\"wpforms[fields][10][]\" value=\"Imprimante\" aria-errormessage=\"wpforms-541-field_10_4-error\" required ><label class=\"wpforms-field-label-inline\" for=\"wpforms-541-field_10_4\">Imprimante<\/label><\/li><li class=\"choice-5 depth-1\"><input type=\"checkbox\" id=\"wpforms-541-field_10_5\" name=\"wpforms[fields][10][]\" value=\"Logiciel \/ Application\" aria-errormessage=\"wpforms-541-field_10_5-error\" required ><label class=\"wpforms-field-label-inline\" for=\"wpforms-541-field_10_5\">Logiciel \/ Application<\/label><\/li><li class=\"choice-6 depth-1\"><input type=\"checkbox\" id=\"wpforms-541-field_10_6\" name=\"wpforms[fields][10][]\" value=\"Box intenet\" aria-errormessage=\"wpforms-541-field_10_6-error\" required ><label class=\"wpforms-field-label-inline\" for=\"wpforms-541-field_10_6\">Box intenet<\/label><\/li><li class=\"choice-7 depth-1\"><input type=\"checkbox\" id=\"wpforms-541-field_10_7\" name=\"wpforms[fields][10][]\" value=\"Autres p\u00e9riph\u00e9riques\" aria-errormessage=\"wpforms-541-field_10_7-error\" required ><label class=\"wpforms-field-label-inline\" for=\"wpforms-541-field_10_7\">Autres p\u00e9riph\u00e9riques<\/label><\/li><\/ul><\/fieldset><\/div><div id=\"wpforms-541-field_7-container\" class=\"wpforms-field wpforms-field-textarea\" data-field-id=\"7\"><label class=\"wpforms-field-label\" for=\"wpforms-541-field_7\">D\u00e9crivez votre probl\u00e8me ou votre projet. <span class=\"wpforms-required-label\" aria-hidden=\"true\">*<\/span><\/label><textarea id=\"wpforms-541-field_7\" class=\"wpforms-field-large wpforms-field-required\" name=\"wpforms[fields][7]\" aria-errormessage=\"wpforms-541-field_7-error\" required><\/textarea><\/div><\/div><!-- .wpforms-field-container --><div class=\"wpforms-submit-container\" ><input type=\"hidden\" name=\"wpforms[id]\" value=\"541\"><input type=\"hidden\" name=\"page_title\" value=\"\"><input type=\"hidden\" name=\"page_url\" value=\"https:\/\/www.jobinformatique.org\/index.php?rest_route=\/wp\/v2\/pages\/550\"><button type=\"submit\" name=\"wpforms[submit]\" id=\"wpforms-submit-541\" class=\"wpforms-submit\" data-alt-text=\"Envoi...\" data-submit-text=\"Envoyer\" aria-live=\"assertive\" value=\"wpforms-submit\">Envoyer<\/button><img decoding=\"async\" src=\"https:\/\/www.jobinformatique.org\/wp-content\/plugins\/wpforms-lite\/assets\/images\/submit-spin.svg\" class=\"wpforms-submit-spinner\" style=\"display: none;\" width=\"26\" height=\"26\" alt=\"Chargement en cours\"><\/div><\/form><\/div>  <!-- .wpforms-container -->","protected":false},"excerpt":{"rendered":"","protected":false},"author":1,"featured_media":0,"parent":0,"menu_order":0,"comment_status":"closed","ping_status":"closed","template":"","meta":{"footnotes":""},"class_list":["post-550","page","type-page","status-publish","hentry","entry"],"_links":{"self":[{"href":"https:\/\/www.jobinformatique.org\/index.php?rest_route=\/wp\/v2\/pages\/550","targetHints":{"allow":["GET"]}}],"collection":[{"href":"https:\/\/www.jobinformatique.org\/index.php?rest_route=\/wp\/v2\/pages"}],"about":[{"href":"https:\/\/www.jobinformatique.org\/index.php?rest_route=\/wp\/v2\/types\/page"}],"author":[{"embeddable":true,"href":"https:\/\/www.jobinformatique.org\/index.php?rest_route=\/wp\/v2\/users\/1"}],"replies":[{"embeddable":true,"href":"https:\/\/www.jobinformatique.org\/index.php?rest_route=%2Fwp%2Fv2%2Fcomments&post=550"}],"version-history":[{"count":2,"href":"https:\/\/www.jobinformatique.org\/index.php?rest_route=\/wp\/v2\/pages\/550\/revisions"}],"predecessor-version":[{"id":553,"href":"https:\/\/www.jobinformatique.org\/index.php?rest_route=\/wp\/v2\/pages\/550\/revisions\/553"}],"wp:attachment":[{"href":"https:\/\/www.jobinformatique.org\/index.php?rest_route=%2Fwp%2Fv2%2Fmedia&parent=550"}],"curies":[{"name":"wp","href":"https:\/\/api.w.org\/{rel}","templated":true}]}}