{"id":63,"date":"2024-05-20T20:29:18","date_gmt":"2024-05-20T18:29:18","guid":{"rendered":"https:\/\/www.jobinformatique.org\/?page_id=63"},"modified":"2025-01-15T21:32:51","modified_gmt":"2025-01-15T20:32:51","slug":"diagnostic","status":"publish","type":"page","link":"https:\/\/www.jobinformatique.org\/?page_id=63","title":{"rendered":"INTERNET &#038; R\u00c9SEAUX"},"content":{"rendered":"\t\t<div data-elementor-type=\"wp-page\" data-elementor-id=\"63\" class=\"elementor elementor-63\">\n\t\t\t\t<div class=\"elementor-element elementor-element-125f7a1 e-flex e-con-boxed e-con e-parent\" data-id=\"125f7a1\" data-element_type=\"container\">\n\t\t\t\t\t<div class=\"e-con-inner\">\n\t\t\t\t<div class=\"elementor-element elementor-element-50c035d elementor-widget elementor-widget-image\" data-id=\"50c035d\" data-element_type=\"widget\" data-widget_type=\"image.default\">\n\t\t\t\t<div class=\"elementor-widget-container\">\n\t\t\t\t\t\t\t\t\t\t\t\t\t\t\t<img fetchpriority=\"high\" decoding=\"async\" width=\"1000\" height=\"288\" src=\"https:\/\/www.jobinformatique.org\/wp-content\/uploads\/2024\/05\/index08.jpg\" class=\"attachment-large size-large wp-image-19\" alt=\"\" srcset=\"https:\/\/www.jobinformatique.org\/wp-content\/uploads\/2024\/05\/index08.jpg 1000w, https:\/\/www.jobinformatique.org\/wp-content\/uploads\/2024\/05\/index08-300x86.jpg 300w, https:\/\/www.jobinformatique.org\/wp-content\/uploads\/2024\/05\/index08-768x221.jpg 768w, https:\/\/www.jobinformatique.org\/wp-content\/uploads\/2024\/05\/index08-500x144.jpg 500w\" sizes=\"(max-width: 1000px) 100vw, 1000px\" \/>\t\t\t\t\t\t\t\t\t\t\t\t\t\t\t<\/div>\n\t\t\t\t<\/div>\n\t\t\t\t<div class=\"elementor-element elementor-element-63b0807 elementor-widget elementor-widget-spacer\" data-id=\"63b0807\" data-element_type=\"widget\" data-widget_type=\"spacer.default\">\n\t\t\t\t<div class=\"elementor-widget-container\">\n\t\t\t\t\t\t\t<div class=\"elementor-spacer\">\n\t\t\t<div class=\"elementor-spacer-inner\"><\/div>\n\t\t<\/div>\n\t\t\t\t\t\t<\/div>\n\t\t\t\t<\/div>\n\t\t\t\t<div class=\"elementor-element elementor-element-2290f47 elementor-widget elementor-widget-heading\" data-id=\"2290f47\" data-element_type=\"widget\" data-widget_type=\"heading.default\">\n\t\t\t\t<div class=\"elementor-widget-container\">\n\t\t\t\t\t<h1 class=\"elementor-heading-title elementor-size-default\">D\u00e9pannage internet et r\u00e9seau de votre domicile<\/h1>\t\t\t\t<\/div>\n\t\t\t\t<\/div>\n\t\t\t\t\t<\/div>\n\t\t\t\t<\/div>\n\t\t<div class=\"elementor-element elementor-element-4693ef9 e-flex e-con-boxed e-con e-parent\" data-id=\"4693ef9\" data-element_type=\"container\">\n\t\t\t\t\t<div class=\"e-con-inner\">\n\t\t\t\t<div class=\"elementor-element elementor-element-6468a60 elementor-widget elementor-widget-image\" data-id=\"6468a60\" data-element_type=\"widget\" data-widget_type=\"image.default\">\n\t\t\t\t<div class=\"elementor-widget-container\">\n\t\t\t\t\t\t\t\t\t\t\t\t\t\t\t<img decoding=\"async\" width=\"969\" height=\"307\" src=\"https:\/\/www.jobinformatique.org\/wp-content\/uploads\/2025\/01\/Capture-decran-2025-01-15-212208.png\" class=\"attachment-large size-large wp-image-269\" alt=\"\" srcset=\"https:\/\/www.jobinformatique.org\/wp-content\/uploads\/2025\/01\/Capture-decran-2025-01-15-212208.png 969w, https:\/\/www.jobinformatique.org\/wp-content\/uploads\/2025\/01\/Capture-decran-2025-01-15-212208-300x95.png 300w, https:\/\/www.jobinformatique.org\/wp-content\/uploads\/2025\/01\/Capture-decran-2025-01-15-212208-768x243.png 768w\" sizes=\"(max-width: 969px) 100vw, 969px\" \/>\t\t\t\t\t\t\t\t\t\t\t\t\t\t\t<\/div>\n\t\t\t\t<\/div>\n\t\t\t\t\t<\/div>\n\t\t\t\t<\/div>\n\t\t<div class=\"elementor-element elementor-element-c798d91 e-flex e-con-boxed e-con e-parent\" data-id=\"c798d91\" data-element_type=\"container\">\n\t\t\t\t\t<div class=\"e-con-inner\">\n\t\t\t\t<div class=\"elementor-element elementor-element-ddad7ef elementor-widget elementor-widget-text-editor\" data-id=\"ddad7ef\" data-element_type=\"widget\" data-widget_type=\"text-editor.default\">\n\t\t\t\t<div class=\"elementor-widget-container\">\n\t\t\t\t\t\t\t\t\t<p>Gr\u00e2ce \u00e0 internet, notre quotidien est plus que facilit\u00e9 et d\u00e9pend m\u00eame parfois de cette connexion. En effet, un probl\u00e8me survient et cela bloque le r\u00e9seau de votre ordinateur, tablette, box internet et m\u00eame votre alarme. C\u2019est pourquoi il est important d\u2019agir rapidement pour r\u00e9tablir toutes les connexions n\u00e9cessaires : qu\u2019il s\u2019agisse d\u2019un point de vue professionnel ou de suret\u00e9 personnelle.<\/p>\t\t\t\t\t\t\t\t<\/div>\n\t\t\t\t<\/div>\n\t\t\t\t\t<\/div>\n\t\t\t\t<\/div>\n\t\t<div class=\"elementor-element elementor-element-8bc6d62 e-flex e-con-boxed e-con e-parent\" data-id=\"8bc6d62\" data-element_type=\"container\">\n\t\t\t\t\t<div class=\"e-con-inner\">\n\t\t\t\t<div class=\"elementor-element elementor-element-2cf5873 elementor-widget elementor-widget-heading\" data-id=\"2cf5873\" data-element_type=\"widget\" data-widget_type=\"heading.default\">\n\t\t\t\t<div class=\"elementor-widget-container\">\n\t\t\t\t\t<h2 class=\"elementor-heading-title elementor-size-default\">Quelles sont les raisons d\u2019un d\u00e9pannage internet et r\u00e9seau \u00e0 domicile ?<\/h2>\t\t\t\t<\/div>\n\t\t\t\t<\/div>\n\t\t\t\t\t<\/div>\n\t\t\t\t<\/div>\n\t\t<div class=\"elementor-element elementor-element-83b0d9e e-flex e-con-boxed e-con e-parent\" data-id=\"83b0d9e\" data-element_type=\"container\">\n\t\t\t\t\t<div class=\"e-con-inner\">\n\t\t\t\t<div class=\"elementor-element elementor-element-b8bef7a elementor-widget elementor-widget-text-editor\" data-id=\"b8bef7a\" data-element_type=\"widget\" data-widget_type=\"text-editor.default\">\n\t\t\t\t<div class=\"elementor-widget-container\">\n\t\t\t\t\t\t\t\t\t<p>Avoir besoin d\u2019une assistance \u00e0 domicile pour d\u00e9panner un r\u00e9seau internet peut provenir de plusieurs difficult\u00e9s techniques :\u00a0<\/p>\n<ul class=\"wp-block-list\">\n<li>Plus de connexion internet \u00e0 cause d\u2019une d\u00e9connexion de la box ;\u00a0<\/li>\n<li>Dysfonctionnement internet et wifi ;\u00a0<\/li>\n<li>Dysfonctionnement des voyants de la box ;\u00a0<\/li>\n<li>Etc.\u00a0<\/li>\n<\/ul>\n<p>En effet, peu importe la marque de votre box internet, les probl\u00e8mes sont souvent les m\u00eames ce qui permet aux professionnels de vous d\u00e9panner rapidement.\u00a0<\/p>\t\t\t\t\t\t\t\t<\/div>\n\t\t\t\t<\/div>\n\t\t\t\t\t<\/div>\n\t\t\t\t<\/div>\n\t\t<div class=\"elementor-element elementor-element-6f73bd4 e-flex e-con-boxed e-con e-parent\" data-id=\"6f73bd4\" data-element_type=\"container\">\n\t\t\t\t\t<div class=\"e-con-inner\">\n\t\t\t\t<div class=\"elementor-element elementor-element-7da669b elementor-widget elementor-widget-heading\" data-id=\"7da669b\" data-element_type=\"widget\" data-widget_type=\"heading.default\">\n\t\t\t\t<div class=\"elementor-widget-container\">\n\t\t\t\t\t<h2 class=\"elementor-heading-title elementor-size-default\">A qui faire appel pour un d\u00e9pannage internet \u00e0 domicile ? <\/h2>\t\t\t\t<\/div>\n\t\t\t\t<\/div>\n\t\t\t\t\t<\/div>\n\t\t\t\t<\/div>\n\t\t<div class=\"elementor-element elementor-element-6b2493a e-flex e-con-boxed e-con e-parent\" data-id=\"6b2493a\" data-element_type=\"container\">\n\t\t\t\t\t<div class=\"e-con-inner\">\n\t\t\t\t<div class=\"elementor-element elementor-element-3795d76 elementor-widget elementor-widget-text-editor\" data-id=\"3795d76\" data-element_type=\"widget\" data-widget_type=\"text-editor.default\">\n\t\t\t\t<div class=\"elementor-widget-container\">\n\t\t\t\t\t\t\t\t\t<p>D\u00e8s le moindre probl\u00e8me de connexion internet, faire appel \u00e0 un professionnel de l\u2019informatique est la solution ! En effet, il saura trouver l\u2019origine du probl\u00e8me (box, ordinateur, etc.) afin de r\u00e9tablir la connexion et ainsi la navigation. L&rsquo;entreprise JOBINFORMATIQUE est adh\u00e9rente de la coop\u00e9rative de SAP UNIPROS, ce qui vous permet de b\u00e9n\u00e9ficier d\u2019un cr\u00e9dit d\u2019imp\u00f4t de 50%. N\u2019attendez plus et faites appel \u00e0 un professionnel de l\u2019informatique !<\/p>\t\t\t\t\t\t\t\t<\/div>\n\t\t\t\t<\/div>\n\t\t\t\t\t<\/div>\n\t\t\t\t<\/div>\n\t\t<div class=\"elementor-element elementor-element-8565760 e-flex e-con-boxed e-con e-parent\" data-id=\"8565760\" data-element_type=\"container\">\n\t\t\t\t\t<div class=\"e-con-inner\">\n\t\t\t\t<div class=\"elementor-element elementor-element-91a84d7 elementor-widget elementor-widget-heading\" data-id=\"91a84d7\" data-element_type=\"widget\" data-widget_type=\"heading.default\">\n\t\t\t\t<div class=\"elementor-widget-container\">\n\t\t\t\t\t<h2 class=\"elementor-heading-title elementor-size-default\">D\u00e9pannage internet et services \u00e0 la personne : est-ce compatible ?  <\/h2>\t\t\t\t<\/div>\n\t\t\t\t<\/div>\n\t\t\t\t\t<\/div>\n\t\t\t\t<\/div>\n\t\t<div class=\"elementor-element elementor-element-0502d3c e-flex e-con-boxed e-con e-parent\" data-id=\"0502d3c\" data-element_type=\"container\">\n\t\t\t\t\t<div class=\"e-con-inner\">\n\t\t\t\t<div class=\"elementor-element elementor-element-314efcc elementor-widget elementor-widget-text-editor\" data-id=\"314efcc\" data-element_type=\"widget\" data-widget_type=\"text-editor.default\">\n\t\t\t\t<div class=\"elementor-widget-container\">\n\t\t\t\t\t\t\t\t\t<p>Tout \u00e0 fait ! Le d\u00e9pannage internet et r\u00e9seau entre dans le cadre des services \u00e0 la personne et vous permet, en tant que particulier, de b\u00e9n\u00e9ficier d\u2019un abattement fiscal.<\/p>\t\t\t\t\t\t\t\t<\/div>\n\t\t\t\t<\/div>\n\t\t\t\t\t<\/div>\n\t\t\t\t<\/div>\n\t\t<div class=\"elementor-element elementor-element-cafd7f3 e-flex e-con-boxed e-con e-parent\" data-id=\"cafd7f3\" data-element_type=\"container\">\n\t\t\t\t\t<div class=\"e-con-inner\">\n\t\t\t\t<div class=\"elementor-element elementor-element-a0f3763 elementor-widget elementor-widget-heading\" data-id=\"a0f3763\" data-element_type=\"widget\" data-widget_type=\"heading.default\">\n\t\t\t\t<div class=\"elementor-widget-container\">\n\t\t\t\t\t<h2 class=\"elementor-heading-title elementor-size-default\">Quel est le plafond des d\u00e9penses pour un d\u00e9pannage internet et r\u00e9seau ?  <\/h2>\t\t\t\t<\/div>\n\t\t\t\t<\/div>\n\t\t\t\t\t<\/div>\n\t\t\t\t<\/div>\n\t\t<div class=\"elementor-element elementor-element-766c8a2 e-flex e-con-boxed e-con e-parent\" data-id=\"766c8a2\" data-element_type=\"container\">\n\t\t\t\t\t<div class=\"e-con-inner\">\n\t\t\t\t<div class=\"elementor-element elementor-element-cc7ae5d elementor-widget elementor-widget-text-editor\" data-id=\"cc7ae5d\" data-element_type=\"widget\" data-widget_type=\"text-editor.default\">\n\t\t\t\t<div class=\"elementor-widget-container\">\n\t\t\t\t\t\t\t\t\t<p>Le plafond des d\u00e9penses est fix\u00e9 \u00e0 3 000\u20ac par an et par foyer fiscal, soit 1 500\u20ac de cr\u00e9dit d\u2019imp\u00f4t au maximum.<\/p>\t\t\t\t\t\t\t\t<\/div>\n\t\t\t\t<\/div>\n\t\t\t\t\t<\/div>\n\t\t\t\t<\/div>\n\t\t<div class=\"elementor-element elementor-element-29ad281 e-flex e-con-boxed e-con e-parent\" data-id=\"29ad281\" data-element_type=\"container\">\n\t\t\t\t\t<div class=\"e-con-inner\">\n\t\t\t\t<div class=\"elementor-element elementor-element-6d46712 elementor-widget elementor-widget-heading\" data-id=\"6d46712\" data-element_type=\"widget\" data-widget_type=\"heading.default\">\n\t\t\t\t<div class=\"elementor-widget-container\">\n\t\t\t\t\t<h2 class=\"elementor-heading-title elementor-size-default\">Comment faire une demande de devis gratuite pour un d\u00e9pannage internet ?  <\/h2>\t\t\t\t<\/div>\n\t\t\t\t<\/div>\n\t\t\t\t\t<\/div>\n\t\t\t\t<\/div>\n\t\t<div class=\"elementor-element elementor-element-f33d087 e-flex e-con-boxed e-con e-parent\" data-id=\"f33d087\" data-element_type=\"container\">\n\t\t\t\t\t<div class=\"e-con-inner\">\n\t\t\t\t<div class=\"elementor-element elementor-element-ad8f7bb elementor-widget elementor-widget-text-editor\" data-id=\"ad8f7bb\" data-element_type=\"widget\" data-widget_type=\"text-editor.default\">\n\t\t\t\t<div class=\"elementor-widget-container\">\n\t\t\t\t\t\t\t\t\t<p>C\u2019est tr\u00e8s simple ! Remplissez le formulaire de demande de devis et renseignez toutes les informations pour comprendre au mieux votre probl\u00e8me. Un professionnel vous contactera et vous fera une estimation tarifaire de votre demande.<\/p>\t\t\t\t\t\t\t\t<\/div>\n\t\t\t\t<\/div>\n\t\t\t\t\t<\/div>\n\t\t\t\t<\/div>\n\t\t\t\t<\/div>\n\t\t","protected":false},"excerpt":{"rendered":"<p>D\u00e9pannage internet et r\u00e9seau de votre domicile Gr\u00e2ce \u00e0 internet, notre quotidien est plus que facilit\u00e9 et d\u00e9pend m\u00eame parfois de cette connexion. En effet, un probl\u00e8me survient et cela bloque le r\u00e9seau de votre ordinateur, tablette, box internet et m\u00eame votre alarme. C\u2019est pourquoi il est important d\u2019agir rapidement pour r\u00e9tablir toutes les connexions [&hellip;]<\/p>\n","protected":false},"author":1,"featured_media":0,"parent":33,"menu_order":2,"comment_status":"closed","ping_status":"closed","template":"","meta":{"footnotes":""},"class_list":["post-63","page","type-page","status-publish","hentry","entry"],"_links":{"self":[{"href":"https:\/\/www.jobinformatique.org\/index.php?rest_route=\/wp\/v2\/pages\/63","targetHints":{"allow":["GET"]}}],"collection":[{"href":"https:\/\/www.jobinformatique.org\/index.php?rest_route=\/wp\/v2\/pages"}],"about":[{"href":"https:\/\/www.jobinformatique.org\/index.php?rest_route=\/wp\/v2\/types\/page"}],"author":[{"embeddable":true,"href":"https:\/\/www.jobinformatique.org\/index.php?rest_route=\/wp\/v2\/users\/1"}],"replies":[{"embeddable":true,"href":"https:\/\/www.jobinformatique.org\/index.php?rest_route=%2Fwp%2Fv2%2Fcomments&post=63"}],"version-history":[{"count":7,"href":"https:\/\/www.jobinformatique.org\/index.php?rest_route=\/wp\/v2\/pages\/63\/revisions"}],"predecessor-version":[{"id":272,"href":"https:\/\/www.jobinformatique.org\/index.php?rest_route=\/wp\/v2\/pages\/63\/revisions\/272"}],"up":[{"embeddable":true,"href":"https:\/\/www.jobinformatique.org\/index.php?rest_route=\/wp\/v2\/pages\/33"}],"wp:attachment":[{"href":"https:\/\/www.jobinformatique.org\/index.php?rest_route=%2Fwp%2Fv2%2Fmedia&parent=63"}],"curies":[{"name":"wp","href":"https:\/\/api.w.org\/{rel}","templated":true}]}}