{"id":67,"date":"2024-05-20T20:40:49","date_gmt":"2024-05-20T18:40:49","guid":{"rendered":"https:\/\/www.jobinformatique.org\/?page_id=67"},"modified":"2025-01-15T23:42:52","modified_gmt":"2025-01-15T22:42:52","slug":"depannage","status":"publish","type":"page","link":"https:\/\/www.jobinformatique.org\/?page_id=67","title":{"rendered":"ORDINATEURS"},"content":{"rendered":"\t\t<div data-elementor-type=\"wp-page\" data-elementor-id=\"67\" class=\"elementor elementor-67\">\n\t\t\t\t<div class=\"elementor-element elementor-element-2ac497f e-flex e-con-boxed e-con e-parent\" data-id=\"2ac497f\" data-element_type=\"container\">\n\t\t\t\t\t<div class=\"e-con-inner\">\n\t\t\t\t<div class=\"elementor-element elementor-element-fe029d1 elementor-widget elementor-widget-image\" data-id=\"fe029d1\" data-element_type=\"widget\" data-widget_type=\"image.default\">\n\t\t\t\t<div class=\"elementor-widget-container\">\n\t\t\t\t\t\t\t\t\t\t\t\t\t\t\t<img fetchpriority=\"high\" decoding=\"async\" width=\"1000\" height=\"288\" src=\"https:\/\/www.jobinformatique.org\/wp-content\/uploads\/2024\/05\/index05.jpg\" class=\"attachment-large size-large wp-image-16\" alt=\"\" srcset=\"https:\/\/www.jobinformatique.org\/wp-content\/uploads\/2024\/05\/index05.jpg 1000w, https:\/\/www.jobinformatique.org\/wp-content\/uploads\/2024\/05\/index05-300x86.jpg 300w, https:\/\/www.jobinformatique.org\/wp-content\/uploads\/2024\/05\/index05-768x221.jpg 768w, https:\/\/www.jobinformatique.org\/wp-content\/uploads\/2024\/05\/index05-500x144.jpg 500w\" sizes=\"(max-width: 1000px) 100vw, 1000px\" \/>\t\t\t\t\t\t\t\t\t\t\t\t\t\t\t<\/div>\n\t\t\t\t<\/div>\n\t\t\t\t\t<\/div>\n\t\t\t\t<\/div>\n\t\t<div class=\"elementor-element elementor-element-7feb328 e-flex e-con-boxed e-con e-parent\" data-id=\"7feb328\" data-element_type=\"container\">\n\t\t\t\t\t<div class=\"e-con-inner\">\n\t\t\t\t<div class=\"elementor-element elementor-element-7a0dd52 elementor-widget elementor-widget-spacer\" data-id=\"7a0dd52\" data-element_type=\"widget\" data-widget_type=\"spacer.default\">\n\t\t\t\t<div class=\"elementor-widget-container\">\n\t\t\t\t\t\t\t<div class=\"elementor-spacer\">\n\t\t\t<div class=\"elementor-spacer-inner\"><\/div>\n\t\t<\/div>\n\t\t\t\t\t\t<\/div>\n\t\t\t\t<\/div>\n\t\t\t\t\t<\/div>\n\t\t\t\t<\/div>\n\t\t<div class=\"elementor-element elementor-element-d0f19a1 e-flex e-con-boxed e-con e-parent\" data-id=\"d0f19a1\" data-element_type=\"container\">\n\t\t\t\t\t<div class=\"e-con-inner\">\n\t\t\t\t<div class=\"elementor-element elementor-element-b54475b elementor-widget elementor-widget-heading\" data-id=\"b54475b\" data-element_type=\"widget\" data-widget_type=\"heading.default\">\n\t\t\t\t<div class=\"elementor-widget-container\">\n\t\t\t\t\t<h1 class=\"elementor-heading-title elementor-size-default\">D\u00e9panner ou r\u00e9parer mon ordinateur \u00e0 domicile gr\u00e2ce \u00e0 un professionnel de l\u2019informatique<\/h1>\t\t\t\t<\/div>\n\t\t\t\t<\/div>\n\t\t\t\t\t<\/div>\n\t\t\t\t<\/div>\n\t\t<div class=\"elementor-element elementor-element-afb0736 e-flex e-con-boxed e-con e-parent\" data-id=\"afb0736\" data-element_type=\"container\">\n\t\t\t\t\t<div class=\"e-con-inner\">\n\t\t\t\t<div class=\"elementor-element elementor-element-0a943e3 elementor-widget elementor-widget-image\" data-id=\"0a943e3\" data-element_type=\"widget\" data-widget_type=\"image.default\">\n\t\t\t\t<div class=\"elementor-widget-container\">\n\t\t\t\t\t\t\t\t\t\t\t\t\t\t\t<img decoding=\"async\" width=\"969\" height=\"294\" src=\"https:\/\/www.jobinformatique.org\/wp-content\/uploads\/2025\/01\/Capture-decran-2025-01-15-213924.png\" class=\"attachment-large size-large wp-image-276\" alt=\"\" srcset=\"https:\/\/www.jobinformatique.org\/wp-content\/uploads\/2025\/01\/Capture-decran-2025-01-15-213924.png 969w, https:\/\/www.jobinformatique.org\/wp-content\/uploads\/2025\/01\/Capture-decran-2025-01-15-213924-300x91.png 300w, https:\/\/www.jobinformatique.org\/wp-content\/uploads\/2025\/01\/Capture-decran-2025-01-15-213924-768x233.png 768w\" sizes=\"(max-width: 969px) 100vw, 969px\" \/>\t\t\t\t\t\t\t\t\t\t\t\t\t\t\t<\/div>\n\t\t\t\t<\/div>\n\t\t\t\t\t<\/div>\n\t\t\t\t<\/div>\n\t\t<div class=\"elementor-element elementor-element-24d05f0 e-flex e-con-boxed e-con e-parent\" data-id=\"24d05f0\" data-element_type=\"container\">\n\t\t\t\t\t<div class=\"e-con-inner\">\n\t\t\t\t<div class=\"elementor-element elementor-element-65f387e elementor-widget elementor-widget-text-editor\" data-id=\"65f387e\" data-element_type=\"widget\" data-widget_type=\"text-editor.default\">\n\t\t\t\t<div class=\"elementor-widget-container\">\n\t\t\t\t\t\t\t\t\t<p>Aujourd\u2019hui, nous disposons presque tous d\u2019un ordinateur chez nous, qu\u2019il soit portable ou fixe. En effet, il peut s\u2019agir d\u2019un PC portable professionnel pour une utilisation \u00e0 domicile ou tout simplement d\u2019un ordinateur servant \u00e0 un usage personnel. Dans les deux cas, il peut y avoir des complications dans leur utilisation et ce, pour plusieurs raisons.<\/p>\t\t\t\t\t\t\t\t<\/div>\n\t\t\t\t<\/div>\n\t\t\t\t\t<\/div>\n\t\t\t\t<\/div>\n\t\t<div class=\"elementor-element elementor-element-c56c83b e-flex e-con-boxed e-con e-parent\" data-id=\"c56c83b\" data-element_type=\"container\">\n\t\t\t\t\t<div class=\"e-con-inner\">\n\t\t\t\t<div class=\"elementor-element elementor-element-75f2784 elementor-widget elementor-widget-heading\" data-id=\"75f2784\" data-element_type=\"widget\" data-widget_type=\"heading.default\">\n\t\t\t\t<div class=\"elementor-widget-container\">\n\t\t\t\t\t<h2 class=\"elementor-heading-title elementor-size-default\">Comment trouver l\u2019origine du probl\u00e8me de mon ordinateur pour le d\u00e9panner ? <\/h2>\t\t\t\t<\/div>\n\t\t\t\t<\/div>\n\t\t\t\t\t<\/div>\n\t\t\t\t<\/div>\n\t\t<div class=\"elementor-element elementor-element-4112172 e-flex e-con-boxed e-con e-parent\" data-id=\"4112172\" data-element_type=\"container\">\n\t\t\t\t\t<div class=\"e-con-inner\">\n\t\t\t\t<div class=\"elementor-element elementor-element-620a7f5 elementor-widget elementor-widget-text-editor\" data-id=\"620a7f5\" data-element_type=\"widget\" data-widget_type=\"text-editor.default\">\n\t\t\t\t<div class=\"elementor-widget-container\">\n\t\t\t\t\t\t\t\t\t<p>Les ordinateurs, de quelles marques qu\u2019ils soient, n\u00e9cessitent parfois l\u2019intervention d\u2019un professionnel pour r\u00e9soudre un probl\u00e8me mais encore faut-il d\u00e9terminer l\u2019origine de celui-ci ! Parmi tous les dysfonctionnements d\u2019un ordinateur, voici les plus r\u00e9currents :\u00a0\u00a0<\/p>\n<ul class=\"wp-block-list\">\n<li>\u00c9cran noir ou bleu ;\u00a0<\/li>\n<li>Clavier d\u00e9saccord\u00e9 ou poussi\u00e9reux ;\u00a0<\/li>\n<li>Virus ou logiciels frauduleux ;\u00a0<\/li>\n<li>Stockage des donn\u00e9es (besoin d\u2019un disque dur) ;\u00a0<\/li>\n<li>Panne ;\u00a0<\/li>\n<li>Etc&#8230;<\/li>\n<\/ul>\n<p>C\u2019est pourquoi, faire un diagnostic en amont permettra de cibler le probl\u00e8me afin d\u2019effectuer un d\u00e9pannage informatique plus rapidement. Un professionnel saura ainsi directement quelle solution apporter pour votre mat\u00e9riel : nettoyage du clavier, transferts des donn\u00e9es sur un disque dur, changement de pi\u00e8ces ou alors faire un remplacement d\u2019ordinateur car l\u2019ancien est devenu inutilisable.\u00a0<\/p>\t\t\t\t\t\t\t\t<\/div>\n\t\t\t\t<\/div>\n\t\t\t\t\t<\/div>\n\t\t\t\t<\/div>\n\t\t<div class=\"elementor-element elementor-element-c702340 e-flex e-con-boxed e-con e-parent\" data-id=\"c702340\" data-element_type=\"container\">\n\t\t\t\t\t<div class=\"e-con-inner\">\n\t\t\t\t<div class=\"elementor-element elementor-element-3743f14 elementor-widget elementor-widget-heading\" data-id=\"3743f14\" data-element_type=\"widget\" data-widget_type=\"heading.default\">\n\t\t\t\t<div class=\"elementor-widget-container\">\n\t\t\t\t\t<h2 class=\"elementor-heading-title elementor-size-default\">Comment d\u00e9panner ou r\u00e9parer mon ordinateur depuis mon domicile ?  <\/h2>\t\t\t\t<\/div>\n\t\t\t\t<\/div>\n\t\t\t\t\t<\/div>\n\t\t\t\t<\/div>\n\t\t<div class=\"elementor-element elementor-element-710b3ec e-flex e-con-boxed e-con e-parent\" data-id=\"710b3ec\" data-element_type=\"container\">\n\t\t\t\t\t<div class=\"e-con-inner\">\n\t\t\t\t<div class=\"elementor-element elementor-element-f070599 elementor-widget elementor-widget-text-editor\" data-id=\"f070599\" data-element_type=\"widget\" data-widget_type=\"text-editor.default\">\n\t\t\t\t<div class=\"elementor-widget-container\">\n\t\t\t\t\t\t\t\t\t<p>La r\u00e9paration d\u2019ordinateur portable ou fixe \u00e0 domicile n\u2019est plus un casse-t\u00eate gr\u00e2ce \u00e0 JOBINFORMATIQUE ! Vous faites une demande de devis en ligne afin d\u2019\u00eatre recontact\u00e9 par t\u00e9l\u00e9phone ou e-mail. De plus, le d\u00e9pannage ou la r\u00e9paration d\u2019ordinateur entre dans le cadre des services \u00e0 la personne et vous permet de b\u00e9n\u00e9ficier d\u2019un cr\u00e9dit d\u2019imp\u00f4t de 50%*, \u00e0 hauteur de 3 000\u20ac par an et par foyer fiscal. N\u2019attendez plus !\u00a0\u00a0<\/p>\n<p><em>*Selon l\u2019article 199 sexdecies du code g\u00e9n\u00e9ral des imp\u00f4ts, gr\u00e2ce \u00e0 ces prestations.\u00a0<\/em><\/p>\t\t\t\t\t\t\t\t<\/div>\n\t\t\t\t<\/div>\n\t\t\t\t\t<\/div>\n\t\t\t\t<\/div>\n\t\t<div class=\"elementor-element elementor-element-fc47249 e-flex e-con-boxed e-con e-parent\" data-id=\"fc47249\" data-element_type=\"container\">\n\t\t\t\t\t<div class=\"e-con-inner\">\n\t\t\t\t<div class=\"elementor-element elementor-element-27adb2b elementor-widget elementor-widget-spacer\" data-id=\"27adb2b\" data-element_type=\"widget\" data-widget_type=\"spacer.default\">\n\t\t\t\t<div class=\"elementor-widget-container\">\n\t\t\t\t\t\t\t<div class=\"elementor-spacer\">\n\t\t\t<div class=\"elementor-spacer-inner\"><\/div>\n\t\t<\/div>\n\t\t\t\t\t\t<\/div>\n\t\t\t\t<\/div>\n\t\t\t\t<div class=\"elementor-element elementor-element-d849b74 elementor-widget elementor-widget-heading\" data-id=\"d849b74\" data-element_type=\"widget\" data-widget_type=\"heading.default\">\n\t\t\t\t<div class=\"elementor-widget-container\">\n\t\t\t\t\t<h1 class=\"elementor-heading-title elementor-size-default\">JOBINFORMATIQUE r\u00e9pond \u00e0 toutes vos questions ! <\/h1>\t\t\t\t<\/div>\n\t\t\t\t<\/div>\n\t\t\t\t\t<\/div>\n\t\t\t\t<\/div>\n\t\t<div class=\"elementor-element elementor-element-e28e287 e-flex e-con-boxed e-con e-parent\" data-id=\"e28e287\" data-element_type=\"container\">\n\t\t\t\t\t<div class=\"e-con-inner\">\n\t\t\t\t<div class=\"elementor-element elementor-element-c1c3c50 elementor-widget elementor-widget-heading\" data-id=\"c1c3c50\" data-element_type=\"widget\" data-widget_type=\"heading.default\">\n\t\t\t\t<div class=\"elementor-widget-container\">\n\t\t\t\t\t<h2 class=\"elementor-heading-title elementor-size-default\">Quels sont les tarifs applicables pour le d\u00e9pannage ou la r\u00e9paration d\u2019un ordinateur \u00e0 domicile ?  <\/h2>\t\t\t\t<\/div>\n\t\t\t\t<\/div>\n\t\t\t\t\t<\/div>\n\t\t\t\t<\/div>\n\t\t<div class=\"elementor-element elementor-element-29304fb e-flex e-con-boxed e-con e-parent\" data-id=\"29304fb\" data-element_type=\"container\">\n\t\t\t\t\t<div class=\"e-con-inner\">\n\t\t\t\t<div class=\"elementor-element elementor-element-f17da02 elementor-widget elementor-widget-text-editor\" data-id=\"f17da02\" data-element_type=\"widget\" data-widget_type=\"text-editor.default\">\n\t\t\t\t<div class=\"elementor-widget-container\">\n\t\t\t\t\t\t\t\t\t<p>Les prix pratiqu\u00e9s pour le d\u00e9pannage ou la r\u00e9paration d\u2019ordinateur \u00e0 domicile sont fix\u00e9s par les professionnels eux-m\u00eames. Ainsi, ils peuvent varier d\u2019un professionnel \u00e0 l\u2019autre, d\u2019une r\u00e9gion \u00e0 l\u2019autre etc&#8230;<\/p>\t\t\t\t\t\t\t\t<\/div>\n\t\t\t\t<\/div>\n\t\t\t\t\t<\/div>\n\t\t\t\t<\/div>\n\t\t<div class=\"elementor-element elementor-element-3b7a78f e-flex e-con-boxed e-con e-parent\" data-id=\"3b7a78f\" data-element_type=\"container\">\n\t\t\t\t\t<div class=\"e-con-inner\">\n\t\t\t\t<div class=\"elementor-element elementor-element-313059e elementor-widget elementor-widget-heading\" data-id=\"313059e\" data-element_type=\"widget\" data-widget_type=\"heading.default\">\n\t\t\t\t<div class=\"elementor-widget-container\">\n\t\t\t\t\t<h2 class=\"elementor-heading-title elementor-size-default\">Le d\u00e9pannage et la r\u00e9paration s\u2019appliquent-ils uniquement pour les ordinateurs ?  <\/h2>\t\t\t\t<\/div>\n\t\t\t\t<\/div>\n\t\t\t\t\t<\/div>\n\t\t\t\t<\/div>\n\t\t<div class=\"elementor-element elementor-element-79eb9fa e-flex e-con-boxed e-con e-parent\" data-id=\"79eb9fa\" data-element_type=\"container\">\n\t\t\t\t\t<div class=\"e-con-inner\">\n\t\t\t\t<div class=\"elementor-element elementor-element-3999e3d elementor-widget elementor-widget-text-editor\" data-id=\"3999e3d\" data-element_type=\"widget\" data-widget_type=\"text-editor.default\">\n\t\t\t\t<div class=\"elementor-widget-container\">\n\t\t\t\t\t\t\t\t\t<p>Le d\u00e9pannage et la r\u00e9paration s\u2019appliquent \u00e0 un ordinateur portable ou fixe, mais aussi \u00e0 une tablette et t\u00e9l\u00e9phone portable, peu importe la marque !<\/p>\t\t\t\t\t\t\t\t<\/div>\n\t\t\t\t<\/div>\n\t\t\t\t\t<\/div>\n\t\t\t\t<\/div>\n\t\t<div class=\"elementor-element elementor-element-fc72689 e-flex e-con-boxed e-con e-parent\" data-id=\"fc72689\" data-element_type=\"container\">\n\t\t\t\t\t<div class=\"e-con-inner\">\n\t\t\t\t<div class=\"elementor-element elementor-element-b433277 elementor-widget elementor-widget-heading\" data-id=\"b433277\" data-element_type=\"widget\" data-widget_type=\"heading.default\">\n\t\t\t\t<div class=\"elementor-widget-container\">\n\t\t\t\t\t<h2 class=\"elementor-heading-title elementor-size-default\">Comment faire une demande de devis gratuite sur le site de JOBINFORMATIQUE ?  <\/h2>\t\t\t\t<\/div>\n\t\t\t\t<\/div>\n\t\t\t\t\t<\/div>\n\t\t\t\t<\/div>\n\t\t<div class=\"elementor-element elementor-element-129f375 e-flex e-con-boxed e-con e-parent\" data-id=\"129f375\" data-element_type=\"container\">\n\t\t\t\t\t<div class=\"e-con-inner\">\n\t\t\t\t<div class=\"elementor-element elementor-element-a885dc7 elementor-widget elementor-widget-text-editor\" data-id=\"a885dc7\" data-element_type=\"widget\" data-widget_type=\"text-editor.default\">\n\t\t\t\t<div class=\"elementor-widget-container\">\n\t\t\t\t\t\t\t\t\t<p>Faire une demande de devis n\u2019a jamais \u00e9t\u00e9 aussi simple ! Remplissez le formulaire en renseignant toutes les informations sur votre probl\u00e8me. Un professionnel vous recontactera rapidement afin de vous proposer un devis.<\/p>\t\t\t\t\t\t\t\t<\/div>\n\t\t\t\t<\/div>\n\t\t\t\t\t<\/div>\n\t\t\t\t<\/div>\n\t\t\t\t<\/div>\n\t\t","protected":false},"excerpt":{"rendered":"<p>D\u00e9panner ou r\u00e9parer mon ordinateur \u00e0 domicile gr\u00e2ce \u00e0 un professionnel de l\u2019informatique Aujourd\u2019hui, nous disposons presque tous d\u2019un ordinateur chez nous, qu\u2019il soit portable ou fixe. En effet, il peut s\u2019agir d\u2019un PC portable professionnel pour une utilisation \u00e0 domicile ou tout simplement d\u2019un ordinateur servant \u00e0 un usage personnel. Dans les deux cas, [&hellip;]<\/p>\n","protected":false},"author":1,"featured_media":0,"parent":33,"menu_order":3,"comment_status":"closed","ping_status":"closed","template":"","meta":{"footnotes":""},"class_list":["post-67","page","type-page","status-publish","hentry","entry"],"_links":{"self":[{"href":"https:\/\/www.jobinformatique.org\/index.php?rest_route=\/wp\/v2\/pages\/67","targetHints":{"allow":["GET"]}}],"collection":[{"href":"https:\/\/www.jobinformatique.org\/index.php?rest_route=\/wp\/v2\/pages"}],"about":[{"href":"https:\/\/www.jobinformatique.org\/index.php?rest_route=\/wp\/v2\/types\/page"}],"author":[{"embeddable":true,"href":"https:\/\/www.jobinformatique.org\/index.php?rest_route=\/wp\/v2\/users\/1"}],"replies":[{"embeddable":true,"href":"https:\/\/www.jobinformatique.org\/index.php?rest_route=%2Fwp%2Fv2%2Fcomments&post=67"}],"version-history":[{"count":14,"href":"https:\/\/www.jobinformatique.org\/index.php?rest_route=\/wp\/v2\/pages\/67\/revisions"}],"predecessor-version":[{"id":360,"href":"https:\/\/www.jobinformatique.org\/index.php?rest_route=\/wp\/v2\/pages\/67\/revisions\/360"}],"up":[{"embeddable":true,"href":"https:\/\/www.jobinformatique.org\/index.php?rest_route=\/wp\/v2\/pages\/33"}],"wp:attachment":[{"href":"https:\/\/www.jobinformatique.org\/index.php?rest_route=%2Fwp%2Fv2%2Fmedia&parent=67"}],"curies":[{"name":"wp","href":"https:\/\/api.w.org\/{rel}","templated":true}]}}