{"id":70,"date":"2024-05-20T20:42:47","date_gmt":"2024-05-20T18:42:47","guid":{"rendered":"https:\/\/www.jobinformatique.org\/?page_id=70"},"modified":"2025-01-16T13:51:35","modified_gmt":"2025-01-16T12:51:35","slug":"le-service-a-la-personne","status":"publish","type":"page","link":"https:\/\/www.jobinformatique.org\/?page_id=70","title":{"rendered":"COURS &#038; FORMATION INFORMATIQUE A DOMICILE"},"content":{"rendered":"\t\t<div data-elementor-type=\"wp-page\" data-elementor-id=\"70\" class=\"elementor elementor-70\">\n\t\t\t\t<div class=\"elementor-element elementor-element-ea58cd5 e-flex e-con-boxed e-con e-parent\" data-id=\"ea58cd5\" data-element_type=\"container\">\n\t\t\t\t\t<div class=\"e-con-inner\">\n\t\t\t\t<div class=\"elementor-element elementor-element-92bd2c2 elementor-widget elementor-widget-image\" data-id=\"92bd2c2\" data-element_type=\"widget\" data-widget_type=\"image.default\">\n\t\t\t\t<div class=\"elementor-widget-container\">\n\t\t\t\t\t\t\t\t\t\t\t\t\t\t\t<img fetchpriority=\"high\" decoding=\"async\" width=\"1000\" height=\"288\" src=\"https:\/\/www.jobinformatique.org\/wp-content\/uploads\/2024\/05\/index02.jpg\" class=\"attachment-large size-large wp-image-13\" alt=\"\" srcset=\"https:\/\/www.jobinformatique.org\/wp-content\/uploads\/2024\/05\/index02.jpg 1000w, https:\/\/www.jobinformatique.org\/wp-content\/uploads\/2024\/05\/index02-300x86.jpg 300w, https:\/\/www.jobinformatique.org\/wp-content\/uploads\/2024\/05\/index02-768x221.jpg 768w, https:\/\/www.jobinformatique.org\/wp-content\/uploads\/2024\/05\/index02-500x144.jpg 500w\" sizes=\"(max-width: 1000px) 100vw, 1000px\" \/>\t\t\t\t\t\t\t\t\t\t\t\t\t\t\t<\/div>\n\t\t\t\t<\/div>\n\t\t\t\t<div class=\"elementor-element elementor-element-253936a elementor-widget elementor-widget-spacer\" data-id=\"253936a\" data-element_type=\"widget\" data-widget_type=\"spacer.default\">\n\t\t\t\t<div class=\"elementor-widget-container\">\n\t\t\t\t\t\t\t<div class=\"elementor-spacer\">\n\t\t\t<div class=\"elementor-spacer-inner\"><\/div>\n\t\t<\/div>\n\t\t\t\t\t\t<\/div>\n\t\t\t\t<\/div>\n\t\t\t\t\t<\/div>\n\t\t\t\t<\/div>\n\t\t<div class=\"elementor-element elementor-element-5ea7efa e-grid e-con-boxed e-con e-parent\" data-id=\"5ea7efa\" data-element_type=\"container\">\n\t\t\t\t\t<div class=\"e-con-inner\">\n\t\t\t\t<div class=\"elementor-element elementor-element-a0eb3ee elementor-align-justify elementor-widget elementor-widget-button\" data-id=\"a0eb3ee\" data-element_type=\"widget\" data-widget_type=\"button.default\">\n\t\t\t\t<div class=\"elementor-widget-container\">\n\t\t\t\t\t\t\t\t\t<div class=\"elementor-button-wrapper\">\n\t\t\t\t\t<a class=\"elementor-button elementor-button-link elementor-size-sm\" href=\"https:\/\/www.jobinformatique.org\/?page_id=406\">\n\t\t\t\t\t\t<span class=\"elementor-button-content-wrapper\">\n\t\t\t\t\t\t\t\t\t<span class=\"elementor-button-text\">Prise en main d'une tablette<\/span>\n\t\t\t\t\t<\/span>\n\t\t\t\t\t<\/a>\n\t\t\t\t<\/div>\n\t\t\t\t\t\t\t\t<\/div>\n\t\t\t\t<\/div>\n\t\t\t\t<div class=\"elementor-element elementor-element-ec71776 elementor-align-justify elementor-widget elementor-widget-button\" data-id=\"ec71776\" data-element_type=\"widget\" data-widget_type=\"button.default\">\n\t\t\t\t<div class=\"elementor-widget-container\">\n\t\t\t\t\t\t\t\t\t<div class=\"elementor-button-wrapper\">\n\t\t\t\t\t<a class=\"elementor-button elementor-button-link elementor-size-sm\" href=\"https:\/\/www.jobinformatique.org\/?page_id=237\">\n\t\t\t\t\t\t<span class=\"elementor-button-content-wrapper\">\n\t\t\t\t\t\t\t\t\t<span class=\"elementor-button-text\">Logiciels & outils bureautiques<\/span>\n\t\t\t\t\t<\/span>\n\t\t\t\t\t<\/a>\n\t\t\t\t<\/div>\n\t\t\t\t\t\t\t\t<\/div>\n\t\t\t\t<\/div>\n\t\t\t\t<div class=\"elementor-element elementor-element-ae325d2 elementor-align-justify elementor-widget elementor-widget-button\" data-id=\"ae325d2\" data-element_type=\"widget\" data-widget_type=\"button.default\">\n\t\t\t\t<div class=\"elementor-widget-container\">\n\t\t\t\t\t\t\t\t\t<div class=\"elementor-button-wrapper\">\n\t\t\t\t\t<a class=\"elementor-button elementor-button-link elementor-size-sm\" href=\"https:\/\/www.jobinformatique.org\/?page_id=430\">\n\t\t\t\t\t\t<span class=\"elementor-button-content-wrapper\">\n\t\t\t\t\t\t\t\t\t<span class=\"elementor-button-text\">Utilisation d'un ordinateur<\/span>\n\t\t\t\t\t<\/span>\n\t\t\t\t\t<\/a>\n\t\t\t\t<\/div>\n\t\t\t\t\t\t\t\t<\/div>\n\t\t\t\t<\/div>\n\t\t\t\t\t<\/div>\n\t\t\t\t<\/div>\n\t\t<div class=\"elementor-element elementor-element-1a5b2c0 e-grid e-con-boxed e-con e-parent\" data-id=\"1a5b2c0\" data-element_type=\"container\">\n\t\t\t\t\t<div class=\"e-con-inner\">\n\t\t\t\t<div class=\"elementor-element elementor-element-bc12514 elementor-align-justify elementor-widget elementor-widget-button\" data-id=\"bc12514\" data-element_type=\"widget\" data-widget_type=\"button.default\">\n\t\t\t\t<div class=\"elementor-widget-container\">\n\t\t\t\t\t\t\t\t\t<div class=\"elementor-button-wrapper\">\n\t\t\t\t\t<a class=\"elementor-button elementor-button-link elementor-size-sm\" href=\"https:\/\/www.jobinformatique.org\/?page_id=377\">\n\t\t\t\t\t\t<span class=\"elementor-button-content-wrapper\">\n\t\t\t\t\t\t\t\t\t<span class=\"elementor-button-text\">Prise en main d'un smartphones<\/span>\n\t\t\t\t\t<\/span>\n\t\t\t\t\t<\/a>\n\t\t\t\t<\/div>\n\t\t\t\t\t\t\t\t<\/div>\n\t\t\t\t<\/div>\n\t\t\t\t<div class=\"elementor-element elementor-element-a2a62fe elementor-align-justify elementor-widget elementor-widget-button\" data-id=\"a2a62fe\" data-element_type=\"widget\" data-widget_type=\"button.default\">\n\t\t\t\t<div class=\"elementor-widget-container\">\n\t\t\t\t\t\t\t\t\t<div class=\"elementor-button-wrapper\">\n\t\t\t\t\t<a class=\"elementor-button elementor-button-link elementor-size-sm\" href=\"https:\/\/www.jobinformatique.org\/?page_id=364\">\n\t\t\t\t\t\t<span class=\"elementor-button-content-wrapper\">\n\t\t\t\t\t\t\t\t\t<span class=\"elementor-button-text\">Num\u00e9risation et impression sur imprimante<\/span>\n\t\t\t\t\t<\/span>\n\t\t\t\t\t<\/a>\n\t\t\t\t<\/div>\n\t\t\t\t\t\t\t\t<\/div>\n\t\t\t\t<\/div>\n\t\t\t\t\t<\/div>\n\t\t\t\t<\/div>\n\t\t<div class=\"elementor-element elementor-element-94500cd e-flex e-con-boxed e-con e-parent\" data-id=\"94500cd\" data-element_type=\"container\">\n\t\t\t\t\t<div class=\"e-con-inner\">\n\t\t\t\t<div class=\"elementor-element elementor-element-6d474c6 elementor-widget elementor-widget-text-editor\" data-id=\"6d474c6\" data-element_type=\"widget\" data-widget_type=\"text-editor.default\">\n\t\t\t\t<div class=\"elementor-widget-container\">\n\t\t\t\t\t\t\t\t\t<p>L\u2019informatique, au sens large, peut repr\u00e9senter un v\u00e9ritable casse-t\u00eate\u202f! Que ce soit aussi bien pour le mat\u00e9riel informatique tels que les ordinateurs, les tablettes, les smartphones nouvelle g\u00e9n\u00e9ration ou encore les p\u00e9riph\u00e9riques externes (comme par exemple les imprimantes ou les webcams), que pour les outils bureautiques tels que Microsoft Word, Libre Office Writer, Pages ou encore Google docs, une formation ou un cours particulier d\u2019initiation peuvent \u00eatre n\u00e9cessaires afin de comprendre et d\u2019apprivoiser ces nouvelles technologies dans le but d\u2019en faire bon usage au quotidien.<\/p><p>Vous pouvez b\u00e9n\u00e9ficier de cours particuliers pour vous initier \u00e0 divers outils et mat\u00e9riels informatiques, \u00e0 savoir\u202f:<\/p><ul><li>Outil bureautique\u00a0: Word, Excel, Power Point, Libre Office, Pages, sites internet\u2026<\/li><li>Ordinateur : pc, mac\u2026<\/li><li>Tablette\u00a0: Android, Apple<\/li><li>Smartphone\u00a0: Android, Apple<\/li><li>P\u00e9riph\u00e9rique externe : imprimante HP, canon, webcam, micro\u2026<\/li><\/ul>\t\t\t\t\t\t\t\t<\/div>\n\t\t\t\t<\/div>\n\t\t\t\t\t<\/div>\n\t\t\t\t<\/div>\n\t\t<div class=\"elementor-element elementor-element-4ff09c9 e-flex e-con-boxed e-con e-parent\" data-id=\"4ff09c9\" data-element_type=\"container\">\n\t\t\t\t\t<div class=\"e-con-inner\">\n\t\t\t\t<div class=\"elementor-element elementor-element-2ceaf9c elementor-widget elementor-widget-heading\" data-id=\"2ceaf9c\" data-element_type=\"widget\" data-widget_type=\"heading.default\">\n\t\t\t\t<div class=\"elementor-widget-container\">\n\t\t\t\t\t<h2 class=\"elementor-heading-title elementor-size-default\">Formation informatique \u00e0 domicile pour d\u00e9butants<\/h2>\t\t\t\t<\/div>\n\t\t\t\t<\/div>\n\t\t\t\t\t<\/div>\n\t\t\t\t<\/div>\n\t\t<div class=\"elementor-element elementor-element-872876b e-flex e-con-boxed e-con e-parent\" data-id=\"872876b\" data-element_type=\"container\">\n\t\t\t\t\t<div class=\"e-con-inner\">\n\t\t\t\t<div class=\"elementor-element elementor-element-7c47453 elementor-widget elementor-widget-text-editor\" data-id=\"7c47453\" data-element_type=\"widget\" data-widget_type=\"text-editor.default\">\n\t\t\t\t<div class=\"elementor-widget-container\">\n\t\t\t\t\t\t\t\t\t<p>L&rsquo;informaticien de la soci\u00e9t\u00e9 JOBINFORMATIQUE est un professionnel qui vous propose des cours d\u2019initiation aux mat\u00e9riels informatiques (ordinateur, tablette, smartphone, imprimante, etc.) et des formations aux logiciels non professionnels en vue de vous permettre de les utiliser au quotidien.<\/p><p>Vous \u00eates d\u00e9butant, vous n\u2019avez jamais utiliser un pc, un mac, une tablette ou un smartphone\u202fou vous souhaitez accro\u00eetre vos connaissances \u00e0 ce sujet ? Pas de panique, l&rsquo;informaticien professionnel est l\u00e0 pour vous aider, vous former et vous donner des cours et un maximum de conseils pour optimiser le d\u00e9veloppement de l\u2019utilisation du mat\u00e9riel informatique.<\/p><p>Vous \u00eates \u00e0 la recherche d\u2019un travail mais certaines comp\u00e9tences vous sont demand\u00e9es pour l\u2019utilisation de logiciels bureautiques non professionnels de base tels que Word ou Excel\u202f? Pas de probl\u00e8me, faites appel \u00e0 l&rsquo;informaticien de JOBINFORMAIQUE \u00e0 domicile qui vous donnera toutes les cl\u00e9s pour vous initier aux logiciels informatiques basiques et pour r\u00e9pondre \u00e0 toutes vos questions et pour r\u00e9soudre tous vos probl\u00e8mes relatifs \u00e0 la navigation sur internet, \u00e0 la gestion et le traitement de vos donn\u00e9es sur votre mat\u00e9riel informatique et bien plus encore\u202f!<\/p>\t\t\t\t\t\t\t\t<\/div>\n\t\t\t\t<\/div>\n\t\t\t\t\t<\/div>\n\t\t\t\t<\/div>\n\t\t<div class=\"elementor-element elementor-element-a26a1de e-flex e-con-boxed e-con e-parent\" data-id=\"a26a1de\" data-element_type=\"container\">\n\t\t\t\t\t<div class=\"e-con-inner\">\n\t\t\t\t<div class=\"elementor-element elementor-element-49f7c12 elementor-widget elementor-widget-heading\" data-id=\"49f7c12\" data-element_type=\"widget\" data-widget_type=\"heading.default\">\n\t\t\t\t<div class=\"elementor-widget-container\">\n\t\t\t\t\t<h2 class=\"elementor-heading-title elementor-size-default\">Trouver des cours de formation et initiation informatique \u00e0 domicile pour seniors<\/h2>\t\t\t\t<\/div>\n\t\t\t\t<\/div>\n\t\t\t\t\t<\/div>\n\t\t\t\t<\/div>\n\t\t<div class=\"elementor-element elementor-element-b5ba500 e-flex e-con-boxed e-con e-parent\" data-id=\"b5ba500\" data-element_type=\"container\">\n\t\t\t\t\t<div class=\"e-con-inner\">\n\t\t\t\t<div class=\"elementor-element elementor-element-05e1b81 elementor-widget elementor-widget-text-editor\" data-id=\"05e1b81\" data-element_type=\"widget\" data-widget_type=\"text-editor.default\">\n\t\t\t\t<div class=\"elementor-widget-container\">\n\t\t\t\t\t\t\t\t\t<p>Vous avez besoin d\u2019aide pour apprendre \u00e0 vous servir de votre ordinateur ou de votre t\u00e9l\u00e9phone pour communiquer en ligne avec vos enfants ou vos petits-enfants en toute facilit\u00e9\u202f? Vous souhaitez cr\u00e9er un profil sur les r\u00e9seaux sociaux afin de rester en contact avec vos proches\u202fou encore comprendre comment effectuer des recherches sur internet pour rester \u00e0 l\u2019affut des nouveaut\u00e9s\u202f? Faites appel \u00e0 un professionnel de l\u2019informatique afin qu\u2019il vous donne des cours \u00e0 domicile pour apprendre toutes les bases informatiques.<\/p><p>El\u00e8ves un jour, \u00e9l\u00e8ves toujours\u202f! A la suite de cette formation qui vous sera b\u00e9n\u00e9fique tout au long de votre vie, surfer sur le web, ma\u00eetriser l\u2019impression d\u2019un document ou utiliser un logiciel sera un jeu d\u2019enfant et n\u2019aura plus de secret pour vous\u202f!<\/p>\t\t\t\t\t\t\t\t<\/div>\n\t\t\t\t<\/div>\n\t\t\t\t\t<\/div>\n\t\t\t\t<\/div>\n\t\t<div class=\"elementor-element elementor-element-5411dd8 e-flex e-con-boxed e-con e-parent\" data-id=\"5411dd8\" data-element_type=\"container\">\n\t\t\t\t\t<div class=\"e-con-inner\">\n\t\t\t\t<div class=\"elementor-element elementor-element-59f90d0 elementor-widget elementor-widget-heading\" data-id=\"59f90d0\" data-element_type=\"widget\" data-widget_type=\"heading.default\">\n\t\t\t\t<div class=\"elementor-widget-container\">\n\t\t\t\t\t<h2 class=\"elementor-heading-title elementor-size-default\">Tarifs et services \u00e0 la personne\u202fdes cours et formations d\u2019informatique \u00e0 domicile<\/h2>\t\t\t\t<\/div>\n\t\t\t\t<\/div>\n\t\t\t\t\t<\/div>\n\t\t\t\t<\/div>\n\t\t<div class=\"elementor-element elementor-element-b992235 e-flex e-con-boxed e-con e-parent\" data-id=\"b992235\" data-element_type=\"container\">\n\t\t\t\t\t<div class=\"e-con-inner\">\n\t\t\t\t<div class=\"elementor-element elementor-element-d19bf77 elementor-widget elementor-widget-text-editor\" data-id=\"d19bf77\" data-element_type=\"widget\" data-widget_type=\"text-editor.default\">\n\t\t\t\t<div class=\"elementor-widget-container\">\n\t\t\t\t\t\t\t\t\t<p>Le prix horaire moyen pour une heure de cours et de formation informatique \u00e0 domicile est compris entre 40 et 60 euros. Il est tr\u00e8s fr\u00e9quent que les informaticiens professionnels proposent des \u00ab\u202fforfaits formation\u202f\u00bb, en fonction des cas, du niveau de base et du niveau que vous souhaitez atteindre. Une \u00e9valuation pr\u00e9liminaire est r\u00e9alis\u00e9e afin de vous indiquer le temps n\u00e9cessaire et vous pr\u00e9ciser le forfait horaire ad\u00e9quat qui vous permettra d\u2019atteindre vos objectifs. Par exemple, une formation \u00e0 l\u2019utilisation d\u2019un ordinateur sous le syst\u00e8me d\u2019exploitation Windows peut n\u00e9cessiter un jour complet de formation tandis qu\u2019une initiation \u00e0 un smartphone sous Andro\u00efd ou encore iOS peut n\u00e9cessiter seulement un programme de deux heures de formation. Bien s\u00fbr, les tarifs varient en fonction de votre localisation g\u00e9ographique en France, les tarifs pratiqu\u00e9s \u00e0 Paris ne seront pas les m\u00eames que ceux pratiqu\u00e9s en province, entre autres.<\/p>\t\t\t\t\t\t\t\t<\/div>\n\t\t\t\t<\/div>\n\t\t\t\t\t<\/div>\n\t\t\t\t<\/div>\n\t\t<div class=\"elementor-element elementor-element-b894104 e-flex e-con-boxed e-con e-parent\" data-id=\"b894104\" data-element_type=\"container\">\n\t\t\t\t\t<div class=\"e-con-inner\">\n\t\t\t\t<div class=\"elementor-element elementor-element-f8b36ed elementor-widget elementor-widget-heading\" data-id=\"f8b36ed\" data-element_type=\"widget\" data-widget_type=\"heading.default\">\n\t\t\t\t<div class=\"elementor-widget-container\">\n\t\t\t\t\t<h2 class=\"elementor-heading-title elementor-size-default\">Faire une demande de devis gratuite sur le site JOBINFORMATIQUE<\/h2>\t\t\t\t<\/div>\n\t\t\t\t<\/div>\n\t\t\t\t\t<\/div>\n\t\t\t\t<\/div>\n\t\t<div class=\"elementor-element elementor-element-62e0835 e-flex e-con-boxed e-con e-parent\" data-id=\"62e0835\" data-element_type=\"container\">\n\t\t\t\t\t<div class=\"e-con-inner\">\n\t\t\t\t<div class=\"elementor-element elementor-element-fdd9132 elementor-widget elementor-widget-text-editor\" data-id=\"fdd9132\" data-element_type=\"widget\" data-widget_type=\"text-editor.default\">\n\t\t\t\t<div class=\"elementor-widget-container\">\n\t\t\t\t\t\t\t\t\t<p>Pour connaitre le tarif exact propos\u00e9 l&rsquo;informaticien professionnel, faites-nous part de vos besoins en remplissant le formulaire de demande de devis gratuitement. Plus votre demande sera compl\u00e8te, plus pr\u00e9cis sera le devis qui vous sera envoy\u00e9\u202f\u202f!<\/p><p>Saviez-vous que les cours ainsi que les formations \u00e0 domicile sont des prestations incluses dans le cadre des services \u00e0 la personne\u202f? En effet, selon l\u2019article 199 sexdecies du code g\u00e9n\u00e9ral des imp\u00f4ts, les particuliers peuvent b\u00e9n\u00e9ficier d\u2019un cr\u00e9dit d\u2019imp\u00f4t d\u2019un montant de 50% sur les prestations de formations, initiations mais \u00e9galement sur les cours informatiques \u00e0 domicile dans la limite de 3\u202f000 euros par an et par foyer fiscal de d\u00e9penses.<\/p>\t\t\t\t\t\t\t\t<\/div>\n\t\t\t\t<\/div>\n\t\t\t\t\t<\/div>\n\t\t\t\t<\/div>\n\t\t\t\t<\/div>\n\t\t","protected":false},"excerpt":{"rendered":"<p>Prise en main d&rsquo;une tablette Logiciels &#038; outils bureautiques Utilisation d&rsquo;un ordinateur Prise en main d&rsquo;un smartphones Num\u00e9risation et impression sur imprimante L\u2019informatique, au sens large, peut repr\u00e9senter un v\u00e9ritable casse-t\u00eate\u202f! Que ce soit aussi bien pour le mat\u00e9riel informatique tels que les ordinateurs, les tablettes, les smartphones nouvelle g\u00e9n\u00e9ration ou encore les p\u00e9riph\u00e9riques externes [&hellip;]<\/p>\n","protected":false},"author":1,"featured_media":0,"parent":0,"menu_order":0,"comment_status":"closed","ping_status":"closed","template":"","meta":{"footnotes":""},"class_list":["post-70","page","type-page","status-publish","hentry","entry"],"_links":{"self":[{"href":"https:\/\/www.jobinformatique.org\/index.php?rest_route=\/wp\/v2\/pages\/70","targetHints":{"allow":["GET"]}}],"collection":[{"href":"https:\/\/www.jobinformatique.org\/index.php?rest_route=\/wp\/v2\/pages"}],"about":[{"href":"https:\/\/www.jobinformatique.org\/index.php?rest_route=\/wp\/v2\/types\/page"}],"author":[{"embeddable":true,"href":"https:\/\/www.jobinformatique.org\/index.php?rest_route=\/wp\/v2\/users\/1"}],"replies":[{"embeddable":true,"href":"https:\/\/www.jobinformatique.org\/index.php?rest_route=%2Fwp%2Fv2%2Fcomments&post=70"}],"version-history":[{"count":37,"href":"https:\/\/www.jobinformatique.org\/index.php?rest_route=\/wp\/v2\/pages\/70\/revisions"}],"predecessor-version":[{"id":486,"href":"https:\/\/www.jobinformatique.org\/index.php?rest_route=\/wp\/v2\/pages\/70\/revisions\/486"}],"wp:attachment":[{"href":"https:\/\/www.jobinformatique.org\/index.php?rest_route=%2Fwp%2Fv2%2Fmedia&parent=70"}],"curies":[{"name":"wp","href":"https:\/\/api.w.org\/{rel}","templated":true}]}}